{"id":1067,"date":"2024-12-18T03:18:04","date_gmt":"2024-12-18T01:18:04","guid":{"rendered":"https:\/\/allinoneturkey.com\/?post_type=product&#038;p=1067"},"modified":"2025-03-25T15:11:51","modified_gmt":"2025-03-25T13:11:51","slug":"goreme-balon-turu-kapadokya","status":"publish","type":"product","link":"http:\/\/allinoneturkey.com\/en\/product\/goreme-balon-turu-kapadokya\/","title":{"rendered":"Goreme Balloon Ride (Cappadocia)"},"content":{"rendered":"<p>Duration 60 min.<\/p>\n<p><strong>What\u2019s Included:<\/strong><\/p>\n<ul>\n<li>Pick-up from the Hotel<\/li>\n<li>Pre-Flight light Breakfast<\/li>\n<li>Transfer to Launch Site<\/li>\n<li>Briefing about the flight by an experienced pilot<\/li>\n<li>Champagne Toast and Presentation of Golden Medals<\/li>\n<li>Return to the Hotel<\/li>\n<li>Full Insurance coverage<\/li>\n<li>No hidden costs or extra fees<\/li>\n<li>Enjoy fantastic aerial views<\/li>\n<li>Romantic experience, perfect for couples<\/li>\n<li>Qualified and professional pilot<\/li>\n<li>Free Wi-Fi onboard<\/li>\n<li>Professional service from beginning to end<\/li>\n<\/ul>\n<p>In this G\u00f6reme Balloon Ride, you will be in a balloon with a maximum of 16-20 people.<\/p>\n<p>&nbsp;<\/p>\n<p><strong>IMPORTANT NOTICE:<\/strong><\/p>\n<p>\u2022 Flights take place early in the morning, every day of the year.<\/p>\n<p>\u2022 Each flight is customized based on the day\u2019s weather conditions.<\/p>\n<p>\u2022 All passengers are fully insured with the highest policy coverage.<\/p>\n<p>\u2022 We recommend wearing long trousers, long-sleeved tops, and comfortable footwear.<\/p>\n<p>\u2022 Our pilots are PPL &amp; SPL licensed with over 1,000 hours of flight experience.<\/p>\n<p>\u2022 Children under 16 must be accompanied by a responsible adult.<\/p>\n<p>\u2022 Children under 5 are not allowed to fly.<\/p>\n<p>\u2022 We cannot accommodate pregnant guests or those who have recently undergone major surgery.<\/p>\n<h2>G\u00f6reme Balon U\u00e7u\u015f Rotas\u0131<\/h2>\n<p>The Goreme Balloon Ride (Economy Class) starts early in the morning. Our private shuttle will pick you up from your hotel or any preferred location at least 1 hour in advance. You are planning to go directly to the flight area while the balloon is being prepared. When you are ready, we plan to take off for a spectacular one-hour flight near the Fairy Chimneys and its surroundings.<\/p>\n<p>When the moment of takeoff arrives, the balloon ride begins in full swing. Hot air balloons start to ascend slowly, revealing the magnificent landscapes of the Goreme region. The light and shadow play created by the sunrise on the fairy chimneys and tuff rocks create a surreal atmosphere. During the balloon ride, you have the opportunity to witness the unique natural formations of Goreme from a bird\u2019s-eye view. Valleys, rock formations, settlements, lush vineyards, and fields stretch out amidst the scenery. Inside your floating balloon in the sky, you get captivated by the magic of Cappadocia and enjoy the beauty of these unique landscapes.<\/p>","protected":false},"excerpt":{"rendered":"<p>Ask Price &amp; Availability on Whatsapp<\/p>","protected":false},"featured_media":1068,"comment_status":"open","ping_status":"closed","template":"","meta":{"_joinchat":[]},"product_brand":[],"product_cat":[20],"product_tag":[],"mwb_booking_cost":[],"mwb_booking_service":[],"class_list":{"0":"post-1067","1":"product","2":"type-product","3":"status-publish","4":"has-post-thumbnail","6":"product_cat-tours","7":"one-fourth","9":"first","10":"instock","11":"featured","12":"virtual","13":"taxable","14":"product-type-simple"},"yoast_head":"<!-- This site is optimized with the Yoast SEO plugin v26.6 - https:\/\/yoast.com\/wordpress\/plugins\/seo\/ -->\n<title>G\u00f6reme Balon Turu (Kapadokya) - All In One Turkey<\/title>\n<meta name=\"description\" content=\"G\u00f6reme Balon Turu ile Kapadokya&#039;n\u0131n e\u015fsiz peri bacalar\u0131 ve vadileri \u00fczerinde s\u0131cak hava balonuyla s\u00fcz\u00fcl\u00fcn. G\u00fcn do\u011fumunun b\u00fcy\u00fcleyici manzaras\u0131na \u015fahit olun.\" \/>\n<meta name=\"robots\" content=\"index, follow, max-snippet:-1, max-image-preview:large, max-video-preview:-1\" \/>\n<link rel=\"canonical\" href=\"https:\/\/allinoneturkey.com\/en\/product\/goreme-balon-turu-kapadokya\/\" \/>\n<meta property=\"og:locale\" content=\"en_GB\" \/>\n<meta property=\"og:type\" content=\"article\" \/>\n<meta property=\"og:title\" content=\"G\u00f6reme Balon Turu (Kapadokya) - All In One Turkey\" \/>\n<meta property=\"og:description\" content=\"G\u00f6reme Balon Turu ile Kapadokya&#039;n\u0131n e\u015fsiz peri bacalar\u0131 ve vadileri \u00fczerinde s\u0131cak hava balonuyla s\u00fcz\u00fcl\u00fcn. G\u00fcn do\u011fumunun b\u00fcy\u00fcleyici manzaras\u0131na \u015fahit olun.\" \/>\n<meta property=\"og:url\" content=\"https:\/\/allinoneturkey.com\/en\/product\/goreme-balon-turu-kapadokya\/\" \/>\n<meta property=\"og:site_name\" content=\"All In One Turkey\" \/>\n<meta property=\"article:modified_time\" content=\"2025-03-25T13:11:51+00:00\" \/>\n<meta property=\"og:image\" content=\"https:\/\/allinoneturkey.com\/wp-content\/uploads\/2024\/12\/balon1-1400x1000.jpg\" \/>\n\t<meta property=\"og:image:width\" content=\"1400\" \/>\n\t<meta property=\"og:image:height\" content=\"1000\" \/>\n\t<meta property=\"og:image:type\" content=\"image\/jpeg\" \/>\n<meta name=\"twitter:card\" content=\"summary_large_image\" \/>\n<meta name=\"twitter:label1\" content=\"Estimated reading time\" \/>\n\t<meta name=\"twitter:data1\" content=\"2 minutes\" \/>\n<script type=\"application\/ld+json\" class=\"yoast-schema-graph\">{\"@context\":\"https:\/\/schema.org\",\"@graph\":[{\"@type\":\"WebPage\",\"@id\":\"https:\/\/allinoneturkey.com\/urun\/goreme-balon-turu-kapadokya\/\",\"url\":\"https:\/\/allinoneturkey.com\/urun\/goreme-balon-turu-kapadokya\/\",\"name\":\"G\u00f6reme Balon Turu (Kapadokya) - All In One Turkey\",\"isPartOf\":{\"@id\":\"https:\/\/allinoneturkey.com\/#website\"},\"primaryImageOfPage\":{\"@id\":\"https:\/\/allinoneturkey.com\/urun\/goreme-balon-turu-kapadokya\/#primaryimage\"},\"image\":{\"@id\":\"https:\/\/allinoneturkey.com\/urun\/goreme-balon-turu-kapadokya\/#primaryimage\"},\"thumbnailUrl\":\"https:\/\/allinoneturkey.com\/wp-content\/uploads\/2024\/12\/balon1.jpg\",\"datePublished\":\"2024-12-18T01:18:04+00:00\",\"dateModified\":\"2025-03-25T13:11:51+00:00\",\"description\":\"G\u00f6reme Balon Turu ile Kapadokya'n\u0131n e\u015fsiz peri bacalar\u0131 ve vadileri \u00fczerinde s\u0131cak hava balonuyla s\u00fcz\u00fcl\u00fcn. G\u00fcn do\u011fumunun b\u00fcy\u00fcleyici manzaras\u0131na \u015fahit olun.\",\"breadcrumb\":{\"@id\":\"https:\/\/allinoneturkey.com\/urun\/goreme-balon-turu-kapadokya\/#breadcrumb\"},\"inLanguage\":\"en-GB\",\"potentialAction\":[{\"@type\":\"ReadAction\",\"target\":[\"https:\/\/allinoneturkey.com\/urun\/goreme-balon-turu-kapadokya\/\"]}]},{\"@type\":\"ImageObject\",\"inLanguage\":\"en-GB\",\"@id\":\"https:\/\/allinoneturkey.com\/urun\/goreme-balon-turu-kapadokya\/#primaryimage\",\"url\":\"https:\/\/allinoneturkey.com\/wp-content\/uploads\/2024\/12\/balon1.jpg\",\"contentUrl\":\"https:\/\/allinoneturkey.com\/wp-content\/uploads\/2024\/12\/balon1.jpg\",\"width\":1920,\"height\":1400},{\"@type\":\"BreadcrumbList\",\"@id\":\"https:\/\/allinoneturkey.com\/urun\/goreme-balon-turu-kapadokya\/#breadcrumb\",\"itemListElement\":[{\"@type\":\"ListItem\",\"position\":1,\"name\":\"Anasayfa\",\"item\":\"https:\/\/allinoneturkey.com\/\"},{\"@type\":\"ListItem\",\"position\":2,\"name\":\"Ma\u011faza\",\"item\":\"https:\/\/allinoneturkey.com\/magaza\/\"},{\"@type\":\"ListItem\",\"position\":3,\"name\":\"G\u00f6reme Balon Turu (Kapadokya)\"}]},{\"@type\":\"WebSite\",\"@id\":\"https:\/\/allinoneturkey.com\/#website\",\"url\":\"https:\/\/allinoneturkey.com\/\",\"name\":\"All In One Turkey\",\"description\":\"Everything For Travel\",\"publisher\":{\"@id\":\"https:\/\/allinoneturkey.com\/#organization\"},\"potentialAction\":[{\"@type\":\"SearchAction\",\"target\":{\"@type\":\"EntryPoint\",\"urlTemplate\":\"https:\/\/allinoneturkey.com\/?s={search_term_string}\"},\"query-input\":{\"@type\":\"PropertyValueSpecification\",\"valueRequired\":true,\"valueName\":\"search_term_string\"}}],\"inLanguage\":\"en-GB\"},{\"@type\":\"Organization\",\"@id\":\"https:\/\/allinoneturkey.com\/#organization\",\"name\":\"All In One Turkey\",\"url\":\"https:\/\/allinoneturkey.com\/\",\"logo\":{\"@type\":\"ImageObject\",\"inLanguage\":\"en-GB\",\"@id\":\"https:\/\/allinoneturkey.com\/#\/schema\/logo\/image\/\",\"url\":\"https:\/\/allinoneturkey.com\/wp-content\/uploads\/2023\/11\/cropped-buyuklogo.png\",\"contentUrl\":\"https:\/\/allinoneturkey.com\/wp-content\/uploads\/2023\/11\/cropped-buyuklogo.png\",\"width\":630,\"height\":165,\"caption\":\"All In One Turkey\"},\"image\":{\"@id\":\"https:\/\/allinoneturkey.com\/#\/schema\/logo\/image\/\"}}]}<\/script>\n<!-- \/ Yoast SEO plugin. -->","yoast_head_json":{"title":"G\u00f6reme Balon Turu (Kapadokya) - All In One Turkey","description":"G\u00f6reme Balon Turu ile Kapadokya'n\u0131n e\u015fsiz peri bacalar\u0131 ve vadileri \u00fczerinde s\u0131cak hava balonuyla s\u00fcz\u00fcl\u00fcn. G\u00fcn do\u011fumunun b\u00fcy\u00fcleyici manzaras\u0131na \u015fahit olun.","robots":{"index":"index","follow":"follow","max-snippet":"max-snippet:-1","max-image-preview":"max-image-preview:large","max-video-preview":"max-video-preview:-1"},"canonical":"https:\/\/allinoneturkey.com\/en\/product\/goreme-balon-turu-kapadokya\/","og_locale":"en_GB","og_type":"article","og_title":"G\u00f6reme Balon Turu (Kapadokya) - All In One Turkey","og_description":"G\u00f6reme Balon Turu ile Kapadokya'n\u0131n e\u015fsiz peri bacalar\u0131 ve vadileri \u00fczerinde s\u0131cak hava balonuyla s\u00fcz\u00fcl\u00fcn. G\u00fcn do\u011fumunun b\u00fcy\u00fcleyici manzaras\u0131na \u015fahit olun.","og_url":"https:\/\/allinoneturkey.com\/en\/product\/goreme-balon-turu-kapadokya\/","og_site_name":"All In One Turkey","article_modified_time":"2025-03-25T13:11:51+00:00","og_image":[{"width":1400,"height":1000,"url":"https:\/\/allinoneturkey.com\/wp-content\/uploads\/2024\/12\/balon1-1400x1000.jpg","type":"image\/jpeg"}],"twitter_card":"summary_large_image","twitter_misc":{"Estimated reading time":"2 minutes"},"schema":{"@context":"https:\/\/schema.org","@graph":[{"@type":"WebPage","@id":"https:\/\/allinoneturkey.com\/urun\/goreme-balon-turu-kapadokya\/","url":"https:\/\/allinoneturkey.com\/urun\/goreme-balon-turu-kapadokya\/","name":"G\u00f6reme Balon Turu (Kapadokya) - All In One Turkey","isPartOf":{"@id":"https:\/\/allinoneturkey.com\/#website"},"primaryImageOfPage":{"@id":"https:\/\/allinoneturkey.com\/urun\/goreme-balon-turu-kapadokya\/#primaryimage"},"image":{"@id":"https:\/\/allinoneturkey.com\/urun\/goreme-balon-turu-kapadokya\/#primaryimage"},"thumbnailUrl":"https:\/\/allinoneturkey.com\/wp-content\/uploads\/2024\/12\/balon1.jpg","datePublished":"2024-12-18T01:18:04+00:00","dateModified":"2025-03-25T13:11:51+00:00","description":"G\u00f6reme Balon Turu ile Kapadokya'n\u0131n e\u015fsiz peri bacalar\u0131 ve vadileri \u00fczerinde s\u0131cak hava balonuyla s\u00fcz\u00fcl\u00fcn. G\u00fcn do\u011fumunun b\u00fcy\u00fcleyici manzaras\u0131na \u015fahit olun.","breadcrumb":{"@id":"https:\/\/allinoneturkey.com\/urun\/goreme-balon-turu-kapadokya\/#breadcrumb"},"inLanguage":"en-GB","potentialAction":[{"@type":"ReadAction","target":["https:\/\/allinoneturkey.com\/urun\/goreme-balon-turu-kapadokya\/"]}]},{"@type":"ImageObject","inLanguage":"en-GB","@id":"https:\/\/allinoneturkey.com\/urun\/goreme-balon-turu-kapadokya\/#primaryimage","url":"https:\/\/allinoneturkey.com\/wp-content\/uploads\/2024\/12\/balon1.jpg","contentUrl":"https:\/\/allinoneturkey.com\/wp-content\/uploads\/2024\/12\/balon1.jpg","width":1920,"height":1400},{"@type":"BreadcrumbList","@id":"https:\/\/allinoneturkey.com\/urun\/goreme-balon-turu-kapadokya\/#breadcrumb","itemListElement":[{"@type":"ListItem","position":1,"name":"Anasayfa","item":"https:\/\/allinoneturkey.com\/"},{"@type":"ListItem","position":2,"name":"Ma\u011faza","item":"https:\/\/allinoneturkey.com\/magaza\/"},{"@type":"ListItem","position":3,"name":"G\u00f6reme Balon Turu (Kapadokya)"}]},{"@type":"WebSite","@id":"https:\/\/allinoneturkey.com\/#website","url":"https:\/\/allinoneturkey.com\/","name":"All In One Turkey","description":"Everything For Travel","publisher":{"@id":"https:\/\/allinoneturkey.com\/#organization"},"potentialAction":[{"@type":"SearchAction","target":{"@type":"EntryPoint","urlTemplate":"https:\/\/allinoneturkey.com\/?s={search_term_string}"},"query-input":{"@type":"PropertyValueSpecification","valueRequired":true,"valueName":"search_term_string"}}],"inLanguage":"en-GB"},{"@type":"Organization","@id":"https:\/\/allinoneturkey.com\/#organization","name":"All In One Turkey","url":"https:\/\/allinoneturkey.com\/","logo":{"@type":"ImageObject","inLanguage":"en-GB","@id":"https:\/\/allinoneturkey.com\/#\/schema\/logo\/image\/","url":"https:\/\/allinoneturkey.com\/wp-content\/uploads\/2023\/11\/cropped-buyuklogo.png","contentUrl":"https:\/\/allinoneturkey.com\/wp-content\/uploads\/2023\/11\/cropped-buyuklogo.png","width":630,"height":165,"caption":"All In One Turkey"},"image":{"@id":"https:\/\/allinoneturkey.com\/#\/schema\/logo\/image\/"}}]}},"_links":{"self":[{"href":"http:\/\/allinoneturkey.com\/en\/wp-json\/wp\/v2\/product\/1067","targetHints":{"allow":["GET"]}}],"collection":[{"href":"http:\/\/allinoneturkey.com\/en\/wp-json\/wp\/v2\/product"}],"about":[{"href":"http:\/\/allinoneturkey.com\/en\/wp-json\/wp\/v2\/types\/product"}],"replies":[{"embeddable":true,"href":"http:\/\/allinoneturkey.com\/en\/wp-json\/wp\/v2\/comments?post=1067"}],"version-history":[{"count":7,"href":"http:\/\/allinoneturkey.com\/en\/wp-json\/wp\/v2\/product\/1067\/revisions"}],"predecessor-version":[{"id":2735,"href":"http:\/\/allinoneturkey.com\/en\/wp-json\/wp\/v2\/product\/1067\/revisions\/2735"}],"wp:featuredmedia":[{"embeddable":true,"href":"http:\/\/allinoneturkey.com\/en\/wp-json\/wp\/v2\/media\/1068"}],"wp:attachment":[{"href":"http:\/\/allinoneturkey.com\/en\/wp-json\/wp\/v2\/media?parent=1067"}],"wp:term":[{"taxonomy":"product_brand","embeddable":true,"href":"http:\/\/allinoneturkey.com\/en\/wp-json\/wp\/v2\/product_brand?post=1067"},{"taxonomy":"product_cat","embeddable":true,"href":"http:\/\/allinoneturkey.com\/en\/wp-json\/wp\/v2\/product_cat?post=1067"},{"taxonomy":"product_tag","embeddable":true,"href":"http:\/\/allinoneturkey.com\/en\/wp-json\/wp\/v2\/product_tag?post=1067"},{"taxonomy":"mwb_booking_cost","embeddable":true,"href":"http:\/\/allinoneturkey.com\/en\/wp-json\/wp\/v2\/mwb_booking_cost?post=1067"},{"taxonomy":"mwb_booking_service","embeddable":true,"href":"http:\/\/allinoneturkey.com\/en\/wp-json\/wp\/v2\/mwb_booking_service?post=1067"}],"curies":[{"name":"wp","href":"https:\/\/api.w.org\/{rel}","templated":true}]}}