{"id":1080,"date":"2024-12-18T03:48:09","date_gmt":"2024-12-18T01:48:09","guid":{"rendered":"https:\/\/allinoneturkey.com\/?post_type=product&#038;p=1080"},"modified":"2025-03-26T02:47:20","modified_gmt":"2025-03-26T00:47:20","slug":"erciyes-kayak-turu-2","status":"publish","type":"product","link":"http:\/\/allinoneturkey.com\/en\/product\/erciyes-kayak-turu-2\/","title":{"rendered":"Mount Erciyes Ski Tour From Cappadocia (Diamond Package)"},"content":{"rendered":"<h1>Mount Erciyes Ski Tour From Cappadocia (Diamond Package)<\/h1>\n<h2>Ba\u015flang\u0131\u00e7: 10:00<\/h2>\n<h2>Biti\u015f: 16:00<\/h2>\n<p>Join Golden Package, one of the best activities to do in winter in Cappadocia. You can choose Erciyes Ski Tour Golden Package to spend a very fun and adventurous day with your family or friends. We will transfer you from your hotel in Cappadocia to Erciyes, after you enjoy the ski tour in Erciyes, we will transfer you back to your hotel in Cappadocia in the evening.<\/p>\n<p>Erciyes is one of the famous ski resorts in the world and in Turkey. Skiers come to Erciyes from many countries of the world to ski. That\u2019s why this tour is one of the most fun activities to do in Cappadocia in winter.<\/p>\n<p><strong>What\u2019s Included?<\/strong><\/p>\n<ul>\n<li>\u00a0Includes hotel pick-up and drop-off.<\/li>\n<li>\u00a0Meal options such as Toast, Hamburger, Sausage Sandwich, Chicken Skewer, or Mant\u0131 (Turkish Ravioli).<\/li>\n<li>\u00a0Unlimited hot beverages and one cold drink.<\/li>\n<li>\u00a0Access to 10 moving walkways with a Ski Pass.<\/li>\n<li>\u00a01-hour sledding fun during the free activity time.<\/li>\n<li>\u00a0In-vehicle refreshments.<\/li>\n<li>All features of the Golden Package, plus:<\/li>\n<li>Ski clothing: Ski Jacket, Ski Pants, and Ski Gloves.<\/li>\n<li>Technical equipment: Skis or Snowboard, Helmet, and Goggles.<\/li>\n<li>A guide or instructor tailored to your skill level.<\/li>\n<li>A 1-hour basic training lesson for beginners.<\/li>\n<\/ul>\n<p><strong>Not included in the price:<\/strong><\/p>\n<ul>\n<li>Personal expenses<\/li>\n<\/ul>","protected":false},"excerpt":{"rendered":"<p>Per Person Price | Prices may vary by date<\/p>","protected":false},"featured_media":1081,"comment_status":"open","ping_status":"closed","template":"","meta":{"_joinchat":[]},"product_brand":[],"product_cat":[164,20],"product_tag":[],"mwb_booking_cost":[],"mwb_booking_service":[],"class_list":{"0":"post-1080","1":"product","2":"type-product","3":"status-publish","4":"has-post-thumbnail","6":"product_cat-booking","7":"product_cat-tours","8":"one-fourth","10":"first","11":"instock","12":"featured","13":"virtual","14":"taxable","15":"purchasable","16":"product-type-mwb_booking"},"yoast_head":"<!-- This site is optimized with the Yoast SEO plugin v26.6 - https:\/\/yoast.com\/wordpress\/plugins\/seo\/ -->\n<title>Erciyes Kayak Turu (Diamond Paket) - All In One Turkey<\/title>\n<meta name=\"description\" content=\"Erciyes Kayak Turu&#039;na kat\u0131l\u0131n. Aileniz veya arkada\u015flar\u0131n\u0131zla \u00e7ok e\u011flenceli ve macera dolu bir g\u00fcn ge\u00e7irmek i\u00e7in Erciyes Kayak Turu tercih edebilirsiniz.\" \/>\n<meta name=\"robots\" content=\"index, follow, max-snippet:-1, max-image-preview:large, max-video-preview:-1\" \/>\n<link rel=\"canonical\" href=\"https:\/\/allinoneturkey.com\/en\/product\/erciyes-kayak-turu-2\/\" \/>\n<meta property=\"og:locale\" content=\"en_GB\" \/>\n<meta property=\"og:type\" content=\"article\" \/>\n<meta property=\"og:title\" content=\"Erciyes Kayak Turu (Diamond Paket) - All In One Turkey\" \/>\n<meta property=\"og:description\" content=\"Erciyes Kayak Turu&#039;na kat\u0131l\u0131n. Aileniz veya arkada\u015flar\u0131n\u0131zla \u00e7ok e\u011flenceli ve macera dolu bir g\u00fcn ge\u00e7irmek i\u00e7in Erciyes Kayak Turu tercih edebilirsiniz.\" \/>\n<meta property=\"og:url\" content=\"https:\/\/allinoneturkey.com\/en\/product\/erciyes-kayak-turu-2\/\" \/>\n<meta property=\"og:site_name\" content=\"All In One Turkey\" \/>\n<meta property=\"article:modified_time\" content=\"2025-03-26T00:47:20+00:00\" \/>\n<meta property=\"og:image\" content=\"https:\/\/allinoneturkey.com\/wp-content\/uploads\/2024\/12\/ski5.jpg\" \/>\n\t<meta property=\"og:image:width\" content=\"1920\" \/>\n\t<meta property=\"og:image:height\" content=\"1400\" \/>\n\t<meta property=\"og:image:type\" content=\"image\/jpeg\" \/>\n<meta name=\"twitter:card\" content=\"summary_large_image\" \/>\n<meta name=\"twitter:label1\" content=\"Estimated reading time\" \/>\n\t<meta name=\"twitter:data1\" content=\"2 minutes\" \/>\n<script type=\"application\/ld+json\" class=\"yoast-schema-graph\">{\"@context\":\"https:\/\/schema.org\",\"@graph\":[{\"@type\":\"WebPage\",\"@id\":\"https:\/\/allinoneturkey.com\/urun\/erciyes-kayak-turu-2\/\",\"url\":\"https:\/\/allinoneturkey.com\/urun\/erciyes-kayak-turu-2\/\",\"name\":\"Erciyes Kayak Turu (Diamond Paket) - All In One Turkey\",\"isPartOf\":{\"@id\":\"https:\/\/allinoneturkey.com\/#website\"},\"primaryImageOfPage\":{\"@id\":\"https:\/\/allinoneturkey.com\/urun\/erciyes-kayak-turu-2\/#primaryimage\"},\"image\":{\"@id\":\"https:\/\/allinoneturkey.com\/urun\/erciyes-kayak-turu-2\/#primaryimage\"},\"thumbnailUrl\":\"https:\/\/allinoneturkey.com\/wp-content\/uploads\/2024\/12\/ski5.jpg\",\"datePublished\":\"2024-12-18T01:48:09+00:00\",\"dateModified\":\"2025-03-26T00:47:20+00:00\",\"description\":\"Erciyes Kayak Turu'na kat\u0131l\u0131n. Aileniz veya arkada\u015flar\u0131n\u0131zla \u00e7ok e\u011flenceli ve macera dolu bir g\u00fcn ge\u00e7irmek i\u00e7in Erciyes Kayak Turu tercih edebilirsiniz.\",\"breadcrumb\":{\"@id\":\"https:\/\/allinoneturkey.com\/urun\/erciyes-kayak-turu-2\/#breadcrumb\"},\"inLanguage\":\"en-GB\",\"potentialAction\":[{\"@type\":\"ReadAction\",\"target\":[\"https:\/\/allinoneturkey.com\/urun\/erciyes-kayak-turu-2\/\"]}]},{\"@type\":\"ImageObject\",\"inLanguage\":\"en-GB\",\"@id\":\"https:\/\/allinoneturkey.com\/urun\/erciyes-kayak-turu-2\/#primaryimage\",\"url\":\"https:\/\/allinoneturkey.com\/wp-content\/uploads\/2024\/12\/ski5.jpg\",\"contentUrl\":\"https:\/\/allinoneturkey.com\/wp-content\/uploads\/2024\/12\/ski5.jpg\",\"width\":1920,\"height\":1400},{\"@type\":\"BreadcrumbList\",\"@id\":\"https:\/\/allinoneturkey.com\/urun\/erciyes-kayak-turu-2\/#breadcrumb\",\"itemListElement\":[{\"@type\":\"ListItem\",\"position\":1,\"name\":\"Anasayfa\",\"item\":\"https:\/\/allinoneturkey.com\/\"},{\"@type\":\"ListItem\",\"position\":2,\"name\":\"Ma\u011faza\",\"item\":\"https:\/\/allinoneturkey.com\/magaza\/\"},{\"@type\":\"ListItem\",\"position\":3,\"name\":\"Erciyes Kayak Turu (Diamond Paket)\"}]},{\"@type\":\"WebSite\",\"@id\":\"https:\/\/allinoneturkey.com\/#website\",\"url\":\"https:\/\/allinoneturkey.com\/\",\"name\":\"All In One Turkey\",\"description\":\"Everything For Travel\",\"publisher\":{\"@id\":\"https:\/\/allinoneturkey.com\/#organization\"},\"potentialAction\":[{\"@type\":\"SearchAction\",\"target\":{\"@type\":\"EntryPoint\",\"urlTemplate\":\"https:\/\/allinoneturkey.com\/?s={search_term_string}\"},\"query-input\":{\"@type\":\"PropertyValueSpecification\",\"valueRequired\":true,\"valueName\":\"search_term_string\"}}],\"inLanguage\":\"en-GB\"},{\"@type\":\"Organization\",\"@id\":\"https:\/\/allinoneturkey.com\/#organization\",\"name\":\"All In One Turkey\",\"url\":\"https:\/\/allinoneturkey.com\/\",\"logo\":{\"@type\":\"ImageObject\",\"inLanguage\":\"en-GB\",\"@id\":\"https:\/\/allinoneturkey.com\/#\/schema\/logo\/image\/\",\"url\":\"https:\/\/allinoneturkey.com\/wp-content\/uploads\/2023\/11\/cropped-buyuklogo.png\",\"contentUrl\":\"https:\/\/allinoneturkey.com\/wp-content\/uploads\/2023\/11\/cropped-buyuklogo.png\",\"width\":630,\"height\":165,\"caption\":\"All In One Turkey\"},\"image\":{\"@id\":\"https:\/\/allinoneturkey.com\/#\/schema\/logo\/image\/\"}}]}<\/script>\n<!-- \/ Yoast SEO plugin. -->","yoast_head_json":{"title":"Erciyes Kayak Turu (Diamond Paket) - All In One Turkey","description":"Erciyes Kayak Turu'na kat\u0131l\u0131n. Aileniz veya arkada\u015flar\u0131n\u0131zla \u00e7ok e\u011flenceli ve macera dolu bir g\u00fcn ge\u00e7irmek i\u00e7in Erciyes Kayak Turu tercih edebilirsiniz.","robots":{"index":"index","follow":"follow","max-snippet":"max-snippet:-1","max-image-preview":"max-image-preview:large","max-video-preview":"max-video-preview:-1"},"canonical":"https:\/\/allinoneturkey.com\/en\/product\/erciyes-kayak-turu-2\/","og_locale":"en_GB","og_type":"article","og_title":"Erciyes Kayak Turu (Diamond Paket) - All In One Turkey","og_description":"Erciyes Kayak Turu'na kat\u0131l\u0131n. Aileniz veya arkada\u015flar\u0131n\u0131zla \u00e7ok e\u011flenceli ve macera dolu bir g\u00fcn ge\u00e7irmek i\u00e7in Erciyes Kayak Turu tercih edebilirsiniz.","og_url":"https:\/\/allinoneturkey.com\/en\/product\/erciyes-kayak-turu-2\/","og_site_name":"All In One Turkey","article_modified_time":"2025-03-26T00:47:20+00:00","og_image":[{"width":1920,"height":1400,"url":"https:\/\/allinoneturkey.com\/wp-content\/uploads\/2024\/12\/ski5.jpg","type":"image\/jpeg"}],"twitter_card":"summary_large_image","twitter_misc":{"Estimated reading time":"2 minutes"},"schema":{"@context":"https:\/\/schema.org","@graph":[{"@type":"WebPage","@id":"https:\/\/allinoneturkey.com\/urun\/erciyes-kayak-turu-2\/","url":"https:\/\/allinoneturkey.com\/urun\/erciyes-kayak-turu-2\/","name":"Erciyes Kayak Turu (Diamond Paket) - All In One Turkey","isPartOf":{"@id":"https:\/\/allinoneturkey.com\/#website"},"primaryImageOfPage":{"@id":"https:\/\/allinoneturkey.com\/urun\/erciyes-kayak-turu-2\/#primaryimage"},"image":{"@id":"https:\/\/allinoneturkey.com\/urun\/erciyes-kayak-turu-2\/#primaryimage"},"thumbnailUrl":"https:\/\/allinoneturkey.com\/wp-content\/uploads\/2024\/12\/ski5.jpg","datePublished":"2024-12-18T01:48:09+00:00","dateModified":"2025-03-26T00:47:20+00:00","description":"Erciyes Kayak Turu'na kat\u0131l\u0131n. Aileniz veya arkada\u015flar\u0131n\u0131zla \u00e7ok e\u011flenceli ve macera dolu bir g\u00fcn ge\u00e7irmek i\u00e7in Erciyes Kayak Turu tercih edebilirsiniz.","breadcrumb":{"@id":"https:\/\/allinoneturkey.com\/urun\/erciyes-kayak-turu-2\/#breadcrumb"},"inLanguage":"en-GB","potentialAction":[{"@type":"ReadAction","target":["https:\/\/allinoneturkey.com\/urun\/erciyes-kayak-turu-2\/"]}]},{"@type":"ImageObject","inLanguage":"en-GB","@id":"https:\/\/allinoneturkey.com\/urun\/erciyes-kayak-turu-2\/#primaryimage","url":"https:\/\/allinoneturkey.com\/wp-content\/uploads\/2024\/12\/ski5.jpg","contentUrl":"https:\/\/allinoneturkey.com\/wp-content\/uploads\/2024\/12\/ski5.jpg","width":1920,"height":1400},{"@type":"BreadcrumbList","@id":"https:\/\/allinoneturkey.com\/urun\/erciyes-kayak-turu-2\/#breadcrumb","itemListElement":[{"@type":"ListItem","position":1,"name":"Anasayfa","item":"https:\/\/allinoneturkey.com\/"},{"@type":"ListItem","position":2,"name":"Ma\u011faza","item":"https:\/\/allinoneturkey.com\/magaza\/"},{"@type":"ListItem","position":3,"name":"Erciyes Kayak Turu (Diamond Paket)"}]},{"@type":"WebSite","@id":"https:\/\/allinoneturkey.com\/#website","url":"https:\/\/allinoneturkey.com\/","name":"All In One Turkey","description":"Everything For Travel","publisher":{"@id":"https:\/\/allinoneturkey.com\/#organization"},"potentialAction":[{"@type":"SearchAction","target":{"@type":"EntryPoint","urlTemplate":"https:\/\/allinoneturkey.com\/?s={search_term_string}"},"query-input":{"@type":"PropertyValueSpecification","valueRequired":true,"valueName":"search_term_string"}}],"inLanguage":"en-GB"},{"@type":"Organization","@id":"https:\/\/allinoneturkey.com\/#organization","name":"All In One Turkey","url":"https:\/\/allinoneturkey.com\/","logo":{"@type":"ImageObject","inLanguage":"en-GB","@id":"https:\/\/allinoneturkey.com\/#\/schema\/logo\/image\/","url":"https:\/\/allinoneturkey.com\/wp-content\/uploads\/2023\/11\/cropped-buyuklogo.png","contentUrl":"https:\/\/allinoneturkey.com\/wp-content\/uploads\/2023\/11\/cropped-buyuklogo.png","width":630,"height":165,"caption":"All In One Turkey"},"image":{"@id":"https:\/\/allinoneturkey.com\/#\/schema\/logo\/image\/"}}]}},"_links":{"self":[{"href":"http:\/\/allinoneturkey.com\/en\/wp-json\/wp\/v2\/product\/1080","targetHints":{"allow":["GET"]}}],"collection":[{"href":"http:\/\/allinoneturkey.com\/en\/wp-json\/wp\/v2\/product"}],"about":[{"href":"http:\/\/allinoneturkey.com\/en\/wp-json\/wp\/v2\/types\/product"}],"replies":[{"embeddable":true,"href":"http:\/\/allinoneturkey.com\/en\/wp-json\/wp\/v2\/comments?post=1080"}],"version-history":[{"count":3,"href":"http:\/\/allinoneturkey.com\/en\/wp-json\/wp\/v2\/product\/1080\/revisions"}],"predecessor-version":[{"id":2740,"href":"http:\/\/allinoneturkey.com\/en\/wp-json\/wp\/v2\/product\/1080\/revisions\/2740"}],"wp:featuredmedia":[{"embeddable":true,"href":"http:\/\/allinoneturkey.com\/en\/wp-json\/wp\/v2\/media\/1081"}],"wp:attachment":[{"href":"http:\/\/allinoneturkey.com\/en\/wp-json\/wp\/v2\/media?parent=1080"}],"wp:term":[{"taxonomy":"product_brand","embeddable":true,"href":"http:\/\/allinoneturkey.com\/en\/wp-json\/wp\/v2\/product_brand?post=1080"},{"taxonomy":"product_cat","embeddable":true,"href":"http:\/\/allinoneturkey.com\/en\/wp-json\/wp\/v2\/product_cat?post=1080"},{"taxonomy":"product_tag","embeddable":true,"href":"http:\/\/allinoneturkey.com\/en\/wp-json\/wp\/v2\/product_tag?post=1080"},{"taxonomy":"mwb_booking_cost","embeddable":true,"href":"http:\/\/allinoneturkey.com\/en\/wp-json\/wp\/v2\/mwb_booking_cost?post=1080"},{"taxonomy":"mwb_booking_service","embeddable":true,"href":"http:\/\/allinoneturkey.com\/en\/wp-json\/wp\/v2\/mwb_booking_service?post=1080"}],"curies":[{"name":"wp","href":"https:\/\/api.w.org\/{rel}","templated":true}]}}