{"id":1083,"date":"2024-12-18T04:04:35","date_gmt":"2024-12-18T02:04:35","guid":{"rendered":"https:\/\/allinoneturkey.com\/?post_type=product&#038;p=1083"},"modified":"2025-03-26T16:39:43","modified_gmt":"2025-03-26T14:39:43","slug":"kirmizi-tur-kapadokya","status":"publish","type":"product","link":"http:\/\/allinoneturkey.com\/en\/product\/kirmizi-tur-kapadokya\/","title":{"rendered":"Red Tour (Cappadocia)"},"content":{"rendered":"<h1><span style=\"font-size: 16px;\">Join the Red Tour<\/span><\/h1>\n<p>Would you like to discover the unique beauty of Cappadocia with Red Tour Cappadocia? Beautiful and historical places that host different and fascinating textures are waiting for you within the scope of the tour. Let's take a look at our Cappadocia Red Tour program in Cappadocia.<\/p>\n<p><strong>Duration: 09:30 \u2013 04:00<\/strong><\/p>\n<ul>\n<li>Uchisar Castle<\/li>\n<li>Zelve Open-Air Museum<\/li>\n<li>Avanos<\/li>\n<li>Lunch<\/li>\n<li>Pasabag (Monks Valley)<\/li>\n<li>Devrent (Imagination) Valley<\/li>\n<li>Avanos Demonstration<\/li>\n<li>Back to hotel<\/li>\n<\/ul>\n<h3><strong>Red Tour Program<\/strong><\/h3>\n<p>In addition to the fact that tour have become very popular today, the Red Tour Cappadocia trip has an important place among them. Cappadocia is a location that hosts many tourists with\u00a0Red Tour Cappadocia\u00a0and you want to visit all kinds of people. If you have to see these observations, it is our most natural use to collect wonderful memories and want them to be permanent. Red Tour Cappadocia is the best choice for those looking for a different experience.<\/p>\n<h3><strong>About Red Tour Cappadocia<\/strong><\/h3>\n<p><strong>What\u2019s Included?<\/strong><\/p>\n<ul>\n<li>Hotel Transfers<\/li>\n<li>Professional tour guide<\/li>\n<li>Lunch<\/li>\n<li>Museum Entrance Fee<\/li>\n<\/ul>\n<p>Red Tour Cappadocia is a tour option created for you to discover extraordinary places you have seen before. If you find it difficult to choose between\u00a0Red Tour Cappadocia\u00a0and you are looking for a different experience, Red Tour Cappadocia is for you. The tour starts at 9:30 and you will be picked up from your hotel before going on the Red Tour Cappadocia trip. A tour guide will provide you with cleaning so that you can have information about the places you will visit as part of the tour.<\/p>\n<h3>Cappadocia Red Tour Route<\/h3>\n<p><strong>Uchisar Castle:<\/strong> Cappadocia Red Tour program in Uchisar Castle, located 5 km from the center of Cappadocia, is the largest and most beautiful point of the castle with its fairy chimneys. The top of the castle is the only place where you can see Cappadocia from a bird's-eye view. The whole of Cappadocia is beneath your feet. Uchisar Castle is approximately 4.9 km away from Goreme. The best time to visit is when there is a breathtaking sunset view.<\/p>\n<p><strong>Zelve Museum:<\/strong> Zelve Open-Air Museum is known as the longest continuously inhabited settlement in the Cappadocia region. It is also the oldest settlement in the region. It is located about 2 km east of the Goreme district. It is considered the most important museum in Cappadocia. Christianity first began to spread here. There are many monasteries, churches, and dwellings. It is especially notable for its cave houses.<\/p>\n<p><strong>Pasabag Valley:<\/strong> Pasabag Valley is the most characteristic area of the Cappadocia region. Due to the erosion caused by factors such as rain and wind, the tuff formations in this valley have a mushroom-like appearance. \u0130n the\u00a0Red Tour Cappadocia\u00a0Pasabag Valley, which attracts attention with its popularity, is home to epic fairy chimneys and numerous cave houses. The best way to explore the valley is to take a tour on the trails and explore all the dwellings.<\/p>\n<p><strong>Devrent Valley:<\/strong> Devrent Valley is located on the road between Avanos and Urgup. \u0130n the Red Tour Cappadocia one of the first sights that greets you is a giant rock resembling a camel. Depending on your imagination, you can see rock formations that resemble animal figures. You can also see churches and Roman cemeteries. The name Devrent Valley means \"hole\" and \"cliff,\" but contrary to its meaning, the valley is completely surrounded by fascinating formations.<\/p>\n<p><strong>Avanos Pottery:\u00a0<\/strong> Avanos is among the most visited places in Cappadocia and this program is the most interesting tour in Turkey. The wooden bridge is considered the symbol of Avanos. Avanos pottery is one of the most visited places in Cappadocia. Pottery-making may seem easy, but it requires skill and patience. It is known that in the past, there were hundreds of masters in this village involved in pottery and ceramics production. It is accepted that pottery making in this region started around 200 BC during the Hittite period. Another beauty that should be seen in Cappadocia is the Red River (K\u0131z\u0131l\u0131rmak). It offers a wonderful atmosphere for you to spend quality time with its peaceful flow during your\u00a0Cappadocia Red Tour.<\/p>","protected":false},"excerpt":{"rendered":"<p>Per Person  |  Prices may vary by date<\/p>\n<p>&nbsp;<\/p>","protected":false},"featured_media":1084,"comment_status":"open","ping_status":"closed","template":"","meta":{"_joinchat":[]},"product_brand":[],"product_cat":[164,20],"product_tag":[],"mwb_booking_cost":[],"mwb_booking_service":[],"class_list":{"0":"post-1083","1":"product","2":"type-product","3":"status-publish","4":"has-post-thumbnail","6":"product_cat-booking","7":"product_cat-tours","8":"one-fourth","10":"first","11":"instock","12":"featured","13":"virtual","14":"taxable","15":"purchasable","16":"product-type-mwb_booking"},"yoast_head":"<!-- This site is optimized with the Yoast SEO plugin v26.6 - https:\/\/yoast.com\/wordpress\/plugins\/seo\/ -->\n<title>K\u0131rm\u0131z\u0131 Tur (Kapadokya) - All In One Turkey<\/title>\n<meta name=\"description\" content=\"Farkl\u0131 ve b\u00fcy\u00fcleyici dokulara ev sahipli\u011fi yapan birbirinden g\u00fczel ve tarihi mekanlar K\u0131rm\u0131z\u0131 Tur Kapadokya kapsam\u0131nda sizleri bekliyor.\" \/>\n<meta name=\"robots\" content=\"index, follow, max-snippet:-1, max-image-preview:large, max-video-preview:-1\" \/>\n<link rel=\"canonical\" href=\"https:\/\/allinoneturkey.com\/en\/product\/kirmizi-tur-kapadokya\/\" \/>\n<meta property=\"og:locale\" content=\"en_GB\" \/>\n<meta property=\"og:type\" content=\"article\" \/>\n<meta property=\"og:title\" content=\"K\u0131rm\u0131z\u0131 Tur (Kapadokya) - All In One Turkey\" \/>\n<meta property=\"og:description\" content=\"Farkl\u0131 ve b\u00fcy\u00fcleyici dokulara ev sahipli\u011fi yapan birbirinden g\u00fczel ve tarihi mekanlar K\u0131rm\u0131z\u0131 Tur Kapadokya kapsam\u0131nda sizleri bekliyor.\" \/>\n<meta property=\"og:url\" content=\"https:\/\/allinoneturkey.com\/en\/product\/kirmizi-tur-kapadokya\/\" \/>\n<meta property=\"og:site_name\" content=\"All In One Turkey\" \/>\n<meta property=\"article:modified_time\" content=\"2025-03-26T14:39:43+00:00\" \/>\n<meta property=\"og:image\" content=\"https:\/\/allinoneturkey.com\/wp-content\/uploads\/2024\/12\/red1-1400x1000.jpg\" \/>\n\t<meta property=\"og:image:width\" content=\"1400\" \/>\n\t<meta property=\"og:image:height\" content=\"1000\" \/>\n\t<meta property=\"og:image:type\" content=\"image\/jpeg\" \/>\n<meta name=\"twitter:card\" content=\"summary_large_image\" \/>\n<meta name=\"twitter:label1\" content=\"Estimated reading time\" \/>\n\t<meta name=\"twitter:data1\" content=\"4 minutes\" \/>\n<script type=\"application\/ld+json\" class=\"yoast-schema-graph\">{\"@context\":\"https:\/\/schema.org\",\"@graph\":[{\"@type\":\"WebPage\",\"@id\":\"https:\/\/allinoneturkey.com\/urun\/kirmizi-tur-kapadokya\/\",\"url\":\"https:\/\/allinoneturkey.com\/urun\/kirmizi-tur-kapadokya\/\",\"name\":\"K\u0131rm\u0131z\u0131 Tur (Kapadokya) - All In One Turkey\",\"isPartOf\":{\"@id\":\"https:\/\/allinoneturkey.com\/#website\"},\"primaryImageOfPage\":{\"@id\":\"https:\/\/allinoneturkey.com\/urun\/kirmizi-tur-kapadokya\/#primaryimage\"},\"image\":{\"@id\":\"https:\/\/allinoneturkey.com\/urun\/kirmizi-tur-kapadokya\/#primaryimage\"},\"thumbnailUrl\":\"https:\/\/allinoneturkey.com\/wp-content\/uploads\/2024\/12\/red1.jpg\",\"datePublished\":\"2024-12-18T02:04:35+00:00\",\"dateModified\":\"2025-03-26T14:39:43+00:00\",\"description\":\"Farkl\u0131 ve b\u00fcy\u00fcleyici dokulara ev sahipli\u011fi yapan birbirinden g\u00fczel ve tarihi mekanlar K\u0131rm\u0131z\u0131 Tur Kapadokya kapsam\u0131nda sizleri bekliyor.\",\"breadcrumb\":{\"@id\":\"https:\/\/allinoneturkey.com\/urun\/kirmizi-tur-kapadokya\/#breadcrumb\"},\"inLanguage\":\"en-GB\",\"potentialAction\":[{\"@type\":\"ReadAction\",\"target\":[\"https:\/\/allinoneturkey.com\/urun\/kirmizi-tur-kapadokya\/\"]}]},{\"@type\":\"ImageObject\",\"inLanguage\":\"en-GB\",\"@id\":\"https:\/\/allinoneturkey.com\/urun\/kirmizi-tur-kapadokya\/#primaryimage\",\"url\":\"https:\/\/allinoneturkey.com\/wp-content\/uploads\/2024\/12\/red1.jpg\",\"contentUrl\":\"https:\/\/allinoneturkey.com\/wp-content\/uploads\/2024\/12\/red1.jpg\",\"width\":1920,\"height\":1400},{\"@type\":\"BreadcrumbList\",\"@id\":\"https:\/\/allinoneturkey.com\/urun\/kirmizi-tur-kapadokya\/#breadcrumb\",\"itemListElement\":[{\"@type\":\"ListItem\",\"position\":1,\"name\":\"Anasayfa\",\"item\":\"https:\/\/allinoneturkey.com\/\"},{\"@type\":\"ListItem\",\"position\":2,\"name\":\"Ma\u011faza\",\"item\":\"https:\/\/allinoneturkey.com\/magaza\/\"},{\"@type\":\"ListItem\",\"position\":3,\"name\":\"K\u0131rm\u0131z\u0131 Tur (Kapadokya)\"}]},{\"@type\":\"WebSite\",\"@id\":\"https:\/\/allinoneturkey.com\/#website\",\"url\":\"https:\/\/allinoneturkey.com\/\",\"name\":\"All In One Turkey\",\"description\":\"Everything For Travel\",\"publisher\":{\"@id\":\"https:\/\/allinoneturkey.com\/#organization\"},\"potentialAction\":[{\"@type\":\"SearchAction\",\"target\":{\"@type\":\"EntryPoint\",\"urlTemplate\":\"https:\/\/allinoneturkey.com\/?s={search_term_string}\"},\"query-input\":{\"@type\":\"PropertyValueSpecification\",\"valueRequired\":true,\"valueName\":\"search_term_string\"}}],\"inLanguage\":\"en-GB\"},{\"@type\":\"Organization\",\"@id\":\"https:\/\/allinoneturkey.com\/#organization\",\"name\":\"All In One Turkey\",\"url\":\"https:\/\/allinoneturkey.com\/\",\"logo\":{\"@type\":\"ImageObject\",\"inLanguage\":\"en-GB\",\"@id\":\"https:\/\/allinoneturkey.com\/#\/schema\/logo\/image\/\",\"url\":\"https:\/\/allinoneturkey.com\/wp-content\/uploads\/2023\/11\/cropped-buyuklogo.png\",\"contentUrl\":\"https:\/\/allinoneturkey.com\/wp-content\/uploads\/2023\/11\/cropped-buyuklogo.png\",\"width\":630,\"height\":165,\"caption\":\"All In One Turkey\"},\"image\":{\"@id\":\"https:\/\/allinoneturkey.com\/#\/schema\/logo\/image\/\"}}]}<\/script>\n<!-- \/ Yoast SEO plugin. -->","yoast_head_json":{"title":"K\u0131rm\u0131z\u0131 Tur (Kapadokya) - All In One Turkey","description":"Farkl\u0131 ve b\u00fcy\u00fcleyici dokulara ev sahipli\u011fi yapan birbirinden g\u00fczel ve tarihi mekanlar K\u0131rm\u0131z\u0131 Tur Kapadokya kapsam\u0131nda sizleri bekliyor.","robots":{"index":"index","follow":"follow","max-snippet":"max-snippet:-1","max-image-preview":"max-image-preview:large","max-video-preview":"max-video-preview:-1"},"canonical":"https:\/\/allinoneturkey.com\/en\/product\/kirmizi-tur-kapadokya\/","og_locale":"en_GB","og_type":"article","og_title":"K\u0131rm\u0131z\u0131 Tur (Kapadokya) - All In One Turkey","og_description":"Farkl\u0131 ve b\u00fcy\u00fcleyici dokulara ev sahipli\u011fi yapan birbirinden g\u00fczel ve tarihi mekanlar K\u0131rm\u0131z\u0131 Tur Kapadokya kapsam\u0131nda sizleri bekliyor.","og_url":"https:\/\/allinoneturkey.com\/en\/product\/kirmizi-tur-kapadokya\/","og_site_name":"All In One Turkey","article_modified_time":"2025-03-26T14:39:43+00:00","og_image":[{"width":1400,"height":1000,"url":"https:\/\/allinoneturkey.com\/wp-content\/uploads\/2024\/12\/red1-1400x1000.jpg","type":"image\/jpeg"}],"twitter_card":"summary_large_image","twitter_misc":{"Estimated reading time":"4 minutes"},"schema":{"@context":"https:\/\/schema.org","@graph":[{"@type":"WebPage","@id":"https:\/\/allinoneturkey.com\/urun\/kirmizi-tur-kapadokya\/","url":"https:\/\/allinoneturkey.com\/urun\/kirmizi-tur-kapadokya\/","name":"K\u0131rm\u0131z\u0131 Tur (Kapadokya) - All In One Turkey","isPartOf":{"@id":"https:\/\/allinoneturkey.com\/#website"},"primaryImageOfPage":{"@id":"https:\/\/allinoneturkey.com\/urun\/kirmizi-tur-kapadokya\/#primaryimage"},"image":{"@id":"https:\/\/allinoneturkey.com\/urun\/kirmizi-tur-kapadokya\/#primaryimage"},"thumbnailUrl":"https:\/\/allinoneturkey.com\/wp-content\/uploads\/2024\/12\/red1.jpg","datePublished":"2024-12-18T02:04:35+00:00","dateModified":"2025-03-26T14:39:43+00:00","description":"Farkl\u0131 ve b\u00fcy\u00fcleyici dokulara ev sahipli\u011fi yapan birbirinden g\u00fczel ve tarihi mekanlar K\u0131rm\u0131z\u0131 Tur Kapadokya kapsam\u0131nda sizleri bekliyor.","breadcrumb":{"@id":"https:\/\/allinoneturkey.com\/urun\/kirmizi-tur-kapadokya\/#breadcrumb"},"inLanguage":"en-GB","potentialAction":[{"@type":"ReadAction","target":["https:\/\/allinoneturkey.com\/urun\/kirmizi-tur-kapadokya\/"]}]},{"@type":"ImageObject","inLanguage":"en-GB","@id":"https:\/\/allinoneturkey.com\/urun\/kirmizi-tur-kapadokya\/#primaryimage","url":"https:\/\/allinoneturkey.com\/wp-content\/uploads\/2024\/12\/red1.jpg","contentUrl":"https:\/\/allinoneturkey.com\/wp-content\/uploads\/2024\/12\/red1.jpg","width":1920,"height":1400},{"@type":"BreadcrumbList","@id":"https:\/\/allinoneturkey.com\/urun\/kirmizi-tur-kapadokya\/#breadcrumb","itemListElement":[{"@type":"ListItem","position":1,"name":"Anasayfa","item":"https:\/\/allinoneturkey.com\/"},{"@type":"ListItem","position":2,"name":"Ma\u011faza","item":"https:\/\/allinoneturkey.com\/magaza\/"},{"@type":"ListItem","position":3,"name":"K\u0131rm\u0131z\u0131 Tur (Kapadokya)"}]},{"@type":"WebSite","@id":"https:\/\/allinoneturkey.com\/#website","url":"https:\/\/allinoneturkey.com\/","name":"All In One Turkey","description":"Everything For Travel","publisher":{"@id":"https:\/\/allinoneturkey.com\/#organization"},"potentialAction":[{"@type":"SearchAction","target":{"@type":"EntryPoint","urlTemplate":"https:\/\/allinoneturkey.com\/?s={search_term_string}"},"query-input":{"@type":"PropertyValueSpecification","valueRequired":true,"valueName":"search_term_string"}}],"inLanguage":"en-GB"},{"@type":"Organization","@id":"https:\/\/allinoneturkey.com\/#organization","name":"All In One Turkey","url":"https:\/\/allinoneturkey.com\/","logo":{"@type":"ImageObject","inLanguage":"en-GB","@id":"https:\/\/allinoneturkey.com\/#\/schema\/logo\/image\/","url":"https:\/\/allinoneturkey.com\/wp-content\/uploads\/2023\/11\/cropped-buyuklogo.png","contentUrl":"https:\/\/allinoneturkey.com\/wp-content\/uploads\/2023\/11\/cropped-buyuklogo.png","width":630,"height":165,"caption":"All In One Turkey"},"image":{"@id":"https:\/\/allinoneturkey.com\/#\/schema\/logo\/image\/"}}]}},"_links":{"self":[{"href":"http:\/\/allinoneturkey.com\/en\/wp-json\/wp\/v2\/product\/1083","targetHints":{"allow":["GET"]}}],"collection":[{"href":"http:\/\/allinoneturkey.com\/en\/wp-json\/wp\/v2\/product"}],"about":[{"href":"http:\/\/allinoneturkey.com\/en\/wp-json\/wp\/v2\/types\/product"}],"replies":[{"embeddable":true,"href":"http:\/\/allinoneturkey.com\/en\/wp-json\/wp\/v2\/comments?post=1083"}],"version-history":[{"count":7,"href":"http:\/\/allinoneturkey.com\/en\/wp-json\/wp\/v2\/product\/1083\/revisions"}],"predecessor-version":[{"id":2765,"href":"http:\/\/allinoneturkey.com\/en\/wp-json\/wp\/v2\/product\/1083\/revisions\/2765"}],"wp:featuredmedia":[{"embeddable":true,"href":"http:\/\/allinoneturkey.com\/en\/wp-json\/wp\/v2\/media\/1084"}],"wp:attachment":[{"href":"http:\/\/allinoneturkey.com\/en\/wp-json\/wp\/v2\/media?parent=1083"}],"wp:term":[{"taxonomy":"product_brand","embeddable":true,"href":"http:\/\/allinoneturkey.com\/en\/wp-json\/wp\/v2\/product_brand?post=1083"},{"taxonomy":"product_cat","embeddable":true,"href":"http:\/\/allinoneturkey.com\/en\/wp-json\/wp\/v2\/product_cat?post=1083"},{"taxonomy":"product_tag","embeddable":true,"href":"http:\/\/allinoneturkey.com\/en\/wp-json\/wp\/v2\/product_tag?post=1083"},{"taxonomy":"mwb_booking_cost","embeddable":true,"href":"http:\/\/allinoneturkey.com\/en\/wp-json\/wp\/v2\/mwb_booking_cost?post=1083"},{"taxonomy":"mwb_booking_service","embeddable":true,"href":"http:\/\/allinoneturkey.com\/en\/wp-json\/wp\/v2\/mwb_booking_service?post=1083"}],"curies":[{"name":"wp","href":"https:\/\/api.w.org\/{rel}","templated":true}]}}