{"id":1481,"date":"2024-12-26T13:06:29","date_gmt":"2024-12-26T11:06:29","guid":{"rendered":"https:\/\/allinoneturkey.com\/?post_type=product&#038;p=1481"},"modified":"2025-03-26T16:46:09","modified_gmt":"2025-03-26T14:46:09","slug":"yesil-tur-kapadokya","status":"publish","type":"product","link":"http:\/\/allinoneturkey.com\/en\/product\/yesil-tur-kapadokya\/","title":{"rendered":"Green Tour Cappadocia"},"content":{"rendered":"<h1>Green Tour Cappadocia<\/h1>\n<p><strong>What\u2019s Included?<\/strong><\/p>\n<ul>\n<li>Pick up and drop off service<\/li>\n<li>Professional tour guide<\/li>\n<li>Lunch in Belis\u0131rma Village<\/li>\n<li>Information about museums<\/li>\n<\/ul>\n<p>Green Tour Cappadocia\u00a0is a very popular tour today. Cappadocia Green Tour is the best way to discover the unique locations hosted by Cappadocia, known as the heart of Turkey. Our experienced guides will accompany you throughout our tour.<\/p>\n<p>Our tour, where you can find answers to everything you wonder about Cappadocia, will give you unforgettable experiences. Beautiful landscapes and historical places await you during the tour. Enjoy the natural formations and mystical atmosphere of Cappadocia with our full-day trip.<\/p>\n<h3>MOST POPULAR TOUR: CAPPADOCIA GREEN TOUR<\/h3>\n<p>Nowadays, with\u00a0balloon tours\u00a0becoming popular, Cappadocia has become a popular destination for tourists. This location hosts thousands of tourists every year.<\/p>\n<p>It is your natural right to have a new experience, different from the previous ones, to accumulate wonderful memories and to want them to be permanent.<\/p>\n<p>If you want to explore the southern region of Cappadocia and visit its touristic areas, join our popular\u00a0Cappadocia Green Tour.<\/p>\n<h3>QUESTIONS ABOUT CAPPADOCIA GREEN TOUR<\/h3>\n<p>Time: 09:30 \u2013 18:00<\/p>\n<ul>\n<li>G\u00f6reme Panorama<\/li>\n<li>Ihlara Valley<\/li>\n<li>Lunch in Belis\u0131rma<\/li>\n<li>Yaprakhisar Village<\/li>\n<li>Selime Monastery<\/li>\n<li>Pigeon Valley<\/li>\n<li>Onyx Display<\/li>\n<li>Back to hotel<\/li>\n<\/ul>\n<p>Our tour starts early in the morning with our guides picking you up from your hotel. Our tour is a full day and takes approximately 8-9 hours. At the end of the tour, you will be dropped off at your hotel with our guide.<\/p>\n<h3>PLACES TO VISIT IN CAPPADOC\u0130A, PLACES TO SEE<\/h3>\n<p>The tour adventure begins after you are picked up from your hotel early in the morning. At our first stop,\u00a0G\u00f6reme Panorama, you will have access to a lot of information about the history of Cappadocia accompanied by an experienced guide.<\/p>\n<h3>G\u00f6reme Panorama<\/h3>\n<p>Our tour starts with a visit to\u00a0G\u00f6reme National Park, located in the hilly area on the\u00a0G\u00f6reme-Avanos\u00a0location. You can feel like you have full control of the city at\u00a0Esentepe Viewpoint, which hosts a magnificent view in G\u00f6reme district.<\/p>\n<p>Enjoy the panoramic view of the valleys and rock formations you will observe on the hill. It is very enjoyable to watch the sunrise and sunset views in this location, which is a favorite among tourists. You can enjoy the unique views of Cappadocia in hundreds of restaurants or cafes lined up along the hill opposite\u00a0G\u00f6reme Valley.<\/p>\n<h3>Pigeon Valley<\/h3>\n<p>G\u00fcvercinlik Valley, which is 4100 meters long, is located between\u00a0U\u00e7hisar\u00a0and\u00a0G\u00f6reme. It is a valley that takes its name from thousands of pigeon houses carved into tuff rocks since ancient times. Unlike ordinary holiday locations, it is the right address to witness the magnificent beauties of nature and get lost in the mystical spirit of history.<\/p>\n<h3>Ihlara Valley<\/h3>\n<p>The next stop of the tour,\u00a0Ihlara Valley, is located in the middle of a volcanic plateau. It is home to many churches and monasteries. This valley, which fascinates those who see it, was formed as a result of the eruption of\u00a0Mount Erciyes. It is considered the largest canyon in Cappadocia. There is a path in the valley that you can walk for approximately 6 km.<\/p>\n<h3>Lunch in Belis\u0131rma Village<\/h3>\n<p>By joining\u00a0Green Tour Cappadocia, you can visit\u00a0Belis\u0131rma Village, which has hosted thousands of tourists for years. You can also have lunch in one of the traditional Turkish restaurants with a unique view of the river.<\/p>\n<h3>Selime Monastery<\/h3>\n<p>Located at the tip of\u00a0Ihlara Valley, Selime Monastery\u00a0attracts the attention of thousands of tourists every year. The monastery is one of the popular locations in Cappadocia with its natural formations that have witnessed history for years.<\/p>\n<p>It is known as the largest monastery in Cappadocia. The two-storey cathedral hosted the Hittites, Romans, Byzantines and Ottomans at different times and served as the largest cathedral in Cappadocia.<\/p>\n<h3>Onyx Display<\/h3>\n<p>The last stop of the tour,\u00a0Onyx Display, is a local stone store in Turkey. The Cappadocia region hosts a variety of interesting handicrafts that will impress travelers. Onyx, a little-known natural stone, is one of the pearls of Cappadocia. In this region, stones are expertly turned into jewelry.<\/p>\n<h3>5 REASONS TO JOIN THE GREEN TOUR<\/h3>\n<ul>\n<li>You will not have to worry about transportation as\u00a0Green Tour Cappadocia\u00a0includes a pick-up and drop-off service from your accommodation.<\/li>\n<li>You can enjoy the Cappadocia Green Tour accompanied by an experienced tour guide.<\/li>\n<li>The excellent places and unique experiences you will visit on this tour, which you will want to experience at least once in your life, will give you unforgettable moments.<\/li>\n<li>Unlike other tour agencies, you do not have to worry about the price as we have affordable prices.<\/li>\n<li>It is very easy to book a\u00a0Cappadocia Green Tour\u00a0! All you have to do is contact us.<\/li>\n<\/ul>\n<h3>CAPPADOCIA GREEN TOUR RESERVATION<\/h3>\n<p>Hurry up to have unforgettable experiences in the Ihlara Valley, G\u00fcvercinlik Valley, Selime Monastery and Onyx Show formations that you will see within the scope of the\u00a0Cappadocia Green Tour\u00a0! If you want to get information about our full-day tour, you can take a look at our popular places, tours and activities.<\/p>\n<p>Green tour includes;\u00a0Peribacalar\u0131, Underground Cities, Castles, Viewing Hills, Villages and Ihlara Valley..<\/p>\n<h3>Most Preferred Green Tour Options<\/h3>\n<p>Not only do we guarantee an unforgettable first-class experience, we also offer you the option to cancel up to 24 hours in advance.<\/p>\n<p>Kapadokya&#8217;n\u0131n e\u015fsiz g\u00fczelliklerini <a href=\"https:\/\/allinoneturkey.com\/en\/product\/kirmizi-tur-kapadokya\/\" target=\"_blank\" rel=\"noopener\">Red Tour (Cappadocia)<\/a> ile ke\u015ffetmek isterseniz programa g\u00f6z atabilirsiniz.<\/p>","protected":false},"excerpt":{"rendered":"<p>Per Person  |  Prices may vary by date<\/p>","protected":false},"featured_media":1482,"comment_status":"open","ping_status":"closed","template":"","meta":{"_joinchat":[]},"product_brand":[],"product_cat":[164,20],"product_tag":[109,108,102,106,105,107,110,115,112,113,104,111,103,114],"mwb_booking_cost":[],"mwb_booking_service":[],"class_list":{"0":"post-1481","1":"product","2":"type-product","3":"status-publish","4":"has-post-thumbnail","6":"product_cat-booking","7":"product_cat-tours","8":"product_tag-balloon","9":"product_tag-balon","10":"product_tag-cappadocia","11":"product_tag-goreme","12":"product_tag-green","13":"product_tag-kapadokya","14":"product_tag-nevsehir","15":"product_tag-peri-bacalari","16":"product_tag-seyahat","17":"product_tag-tatil","18":"product_tag-tour","19":"product_tag-transfer","20":"product_tag-travel","21":"product_tag-tur","22":"one-fourth","24":"first","25":"instock","26":"featured","27":"virtual","28":"taxable","29":"purchasable","30":"product-type-mwb_booking"},"yoast_head":"<!-- This site is optimized with the Yoast SEO plugin v26.6 - https:\/\/yoast.com\/wordpress\/plugins\/seo\/ -->\n<title>Ye\u015fil Tur (Kapadokya) - All In One Turkey<\/title>\n<meta name=\"description\" content=\"Kapadokya Ye\u015fil Tur kapsam\u0131nda g\u00f6rece\u011finiz Ihlara Vadisi, G\u00fcvercinlik Vadisi, Selime Manast\u0131r\u0131 olu\u015fumlar\u0131nda unutulmaz deneyimler ya\u015famak i\u00e7in acele edin!\" \/>\n<meta name=\"robots\" content=\"index, follow, max-snippet:-1, max-image-preview:large, max-video-preview:-1\" \/>\n<link rel=\"canonical\" href=\"https:\/\/allinoneturkey.com\/en\/product\/yesil-tur-kapadokya\/\" \/>\n<meta property=\"og:locale\" content=\"en_GB\" \/>\n<meta property=\"og:type\" content=\"article\" \/>\n<meta property=\"og:title\" content=\"Ye\u015fil Tur (Kapadokya) - All In One Turkey\" \/>\n<meta property=\"og:description\" content=\"Kapadokya Ye\u015fil Tur kapsam\u0131nda g\u00f6rece\u011finiz Ihlara Vadisi, G\u00fcvercinlik Vadisi, Selime Manast\u0131r\u0131 olu\u015fumlar\u0131nda unutulmaz deneyimler ya\u015famak i\u00e7in acele edin!\" \/>\n<meta property=\"og:url\" content=\"https:\/\/allinoneturkey.com\/en\/product\/yesil-tur-kapadokya\/\" \/>\n<meta property=\"og:site_name\" content=\"All In One Turkey\" \/>\n<meta property=\"article:modified_time\" content=\"2025-03-26T14:46:09+00:00\" \/>\n<meta property=\"og:image\" content=\"https:\/\/allinoneturkey.com\/wp-content\/uploads\/2024\/12\/5-1400x1000.jpg\" \/>\n\t<meta property=\"og:image:width\" content=\"1400\" \/>\n\t<meta property=\"og:image:height\" content=\"1000\" \/>\n\t<meta property=\"og:image:type\" content=\"image\/jpeg\" \/>\n<meta name=\"twitter:card\" content=\"summary_large_image\" \/>\n<meta name=\"twitter:label1\" content=\"Estimated reading time\" \/>\n\t<meta name=\"twitter:data1\" content=\"5 minutes\" \/>\n<script type=\"application\/ld+json\" class=\"yoast-schema-graph\">{\"@context\":\"https:\/\/schema.org\",\"@graph\":[{\"@type\":\"WebPage\",\"@id\":\"https:\/\/allinoneturkey.com\/urun\/yesil-tur-kapadokya\/\",\"url\":\"https:\/\/allinoneturkey.com\/urun\/yesil-tur-kapadokya\/\",\"name\":\"Ye\u015fil Tur (Kapadokya) - All In One Turkey\",\"isPartOf\":{\"@id\":\"https:\/\/allinoneturkey.com\/#website\"},\"primaryImageOfPage\":{\"@id\":\"https:\/\/allinoneturkey.com\/urun\/yesil-tur-kapadokya\/#primaryimage\"},\"image\":{\"@id\":\"https:\/\/allinoneturkey.com\/urun\/yesil-tur-kapadokya\/#primaryimage\"},\"thumbnailUrl\":\"https:\/\/allinoneturkey.com\/wp-content\/uploads\/2024\/12\/5.jpg\",\"datePublished\":\"2024-12-26T11:06:29+00:00\",\"dateModified\":\"2025-03-26T14:46:09+00:00\",\"description\":\"Kapadokya Ye\u015fil Tur kapsam\u0131nda g\u00f6rece\u011finiz Ihlara Vadisi, G\u00fcvercinlik Vadisi, Selime Manast\u0131r\u0131 olu\u015fumlar\u0131nda unutulmaz deneyimler ya\u015famak i\u00e7in acele edin!\",\"breadcrumb\":{\"@id\":\"https:\/\/allinoneturkey.com\/urun\/yesil-tur-kapadokya\/#breadcrumb\"},\"inLanguage\":\"en-GB\",\"potentialAction\":[{\"@type\":\"ReadAction\",\"target\":[\"https:\/\/allinoneturkey.com\/urun\/yesil-tur-kapadokya\/\"]}]},{\"@type\":\"ImageObject\",\"inLanguage\":\"en-GB\",\"@id\":\"https:\/\/allinoneturkey.com\/urun\/yesil-tur-kapadokya\/#primaryimage\",\"url\":\"https:\/\/allinoneturkey.com\/wp-content\/uploads\/2024\/12\/5.jpg\",\"contentUrl\":\"https:\/\/allinoneturkey.com\/wp-content\/uploads\/2024\/12\/5.jpg\",\"width\":1920,\"height\":1400},{\"@type\":\"BreadcrumbList\",\"@id\":\"https:\/\/allinoneturkey.com\/urun\/yesil-tur-kapadokya\/#breadcrumb\",\"itemListElement\":[{\"@type\":\"ListItem\",\"position\":1,\"name\":\"Anasayfa\",\"item\":\"https:\/\/allinoneturkey.com\/\"},{\"@type\":\"ListItem\",\"position\":2,\"name\":\"Ma\u011faza\",\"item\":\"https:\/\/allinoneturkey.com\/magaza\/\"},{\"@type\":\"ListItem\",\"position\":3,\"name\":\"Ye\u015fil Tur (Kapadokya)\"}]},{\"@type\":\"WebSite\",\"@id\":\"https:\/\/allinoneturkey.com\/#website\",\"url\":\"https:\/\/allinoneturkey.com\/\",\"name\":\"All In One Turkey\",\"description\":\"Everything For Travel\",\"publisher\":{\"@id\":\"https:\/\/allinoneturkey.com\/#organization\"},\"potentialAction\":[{\"@type\":\"SearchAction\",\"target\":{\"@type\":\"EntryPoint\",\"urlTemplate\":\"https:\/\/allinoneturkey.com\/?s={search_term_string}\"},\"query-input\":{\"@type\":\"PropertyValueSpecification\",\"valueRequired\":true,\"valueName\":\"search_term_string\"}}],\"inLanguage\":\"en-GB\"},{\"@type\":\"Organization\",\"@id\":\"https:\/\/allinoneturkey.com\/#organization\",\"name\":\"All In One Turkey\",\"url\":\"https:\/\/allinoneturkey.com\/\",\"logo\":{\"@type\":\"ImageObject\",\"inLanguage\":\"en-GB\",\"@id\":\"https:\/\/allinoneturkey.com\/#\/schema\/logo\/image\/\",\"url\":\"https:\/\/allinoneturkey.com\/wp-content\/uploads\/2023\/11\/cropped-buyuklogo.png\",\"contentUrl\":\"https:\/\/allinoneturkey.com\/wp-content\/uploads\/2023\/11\/cropped-buyuklogo.png\",\"width\":630,\"height\":165,\"caption\":\"All In One Turkey\"},\"image\":{\"@id\":\"https:\/\/allinoneturkey.com\/#\/schema\/logo\/image\/\"}}]}<\/script>\n<!-- \/ Yoast SEO plugin. -->","yoast_head_json":{"title":"Ye\u015fil Tur (Kapadokya) - All In One Turkey","description":"Kapadokya Ye\u015fil Tur kapsam\u0131nda g\u00f6rece\u011finiz Ihlara Vadisi, G\u00fcvercinlik Vadisi, Selime Manast\u0131r\u0131 olu\u015fumlar\u0131nda unutulmaz deneyimler ya\u015famak i\u00e7in acele edin!","robots":{"index":"index","follow":"follow","max-snippet":"max-snippet:-1","max-image-preview":"max-image-preview:large","max-video-preview":"max-video-preview:-1"},"canonical":"https:\/\/allinoneturkey.com\/en\/product\/yesil-tur-kapadokya\/","og_locale":"en_GB","og_type":"article","og_title":"Ye\u015fil Tur (Kapadokya) - All In One Turkey","og_description":"Kapadokya Ye\u015fil Tur kapsam\u0131nda g\u00f6rece\u011finiz Ihlara Vadisi, G\u00fcvercinlik Vadisi, Selime Manast\u0131r\u0131 olu\u015fumlar\u0131nda unutulmaz deneyimler ya\u015famak i\u00e7in acele edin!","og_url":"https:\/\/allinoneturkey.com\/en\/product\/yesil-tur-kapadokya\/","og_site_name":"All In One Turkey","article_modified_time":"2025-03-26T14:46:09+00:00","og_image":[{"width":1400,"height":1000,"url":"https:\/\/allinoneturkey.com\/wp-content\/uploads\/2024\/12\/5-1400x1000.jpg","type":"image\/jpeg"}],"twitter_card":"summary_large_image","twitter_misc":{"Estimated reading time":"5 minutes"},"schema":{"@context":"https:\/\/schema.org","@graph":[{"@type":"WebPage","@id":"https:\/\/allinoneturkey.com\/urun\/yesil-tur-kapadokya\/","url":"https:\/\/allinoneturkey.com\/urun\/yesil-tur-kapadokya\/","name":"Ye\u015fil Tur (Kapadokya) - All In One Turkey","isPartOf":{"@id":"https:\/\/allinoneturkey.com\/#website"},"primaryImageOfPage":{"@id":"https:\/\/allinoneturkey.com\/urun\/yesil-tur-kapadokya\/#primaryimage"},"image":{"@id":"https:\/\/allinoneturkey.com\/urun\/yesil-tur-kapadokya\/#primaryimage"},"thumbnailUrl":"https:\/\/allinoneturkey.com\/wp-content\/uploads\/2024\/12\/5.jpg","datePublished":"2024-12-26T11:06:29+00:00","dateModified":"2025-03-26T14:46:09+00:00","description":"Kapadokya Ye\u015fil Tur kapsam\u0131nda g\u00f6rece\u011finiz Ihlara Vadisi, G\u00fcvercinlik Vadisi, Selime Manast\u0131r\u0131 olu\u015fumlar\u0131nda unutulmaz deneyimler ya\u015famak i\u00e7in acele edin!","breadcrumb":{"@id":"https:\/\/allinoneturkey.com\/urun\/yesil-tur-kapadokya\/#breadcrumb"},"inLanguage":"en-GB","potentialAction":[{"@type":"ReadAction","target":["https:\/\/allinoneturkey.com\/urun\/yesil-tur-kapadokya\/"]}]},{"@type":"ImageObject","inLanguage":"en-GB","@id":"https:\/\/allinoneturkey.com\/urun\/yesil-tur-kapadokya\/#primaryimage","url":"https:\/\/allinoneturkey.com\/wp-content\/uploads\/2024\/12\/5.jpg","contentUrl":"https:\/\/allinoneturkey.com\/wp-content\/uploads\/2024\/12\/5.jpg","width":1920,"height":1400},{"@type":"BreadcrumbList","@id":"https:\/\/allinoneturkey.com\/urun\/yesil-tur-kapadokya\/#breadcrumb","itemListElement":[{"@type":"ListItem","position":1,"name":"Anasayfa","item":"https:\/\/allinoneturkey.com\/"},{"@type":"ListItem","position":2,"name":"Ma\u011faza","item":"https:\/\/allinoneturkey.com\/magaza\/"},{"@type":"ListItem","position":3,"name":"Ye\u015fil Tur (Kapadokya)"}]},{"@type":"WebSite","@id":"https:\/\/allinoneturkey.com\/#website","url":"https:\/\/allinoneturkey.com\/","name":"All In One Turkey","description":"Everything For Travel","publisher":{"@id":"https:\/\/allinoneturkey.com\/#organization"},"potentialAction":[{"@type":"SearchAction","target":{"@type":"EntryPoint","urlTemplate":"https:\/\/allinoneturkey.com\/?s={search_term_string}"},"query-input":{"@type":"PropertyValueSpecification","valueRequired":true,"valueName":"search_term_string"}}],"inLanguage":"en-GB"},{"@type":"Organization","@id":"https:\/\/allinoneturkey.com\/#organization","name":"All In One Turkey","url":"https:\/\/allinoneturkey.com\/","logo":{"@type":"ImageObject","inLanguage":"en-GB","@id":"https:\/\/allinoneturkey.com\/#\/schema\/logo\/image\/","url":"https:\/\/allinoneturkey.com\/wp-content\/uploads\/2023\/11\/cropped-buyuklogo.png","contentUrl":"https:\/\/allinoneturkey.com\/wp-content\/uploads\/2023\/11\/cropped-buyuklogo.png","width":630,"height":165,"caption":"All In One Turkey"},"image":{"@id":"https:\/\/allinoneturkey.com\/#\/schema\/logo\/image\/"}}]}},"_links":{"self":[{"href":"http:\/\/allinoneturkey.com\/en\/wp-json\/wp\/v2\/product\/1481","targetHints":{"allow":["GET"]}}],"collection":[{"href":"http:\/\/allinoneturkey.com\/en\/wp-json\/wp\/v2\/product"}],"about":[{"href":"http:\/\/allinoneturkey.com\/en\/wp-json\/wp\/v2\/types\/product"}],"replies":[{"embeddable":true,"href":"http:\/\/allinoneturkey.com\/en\/wp-json\/wp\/v2\/comments?post=1481"}],"version-history":[{"count":5,"href":"http:\/\/allinoneturkey.com\/en\/wp-json\/wp\/v2\/product\/1481\/revisions"}],"predecessor-version":[{"id":2766,"href":"http:\/\/allinoneturkey.com\/en\/wp-json\/wp\/v2\/product\/1481\/revisions\/2766"}],"wp:featuredmedia":[{"embeddable":true,"href":"http:\/\/allinoneturkey.com\/en\/wp-json\/wp\/v2\/media\/1482"}],"wp:attachment":[{"href":"http:\/\/allinoneturkey.com\/en\/wp-json\/wp\/v2\/media?parent=1481"}],"wp:term":[{"taxonomy":"product_brand","embeddable":true,"href":"http:\/\/allinoneturkey.com\/en\/wp-json\/wp\/v2\/product_brand?post=1481"},{"taxonomy":"product_cat","embeddable":true,"href":"http:\/\/allinoneturkey.com\/en\/wp-json\/wp\/v2\/product_cat?post=1481"},{"taxonomy":"product_tag","embeddable":true,"href":"http:\/\/allinoneturkey.com\/en\/wp-json\/wp\/v2\/product_tag?post=1481"},{"taxonomy":"mwb_booking_cost","embeddable":true,"href":"http:\/\/allinoneturkey.com\/en\/wp-json\/wp\/v2\/mwb_booking_cost?post=1481"},{"taxonomy":"mwb_booking_service","embeddable":true,"href":"http:\/\/allinoneturkey.com\/en\/wp-json\/wp\/v2\/mwb_booking_service?post=1481"}],"curies":[{"name":"wp","href":"https:\/\/api.w.org\/{rel}","templated":true}]}}