{"id":1488,"date":"2024-12-26T13:25:12","date_gmt":"2024-12-26T11:25:12","guid":{"rendered":"https:\/\/allinoneturkey.com\/?post_type=product&#038;p=1488"},"modified":"2025-03-26T15:53:37","modified_gmt":"2025-03-26T13:53:37","slug":"kapadokya-semazen-gosterisi","status":"publish","type":"product","link":"http:\/\/allinoneturkey.com\/en\/product\/kapadokya-semazen-gosterisi\/","title":{"rendered":"Whirling Dervish Show Cappadocia"},"content":{"rendered":"<h1>Unforgettable Whirling Dervish Show Experience Whirling Dervish Show Cappadocia<\/h1>\n<p>Whirling Dervish Show Cappadocia\u00a0In the magical atmosphere of Cappadocia, the opportunity to watch the real whirling dervish show of Mevla\u0302na Dervishes awaits you. Whirling Dervish Show Cappadocia experience offers you the chance to get to know the whirling dervish ceremony, one of the most important elements of Turkish cultural history, and to bring the loving message of Mevla\u0302na to life in your heart.<\/p>\n<h3><strong>Whirling Dervish Show Cappadocia Content<\/strong><\/h3>\n<p>Whirling Dervish Show Cappadocia represents people's spiritual journey full of love, their search for truth and their mystical adventure in pursuit of perfection with\u00a0Whirling Dervish Show Cappadocia. It is believed that after returning from his spiritual journey, a person can approach all living things with love and serve them. If you want an unforgettable experience to feel Mevlana's loving philosophy in the unique nature and historical atmosphere of Cappadocia, Whirling Dervish Show Cappadocia is for you.<\/p>\n<h3><strong>Whirling Dervish Show Cappadocia Tour<\/strong><\/h3>\n<p>Whirling Dervish Show Cappadocia\u00a0offers two different venue options for the whirling dervish show: Kervansaray \"Sar\u0131han\" and Cave Theater \"Dervis\u0327 Evi.\" Both places host this special ritual from the past to the present. These ancient structures, where the traditional whirling dervish show takes place, were used during the medieval Seljuk period when trade was lively. Now, these places host mystical sema ceremonies.<\/p>\n<p><strong>What\u2019s Included?<\/strong><\/p>\n<ul>\n<li>Pick-up and Drop-off<\/li>\n<\/ul>\n<h3><strong>Whirling Dervish Show Cappadocia About<\/strong><\/h3>\n<p>To attend the\u00a0Whirling Dervish Show Cappadocia\u00a0Ceremony, you will be picked up from your accommodation and taken to the caravanserais by means of transportation specially arranged for you. Accompanied by a guide, he will communicate with you throughout the ceremony in English and will further enrich the experience by explaining the meaning and rituals of sema.<\/p>\n<p>Whirling Dervish Show Cappadocia\u00a0ceremony symbolizes the spiritual ascent of whirling dervishes with their white skirts (shroud of the soul) and hats (the tombstone of the soul). At every stage of the ceremony, whirling dervishes act with different symbols to reach spiritual maturity. The turns made during the sema represent the whirling dervishes lovingly embracing and serving all humanity and creatures.<\/p>\n<h3><strong>Whirling Dervish Show Cappadocia Booking<\/strong><\/h3>\n<p>Witnessing this unique sema ceremony in Cappadocia is a great opportunity both to have a mystical experience and to deeply feel Mevlana's message of universal love. Hurry up to make a reservation to experience this unforgettable\u00a0Cappadocia tour\u00a0and step into the magical lands of Cappadocia on your spiritual journey.<\/p>","protected":false},"excerpt":{"rendered":"<p>Per Person  |  Prices may vary by date<\/p>","protected":false},"featured_media":1489,"comment_status":"open","ping_status":"closed","template":"","meta":{"_joinchat":[]},"product_brand":[],"product_cat":[164,20],"product_tag":[121,102,119,106,120,110,115,118,112,116,113,104,111,103,114,117],"mwb_booking_cost":[],"mwb_booking_service":[],"class_list":{"0":"post-1488","1":"product","2":"type-product","3":"status-publish","4":"has-post-thumbnail","6":"product_cat-booking","7":"product_cat-tours","8":"product_tag-bilet","9":"product_tag-cappadocia","10":"product_tag-dervis","11":"product_tag-goreme","12":"product_tag-gosteri","13":"product_tag-nevsehir","14":"product_tag-peri-bacalari","15":"product_tag-semazen","16":"product_tag-seyahat","17":"product_tag-show","18":"product_tag-tatil","19":"product_tag-tour","20":"product_tag-transfer","21":"product_tag-travel","22":"product_tag-tur","23":"product_tag-whirling-dervish","24":"one-fourth","26":"first","27":"instock","28":"sale","29":"featured","30":"virtual","31":"taxable","32":"purchasable","33":"product-type-mwb_booking"},"yoast_head":"<!-- This site is optimized with the Yoast SEO plugin v26.6 - https:\/\/yoast.com\/wordpress\/plugins\/seo\/ -->\n<title>Kapadokya Semazen G\u00f6sterisi - All In One Turkey<\/title>\n<meta name=\"description\" content=\"Kapadokya Semazen G\u00f6sterisi Kapadokya&#039;n\u0131n b\u00fcy\u00fcl\u00fc atmosferinde Mevl\u00e2na Dervi\u015fleri&#039;nin ger\u00e7ek sema g\u00f6sterisini izleme f\u0131rsat\u0131 sizi bekliyor.\" \/>\n<meta name=\"robots\" content=\"index, follow, max-snippet:-1, max-image-preview:large, max-video-preview:-1\" \/>\n<link rel=\"canonical\" href=\"https:\/\/allinoneturkey.com\/en\/product\/kapadokya-semazen-gosterisi\/\" \/>\n<meta property=\"og:locale\" content=\"en_GB\" \/>\n<meta property=\"og:type\" content=\"article\" \/>\n<meta property=\"og:title\" content=\"Kapadokya Semazen G\u00f6sterisi - All In One Turkey\" \/>\n<meta property=\"og:description\" content=\"Kapadokya Semazen G\u00f6sterisi Kapadokya&#039;n\u0131n b\u00fcy\u00fcl\u00fc atmosferinde Mevl\u00e2na Dervi\u015fleri&#039;nin ger\u00e7ek sema g\u00f6sterisini izleme f\u0131rsat\u0131 sizi bekliyor.\" \/>\n<meta property=\"og:url\" content=\"https:\/\/allinoneturkey.com\/en\/product\/kapadokya-semazen-gosterisi\/\" \/>\n<meta property=\"og:site_name\" content=\"All In One Turkey\" \/>\n<meta property=\"article:modified_time\" content=\"2025-03-26T13:53:37+00:00\" \/>\n<meta property=\"og:image\" content=\"https:\/\/allinoneturkey.com\/wp-content\/uploads\/2024\/12\/2-1-1400x1000.jpg\" \/>\n\t<meta property=\"og:image:width\" content=\"1400\" \/>\n\t<meta property=\"og:image:height\" content=\"1000\" \/>\n\t<meta property=\"og:image:type\" content=\"image\/jpeg\" \/>\n<meta name=\"twitter:card\" content=\"summary_large_image\" \/>\n<meta name=\"twitter:label1\" content=\"Estimated reading time\" \/>\n\t<meta name=\"twitter:data1\" content=\"2 minutes\" \/>\n<script type=\"application\/ld+json\" class=\"yoast-schema-graph\">{\"@context\":\"https:\/\/schema.org\",\"@graph\":[{\"@type\":\"WebPage\",\"@id\":\"https:\/\/allinoneturkey.com\/urun\/kapadokya-semazen-gosterisi\/\",\"url\":\"https:\/\/allinoneturkey.com\/urun\/kapadokya-semazen-gosterisi\/\",\"name\":\"Kapadokya Semazen G\u00f6sterisi - All In One Turkey\",\"isPartOf\":{\"@id\":\"https:\/\/allinoneturkey.com\/#website\"},\"primaryImageOfPage\":{\"@id\":\"https:\/\/allinoneturkey.com\/urun\/kapadokya-semazen-gosterisi\/#primaryimage\"},\"image\":{\"@id\":\"https:\/\/allinoneturkey.com\/urun\/kapadokya-semazen-gosterisi\/#primaryimage\"},\"thumbnailUrl\":\"https:\/\/allinoneturkey.com\/wp-content\/uploads\/2024\/12\/2-1.jpg\",\"datePublished\":\"2024-12-26T11:25:12+00:00\",\"dateModified\":\"2025-03-26T13:53:37+00:00\",\"description\":\"Kapadokya Semazen G\u00f6sterisi Kapadokya'n\u0131n b\u00fcy\u00fcl\u00fc atmosferinde Mevl\u00e2na Dervi\u015fleri'nin ger\u00e7ek sema g\u00f6sterisini izleme f\u0131rsat\u0131 sizi bekliyor.\",\"breadcrumb\":{\"@id\":\"https:\/\/allinoneturkey.com\/urun\/kapadokya-semazen-gosterisi\/#breadcrumb\"},\"inLanguage\":\"en-GB\",\"potentialAction\":[{\"@type\":\"ReadAction\",\"target\":[\"https:\/\/allinoneturkey.com\/urun\/kapadokya-semazen-gosterisi\/\"]}]},{\"@type\":\"ImageObject\",\"inLanguage\":\"en-GB\",\"@id\":\"https:\/\/allinoneturkey.com\/urun\/kapadokya-semazen-gosterisi\/#primaryimage\",\"url\":\"https:\/\/allinoneturkey.com\/wp-content\/uploads\/2024\/12\/2-1.jpg\",\"contentUrl\":\"https:\/\/allinoneturkey.com\/wp-content\/uploads\/2024\/12\/2-1.jpg\",\"width\":1920,\"height\":1400},{\"@type\":\"BreadcrumbList\",\"@id\":\"https:\/\/allinoneturkey.com\/urun\/kapadokya-semazen-gosterisi\/#breadcrumb\",\"itemListElement\":[{\"@type\":\"ListItem\",\"position\":1,\"name\":\"Anasayfa\",\"item\":\"https:\/\/allinoneturkey.com\/\"},{\"@type\":\"ListItem\",\"position\":2,\"name\":\"Ma\u011faza\",\"item\":\"https:\/\/allinoneturkey.com\/magaza\/\"},{\"@type\":\"ListItem\",\"position\":3,\"name\":\"Kapadokya Semazen G\u00f6sterisi\"}]},{\"@type\":\"WebSite\",\"@id\":\"https:\/\/allinoneturkey.com\/#website\",\"url\":\"https:\/\/allinoneturkey.com\/\",\"name\":\"All In One Turkey\",\"description\":\"Everything For Travel\",\"publisher\":{\"@id\":\"https:\/\/allinoneturkey.com\/#organization\"},\"potentialAction\":[{\"@type\":\"SearchAction\",\"target\":{\"@type\":\"EntryPoint\",\"urlTemplate\":\"https:\/\/allinoneturkey.com\/?s={search_term_string}\"},\"query-input\":{\"@type\":\"PropertyValueSpecification\",\"valueRequired\":true,\"valueName\":\"search_term_string\"}}],\"inLanguage\":\"en-GB\"},{\"@type\":\"Organization\",\"@id\":\"https:\/\/allinoneturkey.com\/#organization\",\"name\":\"All In One Turkey\",\"url\":\"https:\/\/allinoneturkey.com\/\",\"logo\":{\"@type\":\"ImageObject\",\"inLanguage\":\"en-GB\",\"@id\":\"https:\/\/allinoneturkey.com\/#\/schema\/logo\/image\/\",\"url\":\"https:\/\/allinoneturkey.com\/wp-content\/uploads\/2023\/11\/cropped-buyuklogo.png\",\"contentUrl\":\"https:\/\/allinoneturkey.com\/wp-content\/uploads\/2023\/11\/cropped-buyuklogo.png\",\"width\":630,\"height\":165,\"caption\":\"All In One Turkey\"},\"image\":{\"@id\":\"https:\/\/allinoneturkey.com\/#\/schema\/logo\/image\/\"}}]}<\/script>\n<!-- \/ Yoast SEO plugin. -->","yoast_head_json":{"title":"Kapadokya Semazen G\u00f6sterisi - All In One Turkey","description":"Kapadokya Semazen G\u00f6sterisi Kapadokya'n\u0131n b\u00fcy\u00fcl\u00fc atmosferinde Mevl\u00e2na Dervi\u015fleri'nin ger\u00e7ek sema g\u00f6sterisini izleme f\u0131rsat\u0131 sizi bekliyor.","robots":{"index":"index","follow":"follow","max-snippet":"max-snippet:-1","max-image-preview":"max-image-preview:large","max-video-preview":"max-video-preview:-1"},"canonical":"https:\/\/allinoneturkey.com\/en\/product\/kapadokya-semazen-gosterisi\/","og_locale":"en_GB","og_type":"article","og_title":"Kapadokya Semazen G\u00f6sterisi - All In One Turkey","og_description":"Kapadokya Semazen G\u00f6sterisi Kapadokya'n\u0131n b\u00fcy\u00fcl\u00fc atmosferinde Mevl\u00e2na Dervi\u015fleri'nin ger\u00e7ek sema g\u00f6sterisini izleme f\u0131rsat\u0131 sizi bekliyor.","og_url":"https:\/\/allinoneturkey.com\/en\/product\/kapadokya-semazen-gosterisi\/","og_site_name":"All In One Turkey","article_modified_time":"2025-03-26T13:53:37+00:00","og_image":[{"width":1400,"height":1000,"url":"https:\/\/allinoneturkey.com\/wp-content\/uploads\/2024\/12\/2-1-1400x1000.jpg","type":"image\/jpeg"}],"twitter_card":"summary_large_image","twitter_misc":{"Estimated reading time":"2 minutes"},"schema":{"@context":"https:\/\/schema.org","@graph":[{"@type":"WebPage","@id":"https:\/\/allinoneturkey.com\/urun\/kapadokya-semazen-gosterisi\/","url":"https:\/\/allinoneturkey.com\/urun\/kapadokya-semazen-gosterisi\/","name":"Kapadokya Semazen G\u00f6sterisi - All In One Turkey","isPartOf":{"@id":"https:\/\/allinoneturkey.com\/#website"},"primaryImageOfPage":{"@id":"https:\/\/allinoneturkey.com\/urun\/kapadokya-semazen-gosterisi\/#primaryimage"},"image":{"@id":"https:\/\/allinoneturkey.com\/urun\/kapadokya-semazen-gosterisi\/#primaryimage"},"thumbnailUrl":"https:\/\/allinoneturkey.com\/wp-content\/uploads\/2024\/12\/2-1.jpg","datePublished":"2024-12-26T11:25:12+00:00","dateModified":"2025-03-26T13:53:37+00:00","description":"Kapadokya Semazen G\u00f6sterisi Kapadokya'n\u0131n b\u00fcy\u00fcl\u00fc atmosferinde Mevl\u00e2na Dervi\u015fleri'nin ger\u00e7ek sema g\u00f6sterisini izleme f\u0131rsat\u0131 sizi bekliyor.","breadcrumb":{"@id":"https:\/\/allinoneturkey.com\/urun\/kapadokya-semazen-gosterisi\/#breadcrumb"},"inLanguage":"en-GB","potentialAction":[{"@type":"ReadAction","target":["https:\/\/allinoneturkey.com\/urun\/kapadokya-semazen-gosterisi\/"]}]},{"@type":"ImageObject","inLanguage":"en-GB","@id":"https:\/\/allinoneturkey.com\/urun\/kapadokya-semazen-gosterisi\/#primaryimage","url":"https:\/\/allinoneturkey.com\/wp-content\/uploads\/2024\/12\/2-1.jpg","contentUrl":"https:\/\/allinoneturkey.com\/wp-content\/uploads\/2024\/12\/2-1.jpg","width":1920,"height":1400},{"@type":"BreadcrumbList","@id":"https:\/\/allinoneturkey.com\/urun\/kapadokya-semazen-gosterisi\/#breadcrumb","itemListElement":[{"@type":"ListItem","position":1,"name":"Anasayfa","item":"https:\/\/allinoneturkey.com\/"},{"@type":"ListItem","position":2,"name":"Ma\u011faza","item":"https:\/\/allinoneturkey.com\/magaza\/"},{"@type":"ListItem","position":3,"name":"Kapadokya Semazen G\u00f6sterisi"}]},{"@type":"WebSite","@id":"https:\/\/allinoneturkey.com\/#website","url":"https:\/\/allinoneturkey.com\/","name":"All In One Turkey","description":"Everything For Travel","publisher":{"@id":"https:\/\/allinoneturkey.com\/#organization"},"potentialAction":[{"@type":"SearchAction","target":{"@type":"EntryPoint","urlTemplate":"https:\/\/allinoneturkey.com\/?s={search_term_string}"},"query-input":{"@type":"PropertyValueSpecification","valueRequired":true,"valueName":"search_term_string"}}],"inLanguage":"en-GB"},{"@type":"Organization","@id":"https:\/\/allinoneturkey.com\/#organization","name":"All In One Turkey","url":"https:\/\/allinoneturkey.com\/","logo":{"@type":"ImageObject","inLanguage":"en-GB","@id":"https:\/\/allinoneturkey.com\/#\/schema\/logo\/image\/","url":"https:\/\/allinoneturkey.com\/wp-content\/uploads\/2023\/11\/cropped-buyuklogo.png","contentUrl":"https:\/\/allinoneturkey.com\/wp-content\/uploads\/2023\/11\/cropped-buyuklogo.png","width":630,"height":165,"caption":"All In One Turkey"},"image":{"@id":"https:\/\/allinoneturkey.com\/#\/schema\/logo\/image\/"}}]}},"_links":{"self":[{"href":"http:\/\/allinoneturkey.com\/en\/wp-json\/wp\/v2\/product\/1488","targetHints":{"allow":["GET"]}}],"collection":[{"href":"http:\/\/allinoneturkey.com\/en\/wp-json\/wp\/v2\/product"}],"about":[{"href":"http:\/\/allinoneturkey.com\/en\/wp-json\/wp\/v2\/types\/product"}],"replies":[{"embeddable":true,"href":"http:\/\/allinoneturkey.com\/en\/wp-json\/wp\/v2\/comments?post=1488"}],"version-history":[{"count":6,"href":"http:\/\/allinoneturkey.com\/en\/wp-json\/wp\/v2\/product\/1488\/revisions"}],"predecessor-version":[{"id":2759,"href":"http:\/\/allinoneturkey.com\/en\/wp-json\/wp\/v2\/product\/1488\/revisions\/2759"}],"wp:featuredmedia":[{"embeddable":true,"href":"http:\/\/allinoneturkey.com\/en\/wp-json\/wp\/v2\/media\/1489"}],"wp:attachment":[{"href":"http:\/\/allinoneturkey.com\/en\/wp-json\/wp\/v2\/media?parent=1488"}],"wp:term":[{"taxonomy":"product_brand","embeddable":true,"href":"http:\/\/allinoneturkey.com\/en\/wp-json\/wp\/v2\/product_brand?post=1488"},{"taxonomy":"product_cat","embeddable":true,"href":"http:\/\/allinoneturkey.com\/en\/wp-json\/wp\/v2\/product_cat?post=1488"},{"taxonomy":"product_tag","embeddable":true,"href":"http:\/\/allinoneturkey.com\/en\/wp-json\/wp\/v2\/product_tag?post=1488"},{"taxonomy":"mwb_booking_cost","embeddable":true,"href":"http:\/\/allinoneturkey.com\/en\/wp-json\/wp\/v2\/mwb_booking_cost?post=1488"},{"taxonomy":"mwb_booking_service","embeddable":true,"href":"http:\/\/allinoneturkey.com\/en\/wp-json\/wp\/v2\/mwb_booking_service?post=1488"}],"curies":[{"name":"wp","href":"https:\/\/api.w.org\/{rel}","templated":true}]}}