{"id":1495,"date":"2024-12-26T13:40:40","date_gmt":"2024-12-26T11:40:40","guid":{"rendered":"https:\/\/allinoneturkey.com\/?post_type=product&#038;p=1495"},"modified":"2025-03-26T15:38:39","modified_gmt":"2025-03-26T13:38:39","slug":"kapadokya-turk-hamami","status":"publish","type":"product","link":"http:\/\/allinoneturkey.com\/en\/product\/kapadokya-turk-hamami\/","title":{"rendered":"Hamam (Turkish Bath) Cappadocia"},"content":{"rendered":"<h1><strong>Hamam (Turkish Bath) Cappadocia Experience<\/strong><\/h1>\n<p>It is your right to take a short break after the pleasant experiences you will have within the scope of Turkish Bath Cappadocia\u00a0. Apart from the quality time you will spend in Cappadocia, the holiday can be tiring. If you are looking for an ideal break between your activities, the Turkish Bath Cappadocia experience is for you.\u00a0Cappadocia Turkish Bath\u00a0is an experience you can have at any time of the day. Morning, noon or evening, it guarantees to relax your mind and body and enjoy your vacation to the maximum. Turkish Bath Depending on the time you plan for your Cappadocia experience, you must be in the Hamam(Turkish Bath).<\/p>\n<p><strong>What\u2019s Included?<\/strong><\/p>\n<ul>\n<li>Pick-up and Drop-off<\/li>\n<\/ul>\n<h3><strong>Hamam (Turkish Bath) Cappadocia<\/strong><\/h3>\n<p>Although the\u00a0Cappadocia Turkish Bath\u00a0has been operating in this region for a long time, it has become a frequent destination for many tourists. Among the natural beauties you will discover within the scope of Cappadocia Tour, man-made structures also attract attention with their unique air. Since the bath is carved into a cave, the structure you see will impress you. The interior combines the tradition of the Turkish Bath with all the necessary luxury of a modern spa experience.<\/p>\n<h3><strong>About Hamam (Turkish Bath) Cappadocia<\/strong><\/h3>\n<p>Turkish Bath Cappadocia\u00a0allows you to get rid of the tiring energy of daily life and relax. Sit on one of the marbles in the building and enjoy the experience while the water ripples down. Your staff (tellak for men, natir for women) will pour hot water on you with the pouch found in Turkish Bath culture, and then your unique\u00a0Turkish Bath Cappadociaexperience will begin. You can safely enjoy a complete pampering session in the hands of trained masseuses in an authentic venue. We guarantee relaxation after the\u00a0Turkish Bath Cappadocia\u00a0experience.<\/p>\n<h3>Cappadocia Turkish Bath Content<\/h3>\n<p>Turkish Bath Cappadocia\u00a0is a timeless bathing ritual that will leave you warm, comfortable and completely clean. Start by wrapping it in the soft cotton pegemale your attendant will provide and stripping off. You enter the steam room to soften and condition your skin, ready for an all-over scrub that leaves your skin babv-soft and fresh. Next up in the Turkish Bath Cappadocia experience is the delightful soap bubble massage with a unique and soft feel. Complete your relaxation with an oil massage asliahtorstronaasvoudesire. Men and women normally wash separately, but couples can arrange for a shared bathroom. The hamam is an immaculate, elegant underground space with secure storage for your belongings while you bathe.<\/p>\n<h3><strong>Book Now<\/strong><\/h3>\n<p>Travelers, who decide to spend the weekend or the whole holiday here, can book an apartment in one of the hotels located among the cliffs and visit the classical\u00a0Turkish Bath Cappadocia\u00a0after long strolls in the evening. According to tourists, Cappadocia Turkish Bath is a must experience among\u00a0Cappadocia Tour. There is no better way to relax in Turkey than with a traditional Hammam or Turkish Bath. Putting yourself in the hands of experienced and professional masseuses is an ideal way to release your stress and tension. When you get out of the bath, the world will seem like a better place and you will definitely want to visit it again.<\/p>","protected":false},"excerpt":{"rendered":"<p>Per Person  |  Prices may vary by date<\/p>","protected":false},"featured_media":1496,"comment_status":"open","ping_status":"closed","template":"","meta":{"_joinchat":[]},"product_brand":[],"product_cat":[164,20],"product_tag":[109,108,124,102,106,122,107,110,115,112,113,104,111,103,114,125,123],"mwb_booking_cost":[],"mwb_booking_service":[],"class_list":{"0":"post-1495","1":"product","2":"type-product","3":"status-publish","4":"has-post-thumbnail","6":"product_cat-booking","7":"product_cat-tours","8":"product_tag-balloon","9":"product_tag-balon","10":"product_tag-bath","11":"product_tag-cappadocia","12":"product_tag-goreme","13":"product_tag-hamam","14":"product_tag-kapadokya","15":"product_tag-nevsehir","16":"product_tag-peri-bacalari","17":"product_tag-seyahat","18":"product_tag-tatil","19":"product_tag-tour","20":"product_tag-transfer","21":"product_tag-travel","22":"product_tag-tur","23":"product_tag-turkish","24":"product_tag-turkish-bath","25":"one-fourth","27":"first","28":"instock","29":"sale","30":"featured","31":"virtual","32":"taxable","33":"purchasable","34":"product-type-mwb_booking"},"yoast_head":"<!-- This site is optimized with the Yoast SEO plugin v26.6 - https:\/\/yoast.com\/wordpress\/plugins\/seo\/ -->\n<title>Kapadokya T\u00fcrk Hamam\u0131 - All In One Turkey<\/title>\n<meta name=\"description\" content=\"Kapadokya T\u00fcrk Hamam\u0131 kapsam\u0131nda ya\u015fayaca\u011f\u0131n\u0131z keyifli deneyimlerin ard\u0131ndan k\u0131sa bir mola vermek sizin de hakk\u0131n\u0131z.\" \/>\n<meta name=\"robots\" content=\"index, follow, max-snippet:-1, max-image-preview:large, max-video-preview:-1\" \/>\n<link rel=\"canonical\" href=\"https:\/\/allinoneturkey.com\/en\/product\/kapadokya-turk-hamami\/\" \/>\n<meta property=\"og:locale\" content=\"en_GB\" \/>\n<meta property=\"og:type\" content=\"article\" \/>\n<meta property=\"og:title\" content=\"Kapadokya T\u00fcrk Hamam\u0131 - All In One Turkey\" \/>\n<meta property=\"og:description\" content=\"Kapadokya T\u00fcrk Hamam\u0131 kapsam\u0131nda ya\u015fayaca\u011f\u0131n\u0131z keyifli deneyimlerin ard\u0131ndan k\u0131sa bir mola vermek sizin de hakk\u0131n\u0131z.\" \/>\n<meta property=\"og:url\" content=\"https:\/\/allinoneturkey.com\/en\/product\/kapadokya-turk-hamami\/\" \/>\n<meta property=\"og:site_name\" content=\"All In One Turkey\" \/>\n<meta property=\"article:modified_time\" content=\"2025-03-26T13:38:39+00:00\" \/>\n<meta property=\"og:image\" content=\"https:\/\/allinoneturkey.com\/wp-content\/uploads\/2024\/12\/4-2.jpg\" \/>\n\t<meta property=\"og:image:width\" content=\"1920\" \/>\n\t<meta property=\"og:image:height\" content=\"1400\" \/>\n\t<meta property=\"og:image:type\" content=\"image\/jpeg\" \/>\n<meta name=\"twitter:card\" content=\"summary_large_image\" \/>\n<meta name=\"twitter:label1\" content=\"Estimated reading time\" \/>\n\t<meta name=\"twitter:data1\" content=\"3 minutes\" \/>\n<script type=\"application\/ld+json\" class=\"yoast-schema-graph\">{\"@context\":\"https:\/\/schema.org\",\"@graph\":[{\"@type\":\"WebPage\",\"@id\":\"https:\/\/allinoneturkey.com\/urun\/kapadokya-turk-hamami\/\",\"url\":\"https:\/\/allinoneturkey.com\/urun\/kapadokya-turk-hamami\/\",\"name\":\"Kapadokya T\u00fcrk Hamam\u0131 - All In One Turkey\",\"isPartOf\":{\"@id\":\"https:\/\/allinoneturkey.com\/#website\"},\"primaryImageOfPage\":{\"@id\":\"https:\/\/allinoneturkey.com\/urun\/kapadokya-turk-hamami\/#primaryimage\"},\"image\":{\"@id\":\"https:\/\/allinoneturkey.com\/urun\/kapadokya-turk-hamami\/#primaryimage\"},\"thumbnailUrl\":\"https:\/\/allinoneturkey.com\/wp-content\/uploads\/2024\/12\/4-2.jpg\",\"datePublished\":\"2024-12-26T11:40:40+00:00\",\"dateModified\":\"2025-03-26T13:38:39+00:00\",\"description\":\"Kapadokya T\u00fcrk Hamam\u0131 kapsam\u0131nda ya\u015fayaca\u011f\u0131n\u0131z keyifli deneyimlerin ard\u0131ndan k\u0131sa bir mola vermek sizin de hakk\u0131n\u0131z.\",\"breadcrumb\":{\"@id\":\"https:\/\/allinoneturkey.com\/urun\/kapadokya-turk-hamami\/#breadcrumb\"},\"inLanguage\":\"en-GB\",\"potentialAction\":[{\"@type\":\"ReadAction\",\"target\":[\"https:\/\/allinoneturkey.com\/urun\/kapadokya-turk-hamami\/\"]}]},{\"@type\":\"ImageObject\",\"inLanguage\":\"en-GB\",\"@id\":\"https:\/\/allinoneturkey.com\/urun\/kapadokya-turk-hamami\/#primaryimage\",\"url\":\"https:\/\/allinoneturkey.com\/wp-content\/uploads\/2024\/12\/4-2.jpg\",\"contentUrl\":\"https:\/\/allinoneturkey.com\/wp-content\/uploads\/2024\/12\/4-2.jpg\",\"width\":1920,\"height\":1400,\"caption\":\"Turkish Bath (Hamam)\"},{\"@type\":\"BreadcrumbList\",\"@id\":\"https:\/\/allinoneturkey.com\/urun\/kapadokya-turk-hamami\/#breadcrumb\",\"itemListElement\":[{\"@type\":\"ListItem\",\"position\":1,\"name\":\"Anasayfa\",\"item\":\"https:\/\/allinoneturkey.com\/\"},{\"@type\":\"ListItem\",\"position\":2,\"name\":\"Ma\u011faza\",\"item\":\"https:\/\/allinoneturkey.com\/magaza\/\"},{\"@type\":\"ListItem\",\"position\":3,\"name\":\"Kapadokya T\u00fcrk Hamam\u0131\"}]},{\"@type\":\"WebSite\",\"@id\":\"https:\/\/allinoneturkey.com\/#website\",\"url\":\"https:\/\/allinoneturkey.com\/\",\"name\":\"All In One Turkey\",\"description\":\"Everything For Travel\",\"publisher\":{\"@id\":\"https:\/\/allinoneturkey.com\/#organization\"},\"potentialAction\":[{\"@type\":\"SearchAction\",\"target\":{\"@type\":\"EntryPoint\",\"urlTemplate\":\"https:\/\/allinoneturkey.com\/?s={search_term_string}\"},\"query-input\":{\"@type\":\"PropertyValueSpecification\",\"valueRequired\":true,\"valueName\":\"search_term_string\"}}],\"inLanguage\":\"en-GB\"},{\"@type\":\"Organization\",\"@id\":\"https:\/\/allinoneturkey.com\/#organization\",\"name\":\"All In One Turkey\",\"url\":\"https:\/\/allinoneturkey.com\/\",\"logo\":{\"@type\":\"ImageObject\",\"inLanguage\":\"en-GB\",\"@id\":\"https:\/\/allinoneturkey.com\/#\/schema\/logo\/image\/\",\"url\":\"https:\/\/allinoneturkey.com\/wp-content\/uploads\/2023\/11\/cropped-buyuklogo.png\",\"contentUrl\":\"https:\/\/allinoneturkey.com\/wp-content\/uploads\/2023\/11\/cropped-buyuklogo.png\",\"width\":630,\"height\":165,\"caption\":\"All In One Turkey\"},\"image\":{\"@id\":\"https:\/\/allinoneturkey.com\/#\/schema\/logo\/image\/\"}}]}<\/script>\n<!-- \/ Yoast SEO plugin. -->","yoast_head_json":{"title":"Kapadokya T\u00fcrk Hamam\u0131 - All In One Turkey","description":"Kapadokya T\u00fcrk Hamam\u0131 kapsam\u0131nda ya\u015fayaca\u011f\u0131n\u0131z keyifli deneyimlerin ard\u0131ndan k\u0131sa bir mola vermek sizin de hakk\u0131n\u0131z.","robots":{"index":"index","follow":"follow","max-snippet":"max-snippet:-1","max-image-preview":"max-image-preview:large","max-video-preview":"max-video-preview:-1"},"canonical":"https:\/\/allinoneturkey.com\/en\/product\/kapadokya-turk-hamami\/","og_locale":"en_GB","og_type":"article","og_title":"Kapadokya T\u00fcrk Hamam\u0131 - All In One Turkey","og_description":"Kapadokya T\u00fcrk Hamam\u0131 kapsam\u0131nda ya\u015fayaca\u011f\u0131n\u0131z keyifli deneyimlerin ard\u0131ndan k\u0131sa bir mola vermek sizin de hakk\u0131n\u0131z.","og_url":"https:\/\/allinoneturkey.com\/en\/product\/kapadokya-turk-hamami\/","og_site_name":"All In One Turkey","article_modified_time":"2025-03-26T13:38:39+00:00","og_image":[{"width":1920,"height":1400,"url":"https:\/\/allinoneturkey.com\/wp-content\/uploads\/2024\/12\/4-2.jpg","type":"image\/jpeg"}],"twitter_card":"summary_large_image","twitter_misc":{"Estimated reading time":"3 minutes"},"schema":{"@context":"https:\/\/schema.org","@graph":[{"@type":"WebPage","@id":"https:\/\/allinoneturkey.com\/urun\/kapadokya-turk-hamami\/","url":"https:\/\/allinoneturkey.com\/urun\/kapadokya-turk-hamami\/","name":"Kapadokya T\u00fcrk Hamam\u0131 - All In One Turkey","isPartOf":{"@id":"https:\/\/allinoneturkey.com\/#website"},"primaryImageOfPage":{"@id":"https:\/\/allinoneturkey.com\/urun\/kapadokya-turk-hamami\/#primaryimage"},"image":{"@id":"https:\/\/allinoneturkey.com\/urun\/kapadokya-turk-hamami\/#primaryimage"},"thumbnailUrl":"https:\/\/allinoneturkey.com\/wp-content\/uploads\/2024\/12\/4-2.jpg","datePublished":"2024-12-26T11:40:40+00:00","dateModified":"2025-03-26T13:38:39+00:00","description":"Kapadokya T\u00fcrk Hamam\u0131 kapsam\u0131nda ya\u015fayaca\u011f\u0131n\u0131z keyifli deneyimlerin ard\u0131ndan k\u0131sa bir mola vermek sizin de hakk\u0131n\u0131z.","breadcrumb":{"@id":"https:\/\/allinoneturkey.com\/urun\/kapadokya-turk-hamami\/#breadcrumb"},"inLanguage":"en-GB","potentialAction":[{"@type":"ReadAction","target":["https:\/\/allinoneturkey.com\/urun\/kapadokya-turk-hamami\/"]}]},{"@type":"ImageObject","inLanguage":"en-GB","@id":"https:\/\/allinoneturkey.com\/urun\/kapadokya-turk-hamami\/#primaryimage","url":"https:\/\/allinoneturkey.com\/wp-content\/uploads\/2024\/12\/4-2.jpg","contentUrl":"https:\/\/allinoneturkey.com\/wp-content\/uploads\/2024\/12\/4-2.jpg","width":1920,"height":1400,"caption":"Turkish Bath (Hamam)"},{"@type":"BreadcrumbList","@id":"https:\/\/allinoneturkey.com\/urun\/kapadokya-turk-hamami\/#breadcrumb","itemListElement":[{"@type":"ListItem","position":1,"name":"Anasayfa","item":"https:\/\/allinoneturkey.com\/"},{"@type":"ListItem","position":2,"name":"Ma\u011faza","item":"https:\/\/allinoneturkey.com\/magaza\/"},{"@type":"ListItem","position":3,"name":"Kapadokya T\u00fcrk Hamam\u0131"}]},{"@type":"WebSite","@id":"https:\/\/allinoneturkey.com\/#website","url":"https:\/\/allinoneturkey.com\/","name":"All In One Turkey","description":"Everything For Travel","publisher":{"@id":"https:\/\/allinoneturkey.com\/#organization"},"potentialAction":[{"@type":"SearchAction","target":{"@type":"EntryPoint","urlTemplate":"https:\/\/allinoneturkey.com\/?s={search_term_string}"},"query-input":{"@type":"PropertyValueSpecification","valueRequired":true,"valueName":"search_term_string"}}],"inLanguage":"en-GB"},{"@type":"Organization","@id":"https:\/\/allinoneturkey.com\/#organization","name":"All In One Turkey","url":"https:\/\/allinoneturkey.com\/","logo":{"@type":"ImageObject","inLanguage":"en-GB","@id":"https:\/\/allinoneturkey.com\/#\/schema\/logo\/image\/","url":"https:\/\/allinoneturkey.com\/wp-content\/uploads\/2023\/11\/cropped-buyuklogo.png","contentUrl":"https:\/\/allinoneturkey.com\/wp-content\/uploads\/2023\/11\/cropped-buyuklogo.png","width":630,"height":165,"caption":"All In One Turkey"},"image":{"@id":"https:\/\/allinoneturkey.com\/#\/schema\/logo\/image\/"}}]}},"_links":{"self":[{"href":"http:\/\/allinoneturkey.com\/en\/wp-json\/wp\/v2\/product\/1495","targetHints":{"allow":["GET"]}}],"collection":[{"href":"http:\/\/allinoneturkey.com\/en\/wp-json\/wp\/v2\/product"}],"about":[{"href":"http:\/\/allinoneturkey.com\/en\/wp-json\/wp\/v2\/types\/product"}],"replies":[{"embeddable":true,"href":"http:\/\/allinoneturkey.com\/en\/wp-json\/wp\/v2\/comments?post=1495"}],"version-history":[{"count":5,"href":"http:\/\/allinoneturkey.com\/en\/wp-json\/wp\/v2\/product\/1495\/revisions"}],"predecessor-version":[{"id":2754,"href":"http:\/\/allinoneturkey.com\/en\/wp-json\/wp\/v2\/product\/1495\/revisions\/2754"}],"wp:featuredmedia":[{"embeddable":true,"href":"http:\/\/allinoneturkey.com\/en\/wp-json\/wp\/v2\/media\/1496"}],"wp:attachment":[{"href":"http:\/\/allinoneturkey.com\/en\/wp-json\/wp\/v2\/media?parent=1495"}],"wp:term":[{"taxonomy":"product_brand","embeddable":true,"href":"http:\/\/allinoneturkey.com\/en\/wp-json\/wp\/v2\/product_brand?post=1495"},{"taxonomy":"product_cat","embeddable":true,"href":"http:\/\/allinoneturkey.com\/en\/wp-json\/wp\/v2\/product_cat?post=1495"},{"taxonomy":"product_tag","embeddable":true,"href":"http:\/\/allinoneturkey.com\/en\/wp-json\/wp\/v2\/product_tag?post=1495"},{"taxonomy":"mwb_booking_cost","embeddable":true,"href":"http:\/\/allinoneturkey.com\/en\/wp-json\/wp\/v2\/mwb_booking_cost?post=1495"},{"taxonomy":"mwb_booking_service","embeddable":true,"href":"http:\/\/allinoneturkey.com\/en\/wp-json\/wp\/v2\/mwb_booking_service?post=1495"}],"curies":[{"name":"wp","href":"https:\/\/api.w.org\/{rel}","templated":true}]}}