{"id":1639,"date":"2025-01-08T04:36:00","date_gmt":"2025-01-08T02:36:00","guid":{"rendered":"https:\/\/allinoneturkey.com\/?post_type=product&#038;p=1639"},"modified":"2025-03-26T15:15:56","modified_gmt":"2025-03-26T13:15:56","slug":"kapadokya-fotograf-turu","status":"publish","type":"product","link":"http:\/\/allinoneturkey.com\/en\/product\/kapadokya-fotograf-turu\/","title":{"rendered":"Cappadocia PhotoShoot Tour"},"content":{"rendered":"<h1><strong>Join Cappadocia PhotoShoot Tour!\u00a0 <\/strong><\/h1>\n<p><strong>What\u2019s Included?<\/strong><\/p>\n<ul>\n<li style=\"text-align: left;\">Hotel pickup<\/li>\n<li style=\"text-align: left;\">Kizilcukur Valley<\/li>\n<li style=\"text-align: left;\">Love Valley<\/li>\n<li style=\"text-align: left;\">Gu\u0308llu\u0308dere Valley<\/li>\n<li style=\"text-align: left;\">Professional Photo Editing - 1 Video Shot Included<\/li>\n<li style=\"text-align: left;\">Optional Video Capture<\/li>\n<li style=\"text-align: left;\">Hotel Drop-off<\/li>\n<\/ul>\n<p>If you are willing to experience the amazing rock formations and wonderful landscapes\nof Cappadocia with Hot Air Balloon Tour Cappadocia, join us now! An amazing\nexperience is waiting for you in the unique landscape of Cappadocia. Let us take a\nquick look at our Cappadocia PhotoShoot Tour program where you will collect\nunforgettable memories.<\/p>\n<h3><strong>About Tour\u00a0<\/strong><\/h3>\n<p>Photography tours are the rising trend of travel. Cappadocia and G\u00f6reme Region have\nbeen included in UNESCO World Heritage List since 1985. Cappadocia is abundant\nwith natural and historical wonders which you will never ever want to forget. You will be\nexperiencing this unique landscape as well as historical and archeological wonders.\nCappadocia PhotoShoot Tour is the right choice for you to take professional photos to\nrelive that moment every time you look at it. <strong>Cappadocia PhotoShoot Tour<\/strong> .<\/p>\n<h3><strong>Tour Content\u00a0<\/strong><\/h3>\n<p>The best times for a photoshoot are dawn and evening in Cappadocia. The panoramic\nview will make your photos unforgettable. Various locations in Cappadocia, which is a\nfrequent destination for tourists, offer a particularly visual feast. Cappadocia\nPhotoShoot Tour professional photo editing service will enhance your photos and give\nthem further sparkle.<\/p>\n<h3><strong>Tour Route\u00a0\u00a0<\/strong><\/h3>\n<p>Cappadocia PhotoShoot Tour\u00a0is the perfect choice for travelers who want to enjoy this experience at an affordable price. Before sunrise, we pick you up from your hotel and transport you to K\u0131z\u0131lc\u0327ukur, the area where hot air balloons\u00a0take off as the first point. Here, after completing the shootings as part of the\u00a0Cappadocia PhotoShoot Tour, we go to our second stop, the breathtakingly beautiful Love Valley. Love Valley is known for its fantastic landscape formations. During the tour, a perfect atmosphere and wonderful views will be waiting for you. I have no doubt that you will take amazing photos and collect unforgettable memories during the\u00a0Cappadocia PhotoShoot Tour. Finally, we are going to visit G\u00fcll\u00fcdere Valley for the continuation of the shooting. Your photos are taken and edited by our professional team. In addition to photos, you can also get a video as an extra service. At the end of the\u00a0Cappadocia PhotoShoot Tour\u00a0, a shuttle will be waiting for you to take you back to your hotel.<\/p>\n<p><strong>Cappadocia Photo Shoot Tour Booking\u00a0 <\/strong><\/p>\n<p>Photo Shoot Tour, which is among our most preferred tours within the scope of Cappadocia, is very easy to make a reservation. The professional photos you will take on this tour, which you will want to experience at least once in your life, will bring you back to that moment every time you look at it. Various locations in Cappadocia, which is a frequent destination for tourists, offer a particularly visual feast. You will want to leave unforgettable memories in the Love Valley and Gu\u0308llu\u0308dere Valley formations that you will see as part of the Cappadocia PhotoShoot Tour.<\/p>\n<p>If you want to experience the unforgettable\u00a0Cappadocia PhotoShoot Tour, book the plan that suits you and join us.<\/p>","protected":false},"excerpt":{"rendered":"<p>Per Person  |  Prices may vary by date<\/p>","protected":false},"featured_media":1640,"comment_status":"open","ping_status":"closed","template":"","meta":{"_joinchat":[]},"product_brand":[],"product_cat":[164,20],"product_tag":[108,102,138,140,137,135,106,136,107,110,139,115,134,141,113,104,111,103,125],"mwb_booking_cost":[],"mwb_booking_service":[],"class_list":{"0":"post-1639","1":"product","2":"type-product","3":"status-publish","4":"has-post-thumbnail","6":"product_cat-booking","7":"product_cat-tours","8":"product_tag-balon","9":"product_tag-cappadocia","10":"product_tag-dalaman","11":"product_tag-efes","12":"product_tag-erciyes","13":"product_tag-gezi","14":"product_tag-goreme","15":"product_tag-hot-air-baloon","16":"product_tag-kapadokya","17":"product_tag-nevsehir","18":"product_tag-pamukkale","19":"product_tag-peri-bacalari","20":"product_tag-photoshoot","21":"product_tag-tarih","22":"product_tag-tatil","23":"product_tag-tour","24":"product_tag-transfer","25":"product_tag-travel","26":"product_tag-turkish","27":"one-fourth","29":"first","30":"instock","31":"sale","32":"featured","33":"virtual","34":"taxable","35":"purchasable","36":"product-type-mwb_booking"},"yoast_head":"<!-- This site is optimized with the Yoast SEO plugin v26.6 - https:\/\/yoast.com\/wordpress\/plugins\/seo\/ -->\n<title>Kapadokya Foto\u011fraf Turu - All In One Turkey<\/title>\n<meta name=\"description\" content=\"Kapadokya&#039;da foto\u011fraf \u00e7ekmek i\u00e7in en iyi zaman g\u00fcn do\u011fumu ve g\u00fcn bat\u0131m\u0131d\u0131r. Kapadokya Foto\u011fraf Turu profesyonel foto\u011fraf\u00e7\u0131l\u0131\u011f\u0131 ile sizi etkileyecek\" \/>\n<meta name=\"robots\" content=\"index, follow, max-snippet:-1, max-image-preview:large, max-video-preview:-1\" \/>\n<link rel=\"canonical\" href=\"https:\/\/allinoneturkey.com\/en\/product\/kapadokya-fotograf-turu\/\" \/>\n<meta property=\"og:locale\" content=\"en_GB\" \/>\n<meta property=\"og:type\" content=\"article\" \/>\n<meta property=\"og:title\" content=\"Kapadokya Foto\u011fraf Turu - All In One Turkey\" \/>\n<meta property=\"og:description\" content=\"Kapadokya&#039;da foto\u011fraf \u00e7ekmek i\u00e7in en iyi zaman g\u00fcn do\u011fumu ve g\u00fcn bat\u0131m\u0131d\u0131r. Kapadokya Foto\u011fraf Turu profesyonel foto\u011fraf\u00e7\u0131l\u0131\u011f\u0131 ile sizi etkileyecek\" \/>\n<meta property=\"og:url\" content=\"https:\/\/allinoneturkey.com\/en\/product\/kapadokya-fotograf-turu\/\" \/>\n<meta property=\"og:site_name\" content=\"All In One Turkey\" \/>\n<meta property=\"article:modified_time\" content=\"2025-03-26T13:15:56+00:00\" \/>\n<meta property=\"og:image\" content=\"https:\/\/allinoneturkey.com\/wp-content\/uploads\/2025\/01\/1-1400x1000.jpg\" \/>\n\t<meta property=\"og:image:width\" content=\"1400\" \/>\n\t<meta property=\"og:image:height\" content=\"1000\" \/>\n\t<meta property=\"og:image:type\" content=\"image\/jpeg\" \/>\n<meta name=\"twitter:card\" content=\"summary_large_image\" \/>\n<meta name=\"twitter:label1\" content=\"Estimated reading time\" \/>\n\t<meta name=\"twitter:data1\" content=\"3 minutes\" \/>\n<script type=\"application\/ld+json\" class=\"yoast-schema-graph\">{\"@context\":\"https:\/\/schema.org\",\"@graph\":[{\"@type\":\"WebPage\",\"@id\":\"https:\/\/allinoneturkey.com\/urun\/kapadokya-fotograf-turu\/\",\"url\":\"https:\/\/allinoneturkey.com\/urun\/kapadokya-fotograf-turu\/\",\"name\":\"Kapadokya Foto\u011fraf Turu - All In One Turkey\",\"isPartOf\":{\"@id\":\"https:\/\/allinoneturkey.com\/#website\"},\"primaryImageOfPage\":{\"@id\":\"https:\/\/allinoneturkey.com\/urun\/kapadokya-fotograf-turu\/#primaryimage\"},\"image\":{\"@id\":\"https:\/\/allinoneturkey.com\/urun\/kapadokya-fotograf-turu\/#primaryimage\"},\"thumbnailUrl\":\"https:\/\/allinoneturkey.com\/wp-content\/uploads\/2025\/01\/1.jpg\",\"datePublished\":\"2025-01-08T02:36:00+00:00\",\"dateModified\":\"2025-03-26T13:15:56+00:00\",\"description\":\"Kapadokya'da foto\u011fraf \u00e7ekmek i\u00e7in en iyi zaman g\u00fcn do\u011fumu ve g\u00fcn bat\u0131m\u0131d\u0131r. Kapadokya Foto\u011fraf Turu profesyonel foto\u011fraf\u00e7\u0131l\u0131\u011f\u0131 ile sizi etkileyecek\",\"breadcrumb\":{\"@id\":\"https:\/\/allinoneturkey.com\/urun\/kapadokya-fotograf-turu\/#breadcrumb\"},\"inLanguage\":\"en-GB\",\"potentialAction\":[{\"@type\":\"ReadAction\",\"target\":[\"https:\/\/allinoneturkey.com\/urun\/kapadokya-fotograf-turu\/\"]}]},{\"@type\":\"ImageObject\",\"inLanguage\":\"en-GB\",\"@id\":\"https:\/\/allinoneturkey.com\/urun\/kapadokya-fotograf-turu\/#primaryimage\",\"url\":\"https:\/\/allinoneturkey.com\/wp-content\/uploads\/2025\/01\/1.jpg\",\"contentUrl\":\"https:\/\/allinoneturkey.com\/wp-content\/uploads\/2025\/01\/1.jpg\",\"width\":1920,\"height\":1400,\"caption\":\"cappadocia photoshoot tour\"},{\"@type\":\"BreadcrumbList\",\"@id\":\"https:\/\/allinoneturkey.com\/urun\/kapadokya-fotograf-turu\/#breadcrumb\",\"itemListElement\":[{\"@type\":\"ListItem\",\"position\":1,\"name\":\"Anasayfa\",\"item\":\"https:\/\/allinoneturkey.com\/\"},{\"@type\":\"ListItem\",\"position\":2,\"name\":\"Ma\u011faza\",\"item\":\"https:\/\/allinoneturkey.com\/magaza\/\"},{\"@type\":\"ListItem\",\"position\":3,\"name\":\"Kapadokya Foto\u011fraf Turu\"}]},{\"@type\":\"WebSite\",\"@id\":\"https:\/\/allinoneturkey.com\/#website\",\"url\":\"https:\/\/allinoneturkey.com\/\",\"name\":\"All In One Turkey\",\"description\":\"Everything For Travel\",\"publisher\":{\"@id\":\"https:\/\/allinoneturkey.com\/#organization\"},\"potentialAction\":[{\"@type\":\"SearchAction\",\"target\":{\"@type\":\"EntryPoint\",\"urlTemplate\":\"https:\/\/allinoneturkey.com\/?s={search_term_string}\"},\"query-input\":{\"@type\":\"PropertyValueSpecification\",\"valueRequired\":true,\"valueName\":\"search_term_string\"}}],\"inLanguage\":\"en-GB\"},{\"@type\":\"Organization\",\"@id\":\"https:\/\/allinoneturkey.com\/#organization\",\"name\":\"All In One Turkey\",\"url\":\"https:\/\/allinoneturkey.com\/\",\"logo\":{\"@type\":\"ImageObject\",\"inLanguage\":\"en-GB\",\"@id\":\"https:\/\/allinoneturkey.com\/#\/schema\/logo\/image\/\",\"url\":\"https:\/\/allinoneturkey.com\/wp-content\/uploads\/2023\/11\/cropped-buyuklogo.png\",\"contentUrl\":\"https:\/\/allinoneturkey.com\/wp-content\/uploads\/2023\/11\/cropped-buyuklogo.png\",\"width\":630,\"height\":165,\"caption\":\"All In One Turkey\"},\"image\":{\"@id\":\"https:\/\/allinoneturkey.com\/#\/schema\/logo\/image\/\"}}]}<\/script>\n<!-- \/ Yoast SEO plugin. -->","yoast_head_json":{"title":"Kapadokya Foto\u011fraf Turu - All In One Turkey","description":"Kapadokya'da foto\u011fraf \u00e7ekmek i\u00e7in en iyi zaman g\u00fcn do\u011fumu ve g\u00fcn bat\u0131m\u0131d\u0131r. Kapadokya Foto\u011fraf Turu profesyonel foto\u011fraf\u00e7\u0131l\u0131\u011f\u0131 ile sizi etkileyecek","robots":{"index":"index","follow":"follow","max-snippet":"max-snippet:-1","max-image-preview":"max-image-preview:large","max-video-preview":"max-video-preview:-1"},"canonical":"https:\/\/allinoneturkey.com\/en\/product\/kapadokya-fotograf-turu\/","og_locale":"en_GB","og_type":"article","og_title":"Kapadokya Foto\u011fraf Turu - All In One Turkey","og_description":"Kapadokya'da foto\u011fraf \u00e7ekmek i\u00e7in en iyi zaman g\u00fcn do\u011fumu ve g\u00fcn bat\u0131m\u0131d\u0131r. Kapadokya Foto\u011fraf Turu profesyonel foto\u011fraf\u00e7\u0131l\u0131\u011f\u0131 ile sizi etkileyecek","og_url":"https:\/\/allinoneturkey.com\/en\/product\/kapadokya-fotograf-turu\/","og_site_name":"All In One Turkey","article_modified_time":"2025-03-26T13:15:56+00:00","og_image":[{"width":1400,"height":1000,"url":"https:\/\/allinoneturkey.com\/wp-content\/uploads\/2025\/01\/1-1400x1000.jpg","type":"image\/jpeg"}],"twitter_card":"summary_large_image","twitter_misc":{"Estimated reading time":"3 minutes"},"schema":{"@context":"https:\/\/schema.org","@graph":[{"@type":"WebPage","@id":"https:\/\/allinoneturkey.com\/urun\/kapadokya-fotograf-turu\/","url":"https:\/\/allinoneturkey.com\/urun\/kapadokya-fotograf-turu\/","name":"Kapadokya Foto\u011fraf Turu - All In One Turkey","isPartOf":{"@id":"https:\/\/allinoneturkey.com\/#website"},"primaryImageOfPage":{"@id":"https:\/\/allinoneturkey.com\/urun\/kapadokya-fotograf-turu\/#primaryimage"},"image":{"@id":"https:\/\/allinoneturkey.com\/urun\/kapadokya-fotograf-turu\/#primaryimage"},"thumbnailUrl":"https:\/\/allinoneturkey.com\/wp-content\/uploads\/2025\/01\/1.jpg","datePublished":"2025-01-08T02:36:00+00:00","dateModified":"2025-03-26T13:15:56+00:00","description":"Kapadokya'da foto\u011fraf \u00e7ekmek i\u00e7in en iyi zaman g\u00fcn do\u011fumu ve g\u00fcn bat\u0131m\u0131d\u0131r. Kapadokya Foto\u011fraf Turu profesyonel foto\u011fraf\u00e7\u0131l\u0131\u011f\u0131 ile sizi etkileyecek","breadcrumb":{"@id":"https:\/\/allinoneturkey.com\/urun\/kapadokya-fotograf-turu\/#breadcrumb"},"inLanguage":"en-GB","potentialAction":[{"@type":"ReadAction","target":["https:\/\/allinoneturkey.com\/urun\/kapadokya-fotograf-turu\/"]}]},{"@type":"ImageObject","inLanguage":"en-GB","@id":"https:\/\/allinoneturkey.com\/urun\/kapadokya-fotograf-turu\/#primaryimage","url":"https:\/\/allinoneturkey.com\/wp-content\/uploads\/2025\/01\/1.jpg","contentUrl":"https:\/\/allinoneturkey.com\/wp-content\/uploads\/2025\/01\/1.jpg","width":1920,"height":1400,"caption":"cappadocia photoshoot tour"},{"@type":"BreadcrumbList","@id":"https:\/\/allinoneturkey.com\/urun\/kapadokya-fotograf-turu\/#breadcrumb","itemListElement":[{"@type":"ListItem","position":1,"name":"Anasayfa","item":"https:\/\/allinoneturkey.com\/"},{"@type":"ListItem","position":2,"name":"Ma\u011faza","item":"https:\/\/allinoneturkey.com\/magaza\/"},{"@type":"ListItem","position":3,"name":"Kapadokya Foto\u011fraf Turu"}]},{"@type":"WebSite","@id":"https:\/\/allinoneturkey.com\/#website","url":"https:\/\/allinoneturkey.com\/","name":"All In One Turkey","description":"Everything For Travel","publisher":{"@id":"https:\/\/allinoneturkey.com\/#organization"},"potentialAction":[{"@type":"SearchAction","target":{"@type":"EntryPoint","urlTemplate":"https:\/\/allinoneturkey.com\/?s={search_term_string}"},"query-input":{"@type":"PropertyValueSpecification","valueRequired":true,"valueName":"search_term_string"}}],"inLanguage":"en-GB"},{"@type":"Organization","@id":"https:\/\/allinoneturkey.com\/#organization","name":"All In One Turkey","url":"https:\/\/allinoneturkey.com\/","logo":{"@type":"ImageObject","inLanguage":"en-GB","@id":"https:\/\/allinoneturkey.com\/#\/schema\/logo\/image\/","url":"https:\/\/allinoneturkey.com\/wp-content\/uploads\/2023\/11\/cropped-buyuklogo.png","contentUrl":"https:\/\/allinoneturkey.com\/wp-content\/uploads\/2023\/11\/cropped-buyuklogo.png","width":630,"height":165,"caption":"All In One Turkey"},"image":{"@id":"https:\/\/allinoneturkey.com\/#\/schema\/logo\/image\/"}}]}},"_links":{"self":[{"href":"http:\/\/allinoneturkey.com\/en\/wp-json\/wp\/v2\/product\/1639","targetHints":{"allow":["GET"]}}],"collection":[{"href":"http:\/\/allinoneturkey.com\/en\/wp-json\/wp\/v2\/product"}],"about":[{"href":"http:\/\/allinoneturkey.com\/en\/wp-json\/wp\/v2\/types\/product"}],"replies":[{"embeddable":true,"href":"http:\/\/allinoneturkey.com\/en\/wp-json\/wp\/v2\/comments?post=1639"}],"version-history":[{"count":5,"href":"http:\/\/allinoneturkey.com\/en\/wp-json\/wp\/v2\/product\/1639\/revisions"}],"predecessor-version":[{"id":2750,"href":"http:\/\/allinoneturkey.com\/en\/wp-json\/wp\/v2\/product\/1639\/revisions\/2750"}],"wp:featuredmedia":[{"embeddable":true,"href":"http:\/\/allinoneturkey.com\/en\/wp-json\/wp\/v2\/media\/1640"}],"wp:attachment":[{"href":"http:\/\/allinoneturkey.com\/en\/wp-json\/wp\/v2\/media?parent=1639"}],"wp:term":[{"taxonomy":"product_brand","embeddable":true,"href":"http:\/\/allinoneturkey.com\/en\/wp-json\/wp\/v2\/product_brand?post=1639"},{"taxonomy":"product_cat","embeddable":true,"href":"http:\/\/allinoneturkey.com\/en\/wp-json\/wp\/v2\/product_cat?post=1639"},{"taxonomy":"product_tag","embeddable":true,"href":"http:\/\/allinoneturkey.com\/en\/wp-json\/wp\/v2\/product_tag?post=1639"},{"taxonomy":"mwb_booking_cost","embeddable":true,"href":"http:\/\/allinoneturkey.com\/en\/wp-json\/wp\/v2\/mwb_booking_cost?post=1639"},{"taxonomy":"mwb_booking_service","embeddable":true,"href":"http:\/\/allinoneturkey.com\/en\/wp-json\/wp\/v2\/mwb_booking_service?post=1639"}],"curies":[{"name":"wp","href":"https:\/\/api.w.org\/{rel}","templated":true}]}}