{"id":1648,"date":"2025-01-08T20:38:51","date_gmt":"2025-01-08T18:38:51","guid":{"rendered":"https:\/\/allinoneturkey.com\/?post_type=product&#038;p=1648"},"modified":"2025-03-26T14:59:24","modified_gmt":"2025-03-26T12:59:24","slug":"kapadokya-turk-gecesi-gosterisi","status":"publish","type":"product","link":"http:\/\/allinoneturkey.com\/en\/product\/kapadokya-turk-gecesi-gosterisi\/","title":{"rendered":"Turkish Night Show Cappadocia"},"content":{"rendered":"<h1>Turkish Night Show Cappadocia<\/h1>\n<p>The Turkish Night shows are a fun way to observe the traditional Turkish dances and costumes from many regions, the customs of the wedding proposal dance and a great way to relax and have a little fun.<\/p>\n<p>There are many Turkish Night performances \u2013 each offering exciting, fun and energetic evenings with food, music, dancing and beverages (alcoholic and non-alcoholic).<\/p>\n<p>Many of the shows offer many chances for guests to participate in the performance, usually ending with a group dance or samba-style line dancing around the room. This is a entertaining way to experience a little traditional, yet \u201cmade-for-tourists\u201d performance in Cappadocia.<\/p>\n<p>The price includes transportation from\/to your area hotel, the entrance, dinner, unlimited beverages and the show. The shows are every evening, usually returning to your hotel around 21:30 (09:30pm)<\/p>\n<h4>Evening of Turkish culture and entertainment<\/h4>\n<p>Turkey has a very ancient folk dance tradition, which varies from region to region and Turkish Night highlights the dances and complete them with traditional costumes. For you to experience the real Turkey you have to attend to one of this traditional Turkish evenings. You will enjoy in a typical Turkish atmosphere with an evening of Turkish culture, customs and folklore. With the sounds of folk music, you will have a chance to see a traditional Turkish vvedding, folk dances from Anatolia with their national costumes and to enjoy in belly dancing.<\/p>\n<h4>The program begins with live music and follovved with Turkish folk dancers entering the stage and start dancing.<\/h4>\n<p>Dancers, including the bride and groom, perform the traditional way in which girl gets married in Turkey. The bride is dressed in a beautiful red dress. After a coupie of other folk dances from different parts of Turkey, the highlight of the night comes: belly dancer. After some other dances and shows like fire dance, it\u2019s time for Caucasian dance with knives and drum show.<\/p>\n<h4>Turkish Night Show Cappadocia Details<\/h4>\n<p>The most popular Turkish folk dances are: \u201e\u00c7ayda \u00c7\u0131ra\u201d from Central Anatolia is performed by young giri\u015f dressed in silver and gold embroidered kaftans who dance in the dark with lighted candles in their hands. \u0130n the \u201cSilifke Yo\u011furdu\u201d from the South Mediterranean, dancers click vvooden spoons together above their heads. \u201c\u015eeyh \u015eamil\u201d from East Turkey is a beautiful dramatised legend of a Caucasian hero. \u201cK\u0131l\u0131\u00e7 Kalkan\u201d is an epic dance performed with swords and shields and originates from the northvvestern part of the country.<\/p>\n<p>\u201cZeybek\u201d is an epic and vigorous dance from Aegean Turkey and the dance is performed by male dancers who bang their knees on the floor betvveen the steps.<\/p>\n<p>Folk acts. Belly dancers. Meze starters, dinner and unlimited drinks served during the show. That\u2019s vvhat\u2019s on offer on this dinner-and-show extravaganza. Entertainment is guaranteed.<\/p>\n<p>&nbsp;<\/p>","protected":false},"excerpt":{"rendered":"<p>Kapadokya T\u00fcrk Gecesi G\u00f6sterisi T\u00fcrk Gecesi g\u00f6sterileri, bir\u00e7ok b\u00f6lgeden geleneksel T\u00fcrk danslar\u0131n\u0131 ve kost\u00fcmlerini, evlilik teklifi dans\u0131 geleneklerini g\u00f6zlemlemenin e\u011flenceli bir yoludur ve rahatlamak ve biraz e\u011flenmek i\u00e7in harika bir yoldur. Her biri yemek, m\u00fczik, dans ve i\u00e7eceklerle (alkoll\u00fc ve alkols\u00fcz) heyecan verici, e\u011flenceli ve enerjik ak\u015famlar sunan bir\u00e7ok T\u00fcrk Gecesi performans\u0131 vard\u0131r. G\u00f6sterilerin bir\u00e7o\u011fu, [&hellip;]<\/p>","protected":false},"featured_media":1651,"comment_status":"open","ping_status":"closed","template":"","meta":{"_joinchat":[]},"product_brand":[],"product_cat":[164,20],"product_tag":[109,108,102,138,140,137,135,106,120,136,107,143,110,115,144,112,116,113,104,111,103,114,125,142],"mwb_booking_cost":[],"mwb_booking_service":[],"class_list":{"0":"post-1648","1":"product","2":"type-product","3":"status-publish","4":"has-post-thumbnail","6":"product_cat-booking","7":"product_cat-tours","8":"product_tag-balloon","9":"product_tag-balon","10":"product_tag-cappadocia","11":"product_tag-dalaman","12":"product_tag-efes","13":"product_tag-erciyes","14":"product_tag-gezi","15":"product_tag-goreme","16":"product_tag-gosteri","17":"product_tag-hot-air-baloon","18":"product_tag-kapadokya","19":"product_tag-kayseri","20":"product_tag-nevsehir","21":"product_tag-peri-bacalari","22":"product_tag-radisson-blu","23":"product_tag-seyahat","24":"product_tag-show","25":"product_tag-tatil","26":"product_tag-tour","27":"product_tag-transfer","28":"product_tag-travel","29":"product_tag-tur","30":"product_tag-turkish","31":"product_tag-turkish-night","32":"one-fourth","34":"first","35":"instock","36":"featured","37":"virtual","38":"taxable","39":"purchasable","40":"product-type-mwb_booking"},"yoast_head":"<!-- This site is optimized with the Yoast SEO plugin v26.6 - https:\/\/yoast.com\/wordpress\/plugins\/seo\/ -->\n<title>Kapadokya T\u00fcrk Gecesi G\u00f6sterisi - All In One Turkey<\/title>\n<meta name=\"description\" content=\"Kapadokya T\u00fcrk Gecesi G\u00f6sterisi, geleneksel T\u00fcrk danslar\u0131n\u0131 ve kost\u00fcmlerini, evlilik teklifi dans\u0131 geleneklerini g\u00f6zlemlemenin e\u011flenceli bir yoludur\" \/>\n<meta name=\"robots\" content=\"index, follow, max-snippet:-1, max-image-preview:large, max-video-preview:-1\" \/>\n<link rel=\"canonical\" href=\"https:\/\/allinoneturkey.com\/en\/product\/kapadokya-turk-gecesi-gosterisi\/\" \/>\n<meta property=\"og:locale\" content=\"en_GB\" \/>\n<meta property=\"og:type\" content=\"article\" \/>\n<meta property=\"og:title\" content=\"Kapadokya T\u00fcrk Gecesi G\u00f6sterisi - All In One Turkey\" \/>\n<meta property=\"og:description\" content=\"Kapadokya T\u00fcrk Gecesi G\u00f6sterisi, geleneksel T\u00fcrk danslar\u0131n\u0131 ve kost\u00fcmlerini, evlilik teklifi dans\u0131 geleneklerini g\u00f6zlemlemenin e\u011flenceli bir yoludur\" \/>\n<meta property=\"og:url\" content=\"https:\/\/allinoneturkey.com\/en\/product\/kapadokya-turk-gecesi-gosterisi\/\" \/>\n<meta property=\"og:site_name\" content=\"All In One Turkey\" \/>\n<meta property=\"article:modified_time\" content=\"2025-03-26T12:59:24+00:00\" \/>\n<meta property=\"og:image\" content=\"https:\/\/allinoneturkey.com\/wp-content\/uploads\/2025\/01\/5-1.jpg\" \/>\n\t<meta property=\"og:image:width\" content=\"1920\" \/>\n\t<meta property=\"og:image:height\" content=\"1400\" \/>\n\t<meta property=\"og:image:type\" content=\"image\/jpeg\" \/>\n<meta name=\"twitter:card\" content=\"summary_large_image\" \/>\n<meta name=\"twitter:label1\" content=\"Estimated reading time\" \/>\n\t<meta name=\"twitter:data1\" content=\"3 minutes\" \/>\n<script type=\"application\/ld+json\" class=\"yoast-schema-graph\">{\"@context\":\"https:\/\/schema.org\",\"@graph\":[{\"@type\":\"WebPage\",\"@id\":\"https:\/\/allinoneturkey.com\/urun\/kapadokya-turk-gecesi-gosterisi\/\",\"url\":\"https:\/\/allinoneturkey.com\/urun\/kapadokya-turk-gecesi-gosterisi\/\",\"name\":\"Kapadokya T\u00fcrk Gecesi G\u00f6sterisi - All In One Turkey\",\"isPartOf\":{\"@id\":\"https:\/\/allinoneturkey.com\/#website\"},\"primaryImageOfPage\":{\"@id\":\"https:\/\/allinoneturkey.com\/urun\/kapadokya-turk-gecesi-gosterisi\/#primaryimage\"},\"image\":{\"@id\":\"https:\/\/allinoneturkey.com\/urun\/kapadokya-turk-gecesi-gosterisi\/#primaryimage\"},\"thumbnailUrl\":\"https:\/\/allinoneturkey.com\/wp-content\/uploads\/2025\/01\/5-1.jpg\",\"datePublished\":\"2025-01-08T18:38:51+00:00\",\"dateModified\":\"2025-03-26T12:59:24+00:00\",\"description\":\"Kapadokya T\u00fcrk Gecesi G\u00f6sterisi, geleneksel T\u00fcrk danslar\u0131n\u0131 ve kost\u00fcmlerini, evlilik teklifi dans\u0131 geleneklerini g\u00f6zlemlemenin e\u011flenceli bir yoludur\",\"breadcrumb\":{\"@id\":\"https:\/\/allinoneturkey.com\/urun\/kapadokya-turk-gecesi-gosterisi\/#breadcrumb\"},\"inLanguage\":\"en-GB\",\"potentialAction\":[{\"@type\":\"ReadAction\",\"target\":[\"https:\/\/allinoneturkey.com\/urun\/kapadokya-turk-gecesi-gosterisi\/\"]}]},{\"@type\":\"ImageObject\",\"inLanguage\":\"en-GB\",\"@id\":\"https:\/\/allinoneturkey.com\/urun\/kapadokya-turk-gecesi-gosterisi\/#primaryimage\",\"url\":\"https:\/\/allinoneturkey.com\/wp-content\/uploads\/2025\/01\/5-1.jpg\",\"contentUrl\":\"https:\/\/allinoneturkey.com\/wp-content\/uploads\/2025\/01\/5-1.jpg\",\"width\":1920,\"height\":1400,\"caption\":\"turkish night cappadocia kapadokya\"},{\"@type\":\"BreadcrumbList\",\"@id\":\"https:\/\/allinoneturkey.com\/urun\/kapadokya-turk-gecesi-gosterisi\/#breadcrumb\",\"itemListElement\":[{\"@type\":\"ListItem\",\"position\":1,\"name\":\"Anasayfa\",\"item\":\"https:\/\/allinoneturkey.com\/\"},{\"@type\":\"ListItem\",\"position\":2,\"name\":\"Ma\u011faza\",\"item\":\"https:\/\/allinoneturkey.com\/magaza\/\"},{\"@type\":\"ListItem\",\"position\":3,\"name\":\"Kapadokya T\u00fcrk Gecesi G\u00f6sterisi\"}]},{\"@type\":\"WebSite\",\"@id\":\"https:\/\/allinoneturkey.com\/#website\",\"url\":\"https:\/\/allinoneturkey.com\/\",\"name\":\"All In One Turkey\",\"description\":\"Everything For Travel\",\"publisher\":{\"@id\":\"https:\/\/allinoneturkey.com\/#organization\"},\"potentialAction\":[{\"@type\":\"SearchAction\",\"target\":{\"@type\":\"EntryPoint\",\"urlTemplate\":\"https:\/\/allinoneturkey.com\/?s={search_term_string}\"},\"query-input\":{\"@type\":\"PropertyValueSpecification\",\"valueRequired\":true,\"valueName\":\"search_term_string\"}}],\"inLanguage\":\"en-GB\"},{\"@type\":\"Organization\",\"@id\":\"https:\/\/allinoneturkey.com\/#organization\",\"name\":\"All In One Turkey\",\"url\":\"https:\/\/allinoneturkey.com\/\",\"logo\":{\"@type\":\"ImageObject\",\"inLanguage\":\"en-GB\",\"@id\":\"https:\/\/allinoneturkey.com\/#\/schema\/logo\/image\/\",\"url\":\"https:\/\/allinoneturkey.com\/wp-content\/uploads\/2023\/11\/cropped-buyuklogo.png\",\"contentUrl\":\"https:\/\/allinoneturkey.com\/wp-content\/uploads\/2023\/11\/cropped-buyuklogo.png\",\"width\":630,\"height\":165,\"caption\":\"All In One Turkey\"},\"image\":{\"@id\":\"https:\/\/allinoneturkey.com\/#\/schema\/logo\/image\/\"}}]}<\/script>\n<!-- \/ Yoast SEO plugin. -->","yoast_head_json":{"title":"Kapadokya T\u00fcrk Gecesi G\u00f6sterisi - All In One Turkey","description":"Kapadokya T\u00fcrk Gecesi G\u00f6sterisi, geleneksel T\u00fcrk danslar\u0131n\u0131 ve kost\u00fcmlerini, evlilik teklifi dans\u0131 geleneklerini g\u00f6zlemlemenin e\u011flenceli bir yoludur","robots":{"index":"index","follow":"follow","max-snippet":"max-snippet:-1","max-image-preview":"max-image-preview:large","max-video-preview":"max-video-preview:-1"},"canonical":"https:\/\/allinoneturkey.com\/en\/product\/kapadokya-turk-gecesi-gosterisi\/","og_locale":"en_GB","og_type":"article","og_title":"Kapadokya T\u00fcrk Gecesi G\u00f6sterisi - All In One Turkey","og_description":"Kapadokya T\u00fcrk Gecesi G\u00f6sterisi, geleneksel T\u00fcrk danslar\u0131n\u0131 ve kost\u00fcmlerini, evlilik teklifi dans\u0131 geleneklerini g\u00f6zlemlemenin e\u011flenceli bir yoludur","og_url":"https:\/\/allinoneturkey.com\/en\/product\/kapadokya-turk-gecesi-gosterisi\/","og_site_name":"All In One Turkey","article_modified_time":"2025-03-26T12:59:24+00:00","og_image":[{"width":1920,"height":1400,"url":"https:\/\/allinoneturkey.com\/wp-content\/uploads\/2025\/01\/5-1.jpg","type":"image\/jpeg"}],"twitter_card":"summary_large_image","twitter_misc":{"Estimated reading time":"3 minutes"},"schema":{"@context":"https:\/\/schema.org","@graph":[{"@type":"WebPage","@id":"https:\/\/allinoneturkey.com\/urun\/kapadokya-turk-gecesi-gosterisi\/","url":"https:\/\/allinoneturkey.com\/urun\/kapadokya-turk-gecesi-gosterisi\/","name":"Kapadokya T\u00fcrk Gecesi G\u00f6sterisi - All In One Turkey","isPartOf":{"@id":"https:\/\/allinoneturkey.com\/#website"},"primaryImageOfPage":{"@id":"https:\/\/allinoneturkey.com\/urun\/kapadokya-turk-gecesi-gosterisi\/#primaryimage"},"image":{"@id":"https:\/\/allinoneturkey.com\/urun\/kapadokya-turk-gecesi-gosterisi\/#primaryimage"},"thumbnailUrl":"https:\/\/allinoneturkey.com\/wp-content\/uploads\/2025\/01\/5-1.jpg","datePublished":"2025-01-08T18:38:51+00:00","dateModified":"2025-03-26T12:59:24+00:00","description":"Kapadokya T\u00fcrk Gecesi G\u00f6sterisi, geleneksel T\u00fcrk danslar\u0131n\u0131 ve kost\u00fcmlerini, evlilik teklifi dans\u0131 geleneklerini g\u00f6zlemlemenin e\u011flenceli bir yoludur","breadcrumb":{"@id":"https:\/\/allinoneturkey.com\/urun\/kapadokya-turk-gecesi-gosterisi\/#breadcrumb"},"inLanguage":"en-GB","potentialAction":[{"@type":"ReadAction","target":["https:\/\/allinoneturkey.com\/urun\/kapadokya-turk-gecesi-gosterisi\/"]}]},{"@type":"ImageObject","inLanguage":"en-GB","@id":"https:\/\/allinoneturkey.com\/urun\/kapadokya-turk-gecesi-gosterisi\/#primaryimage","url":"https:\/\/allinoneturkey.com\/wp-content\/uploads\/2025\/01\/5-1.jpg","contentUrl":"https:\/\/allinoneturkey.com\/wp-content\/uploads\/2025\/01\/5-1.jpg","width":1920,"height":1400,"caption":"turkish night cappadocia kapadokya"},{"@type":"BreadcrumbList","@id":"https:\/\/allinoneturkey.com\/urun\/kapadokya-turk-gecesi-gosterisi\/#breadcrumb","itemListElement":[{"@type":"ListItem","position":1,"name":"Anasayfa","item":"https:\/\/allinoneturkey.com\/"},{"@type":"ListItem","position":2,"name":"Ma\u011faza","item":"https:\/\/allinoneturkey.com\/magaza\/"},{"@type":"ListItem","position":3,"name":"Kapadokya T\u00fcrk Gecesi G\u00f6sterisi"}]},{"@type":"WebSite","@id":"https:\/\/allinoneturkey.com\/#website","url":"https:\/\/allinoneturkey.com\/","name":"All In One Turkey","description":"Everything For Travel","publisher":{"@id":"https:\/\/allinoneturkey.com\/#organization"},"potentialAction":[{"@type":"SearchAction","target":{"@type":"EntryPoint","urlTemplate":"https:\/\/allinoneturkey.com\/?s={search_term_string}"},"query-input":{"@type":"PropertyValueSpecification","valueRequired":true,"valueName":"search_term_string"}}],"inLanguage":"en-GB"},{"@type":"Organization","@id":"https:\/\/allinoneturkey.com\/#organization","name":"All In One Turkey","url":"https:\/\/allinoneturkey.com\/","logo":{"@type":"ImageObject","inLanguage":"en-GB","@id":"https:\/\/allinoneturkey.com\/#\/schema\/logo\/image\/","url":"https:\/\/allinoneturkey.com\/wp-content\/uploads\/2023\/11\/cropped-buyuklogo.png","contentUrl":"https:\/\/allinoneturkey.com\/wp-content\/uploads\/2023\/11\/cropped-buyuklogo.png","width":630,"height":165,"caption":"All In One Turkey"},"image":{"@id":"https:\/\/allinoneturkey.com\/#\/schema\/logo\/image\/"}}]}},"_links":{"self":[{"href":"http:\/\/allinoneturkey.com\/en\/wp-json\/wp\/v2\/product\/1648","targetHints":{"allow":["GET"]}}],"collection":[{"href":"http:\/\/allinoneturkey.com\/en\/wp-json\/wp\/v2\/product"}],"about":[{"href":"http:\/\/allinoneturkey.com\/en\/wp-json\/wp\/v2\/types\/product"}],"replies":[{"embeddable":true,"href":"http:\/\/allinoneturkey.com\/en\/wp-json\/wp\/v2\/comments?post=1648"}],"version-history":[{"count":4,"href":"http:\/\/allinoneturkey.com\/en\/wp-json\/wp\/v2\/product\/1648\/revisions"}],"predecessor-version":[{"id":2746,"href":"http:\/\/allinoneturkey.com\/en\/wp-json\/wp\/v2\/product\/1648\/revisions\/2746"}],"wp:featuredmedia":[{"embeddable":true,"href":"http:\/\/allinoneturkey.com\/en\/wp-json\/wp\/v2\/media\/1651"}],"wp:attachment":[{"href":"http:\/\/allinoneturkey.com\/en\/wp-json\/wp\/v2\/media?parent=1648"}],"wp:term":[{"taxonomy":"product_brand","embeddable":true,"href":"http:\/\/allinoneturkey.com\/en\/wp-json\/wp\/v2\/product_brand?post=1648"},{"taxonomy":"product_cat","embeddable":true,"href":"http:\/\/allinoneturkey.com\/en\/wp-json\/wp\/v2\/product_cat?post=1648"},{"taxonomy":"product_tag","embeddable":true,"href":"http:\/\/allinoneturkey.com\/en\/wp-json\/wp\/v2\/product_tag?post=1648"},{"taxonomy":"mwb_booking_cost","embeddable":true,"href":"http:\/\/allinoneturkey.com\/en\/wp-json\/wp\/v2\/mwb_booking_cost?post=1648"},{"taxonomy":"mwb_booking_service","embeddable":true,"href":"http:\/\/allinoneturkey.com\/en\/wp-json\/wp\/v2\/mwb_booking_service?post=1648"}],"curies":[{"name":"wp","href":"https:\/\/api.w.org\/{rel}","templated":true}]}}