{"id":2605,"date":"2025-03-17T20:22:04","date_gmt":"2025-03-17T18:22:04","guid":{"rendered":"https:\/\/allinoneturkey.com\/?post_type=product&#038;p=2605"},"modified":"2025-03-18T19:51:34","modified_gmt":"2025-03-18T17:51:34","slug":"gocek-kiralik-tekne","status":"publish","type":"product","link":"http:\/\/allinoneturkey.com\/en\/product\/gocek-kiralik-tekne\/","title":{"rendered":"G\u00f6cek Rental Boat MS2024 (Daily &amp; Weekly)"},"content":{"rendered":"<p><img decoding=\"async\" class=\"alignnone size-full wp-image-2616\" src=\"https:\/\/allinoneturkey.com\/wp-content\/uploads\/2025\/03\/teknetur-mehtaptr.png\" alt=\"g\u00f6cek fethiye tekne tur boat tour daily \" width=\"693\" height=\"43\" srcset=\"https:\/\/allinoneturkey.com\/wp-content\/uploads\/2025\/03\/teknetur-mehtaptr.png 693w, https:\/\/allinoneturkey.com\/wp-content\/uploads\/2025\/03\/teknetur-mehtaptr-18x1.png 18w, https:\/\/allinoneturkey.com\/wp-content\/uploads\/2025\/03\/teknetur-mehtaptr-600x37.png 600w\" sizes=\"(max-width: 693px) 100vw, 693px\" \/><\/p>\n<h1 data-sourcepos=\"3:1-3:69\">MS2024 G\u00f6cek Rental Boat (Daily &amp; Weekly)<\/h1>\n<p data-sourcepos=\"3:1-3:69\"><strong>G\u00f6cek Rental Boat\u00a0<\/strong><\/p>\n<p data-sourcepos=\"3:1-3:69\"><strong>Unforgettable Blue Voyage Experience in the Hidden Paradise: G\u00f6cek<\/strong><\/p>\n<p data-sourcepos=\"5:1-5:282\">We have a tremendous offer for the Blue Voyage you have always been dreaming of. Our 13-\nmeter luxury boat can accommodate up to 6 guests in the unique bays of G\u00f6cek. Our\nexperienced and friendly crew of 3 takes care of each and every detail in order to help you have\na splendid time in G\u00f6cek.<\/p>\n<p data-sourcepos=\"7:1-7:27\"><strong>Our boat features:<\/strong><\/p>\n<ul data-sourcepos=\"9:1-15:0\">\n<li data-sourcepos=\"9:1-9:25\"><strong>Capacity:<\/strong> 6 guests<\/li>\n<li data-sourcepos=\"10:1-10:38\"><strong>Crew:<\/strong> 3 experienced personnel<\/li>\n<li data-sourcepos=\"11:1-11:23\"><strong>Length:<\/strong> 13 meters<\/li>\n<li data-sourcepos=\"12:1-12:86\"><strong>Comfort:<\/strong> Large and comfortable living areas, sun deck, shaded areas<\/li>\n<li data-sourcepos=\"13:1-13:93\"><strong>Equipment:<\/strong> Modern navigation and safety equipment, water sports equipment\n(optional)<\/li>\n<li data-sourcepos=\"14:1-15:0\"><strong>Accommodation:<\/strong> Comfortable cabins, shower and toilet facilities<\/li>\n<\/ul>\n<p><strong>Food and Beverage Options:<\/strong><\/p>\n<p>In this tour, our guests make their grocery (food and drink) shopping on their\nown. Pick your favorite dishes, and maybe some traditional Turkish dishes, bring\nus the ingredients and let our boat\u2019s chef cook and prepare it for you. This way\nyou can experience a Blue Voyage with your own favorite tastes and\npreferences.<\/p>\n<p>You can benefit from our airport transfer service for your boat holiday. <a href=\"https:\/\/allinoneturkey.com\/en\/transfer\/\" target=\"_blank\" rel=\"noopener\">Please\nclick to create a transfer reservation.<\/a>.<\/p>\n<p><a href=\"https:\/\/www.instagram.com\/allinone.turkiye\/\" target=\"_blank\" rel=\"noopener\">Instagram<\/a>Follow us<\/p>","protected":false},"excerpt":{"rendered":"<p>Daily Price \/ Max. 6 Person<\/p>","protected":false},"featured_media":2641,"comment_status":"open","ping_status":"closed","template":"","meta":{"_joinchat":[]},"product_brand":[],"product_cat":[164,20],"product_tag":[],"mwb_booking_cost":[],"mwb_booking_service":[],"class_list":{"0":"post-2605","1":"product","2":"type-product","3":"status-publish","4":"has-post-thumbnail","6":"product_cat-booking","7":"product_cat-tours","8":"one-fourth","10":"first","11":"instock","12":"featured","13":"virtual","14":"taxable","15":"purchasable","16":"product-type-mwb_booking"},"yoast_head":"<!-- This site is optimized with the Yoast SEO plugin v26.6 - https:\/\/yoast.com\/wordpress\/plugins\/seo\/ -->\n<title>G\u00f6cek Kiral\u0131k Tekne MS2024 (G\u00fcnl\u00fck ve Haftal\u0131k) - All In One Turkey<\/title>\n<meta name=\"description\" content=\"G\u00f6cek kiral\u0131k tekne hizmetimizle hayallerinizdeki mavi yolculuk i\u00e7in m\u00fckemmel bir se\u00e7enek sunuyoruz. Detaylar i\u00e7in sayfam\u0131z\u0131 inceleyebilirsiniz.\" \/>\n<meta name=\"robots\" content=\"index, follow, max-snippet:-1, max-image-preview:large, max-video-preview:-1\" \/>\n<link rel=\"canonical\" href=\"https:\/\/allinoneturkey.com\/en\/product\/gocek-kiralik-tekne\/\" \/>\n<meta property=\"og:locale\" content=\"en_GB\" \/>\n<meta property=\"og:type\" content=\"article\" \/>\n<meta property=\"og:title\" content=\"G\u00f6cek Kiral\u0131k Tekne MS2024 (G\u00fcnl\u00fck ve Haftal\u0131k) - All In One Turkey\" \/>\n<meta property=\"og:description\" content=\"G\u00f6cek kiral\u0131k tekne hizmetimizle hayallerinizdeki mavi yolculuk i\u00e7in m\u00fckemmel bir se\u00e7enek sunuyoruz. Detaylar i\u00e7in sayfam\u0131z\u0131 inceleyebilirsiniz.\" \/>\n<meta property=\"og:url\" content=\"https:\/\/allinoneturkey.com\/en\/product\/gocek-kiralik-tekne\/\" \/>\n<meta property=\"og:site_name\" content=\"All In One Turkey\" \/>\n<meta property=\"article:modified_time\" content=\"2025-03-18T17:51:34+00:00\" \/>\n<meta property=\"og:image\" content=\"https:\/\/allinoneturkey.com\/wp-content\/uploads\/2025\/03\/1.jpg\" \/>\n\t<meta property=\"og:image:width\" content=\"1920\" \/>\n\t<meta property=\"og:image:height\" content=\"1400\" \/>\n\t<meta property=\"og:image:type\" content=\"image\/jpeg\" \/>\n<meta name=\"twitter:card\" content=\"summary_large_image\" \/>\n<meta name=\"twitter:label1\" content=\"Estimated reading time\" \/>\n\t<meta name=\"twitter:data1\" content=\"2 minutes\" \/>\n<script type=\"application\/ld+json\" class=\"yoast-schema-graph\">{\"@context\":\"https:\/\/schema.org\",\"@graph\":[{\"@type\":\"WebPage\",\"@id\":\"https:\/\/allinoneturkey.com\/urun\/gocek-kiralik-tekne\/\",\"url\":\"https:\/\/allinoneturkey.com\/urun\/gocek-kiralik-tekne\/\",\"name\":\"G\u00f6cek Kiral\u0131k Tekne MS2024 (G\u00fcnl\u00fck ve Haftal\u0131k) - All In One Turkey\",\"isPartOf\":{\"@id\":\"https:\/\/allinoneturkey.com\/#website\"},\"primaryImageOfPage\":{\"@id\":\"https:\/\/allinoneturkey.com\/urun\/gocek-kiralik-tekne\/#primaryimage\"},\"image\":{\"@id\":\"https:\/\/allinoneturkey.com\/urun\/gocek-kiralik-tekne\/#primaryimage\"},\"thumbnailUrl\":\"https:\/\/allinoneturkey.com\/wp-content\/uploads\/2025\/03\/1.jpg\",\"datePublished\":\"2025-03-17T18:22:04+00:00\",\"dateModified\":\"2025-03-18T17:51:34+00:00\",\"description\":\"G\u00f6cek kiral\u0131k tekne hizmetimizle hayallerinizdeki mavi yolculuk i\u00e7in m\u00fckemmel bir se\u00e7enek sunuyoruz. Detaylar i\u00e7in sayfam\u0131z\u0131 inceleyebilirsiniz.\",\"breadcrumb\":{\"@id\":\"https:\/\/allinoneturkey.com\/urun\/gocek-kiralik-tekne\/#breadcrumb\"},\"inLanguage\":\"en-GB\",\"potentialAction\":[{\"@type\":\"ReadAction\",\"target\":[\"https:\/\/allinoneturkey.com\/urun\/gocek-kiralik-tekne\/\"]}]},{\"@type\":\"ImageObject\",\"inLanguage\":\"en-GB\",\"@id\":\"https:\/\/allinoneturkey.com\/urun\/gocek-kiralik-tekne\/#primaryimage\",\"url\":\"https:\/\/allinoneturkey.com\/wp-content\/uploads\/2025\/03\/1.jpg\",\"contentUrl\":\"https:\/\/allinoneturkey.com\/wp-content\/uploads\/2025\/03\/1.jpg\",\"width\":1920,\"height\":1400,\"caption\":\"tekne yat g\u00f6cek kiral\u0131k kaptanl\u0131 boat yacht tour sale captain gocek\"},{\"@type\":\"BreadcrumbList\",\"@id\":\"https:\/\/allinoneturkey.com\/urun\/gocek-kiralik-tekne\/#breadcrumb\",\"itemListElement\":[{\"@type\":\"ListItem\",\"position\":1,\"name\":\"Anasayfa\",\"item\":\"https:\/\/allinoneturkey.com\/\"},{\"@type\":\"ListItem\",\"position\":2,\"name\":\"Ma\u011faza\",\"item\":\"https:\/\/allinoneturkey.com\/magaza\/\"},{\"@type\":\"ListItem\",\"position\":3,\"name\":\"G\u00f6cek Kiral\u0131k Tekne MS2024 (G\u00fcnl\u00fck ve Haftal\u0131k)\"}]},{\"@type\":\"WebSite\",\"@id\":\"https:\/\/allinoneturkey.com\/#website\",\"url\":\"https:\/\/allinoneturkey.com\/\",\"name\":\"All In One Turkey\",\"description\":\"Everything For Travel\",\"publisher\":{\"@id\":\"https:\/\/allinoneturkey.com\/#organization\"},\"potentialAction\":[{\"@type\":\"SearchAction\",\"target\":{\"@type\":\"EntryPoint\",\"urlTemplate\":\"https:\/\/allinoneturkey.com\/?s={search_term_string}\"},\"query-input\":{\"@type\":\"PropertyValueSpecification\",\"valueRequired\":true,\"valueName\":\"search_term_string\"}}],\"inLanguage\":\"en-GB\"},{\"@type\":\"Organization\",\"@id\":\"https:\/\/allinoneturkey.com\/#organization\",\"name\":\"All In One Turkey\",\"url\":\"https:\/\/allinoneturkey.com\/\",\"logo\":{\"@type\":\"ImageObject\",\"inLanguage\":\"en-GB\",\"@id\":\"https:\/\/allinoneturkey.com\/#\/schema\/logo\/image\/\",\"url\":\"https:\/\/allinoneturkey.com\/wp-content\/uploads\/2023\/11\/cropped-buyuklogo.png\",\"contentUrl\":\"https:\/\/allinoneturkey.com\/wp-content\/uploads\/2023\/11\/cropped-buyuklogo.png\",\"width\":630,\"height\":165,\"caption\":\"All In One Turkey\"},\"image\":{\"@id\":\"https:\/\/allinoneturkey.com\/#\/schema\/logo\/image\/\"}}]}<\/script>\n<!-- \/ Yoast SEO plugin. -->","yoast_head_json":{"title":"G\u00f6cek Kiral\u0131k Tekne MS2024 (G\u00fcnl\u00fck ve Haftal\u0131k) - All In One Turkey","description":"G\u00f6cek kiral\u0131k tekne hizmetimizle hayallerinizdeki mavi yolculuk i\u00e7in m\u00fckemmel bir se\u00e7enek sunuyoruz. Detaylar i\u00e7in sayfam\u0131z\u0131 inceleyebilirsiniz.","robots":{"index":"index","follow":"follow","max-snippet":"max-snippet:-1","max-image-preview":"max-image-preview:large","max-video-preview":"max-video-preview:-1"},"canonical":"https:\/\/allinoneturkey.com\/en\/product\/gocek-kiralik-tekne\/","og_locale":"en_GB","og_type":"article","og_title":"G\u00f6cek Kiral\u0131k Tekne MS2024 (G\u00fcnl\u00fck ve Haftal\u0131k) - All In One Turkey","og_description":"G\u00f6cek kiral\u0131k tekne hizmetimizle hayallerinizdeki mavi yolculuk i\u00e7in m\u00fckemmel bir se\u00e7enek sunuyoruz. Detaylar i\u00e7in sayfam\u0131z\u0131 inceleyebilirsiniz.","og_url":"https:\/\/allinoneturkey.com\/en\/product\/gocek-kiralik-tekne\/","og_site_name":"All In One Turkey","article_modified_time":"2025-03-18T17:51:34+00:00","og_image":[{"width":1920,"height":1400,"url":"https:\/\/allinoneturkey.com\/wp-content\/uploads\/2025\/03\/1.jpg","type":"image\/jpeg"}],"twitter_card":"summary_large_image","twitter_misc":{"Estimated reading time":"2 minutes"},"schema":{"@context":"https:\/\/schema.org","@graph":[{"@type":"WebPage","@id":"https:\/\/allinoneturkey.com\/urun\/gocek-kiralik-tekne\/","url":"https:\/\/allinoneturkey.com\/urun\/gocek-kiralik-tekne\/","name":"G\u00f6cek Kiral\u0131k Tekne MS2024 (G\u00fcnl\u00fck ve Haftal\u0131k) - All In One Turkey","isPartOf":{"@id":"https:\/\/allinoneturkey.com\/#website"},"primaryImageOfPage":{"@id":"https:\/\/allinoneturkey.com\/urun\/gocek-kiralik-tekne\/#primaryimage"},"image":{"@id":"https:\/\/allinoneturkey.com\/urun\/gocek-kiralik-tekne\/#primaryimage"},"thumbnailUrl":"https:\/\/allinoneturkey.com\/wp-content\/uploads\/2025\/03\/1.jpg","datePublished":"2025-03-17T18:22:04+00:00","dateModified":"2025-03-18T17:51:34+00:00","description":"G\u00f6cek kiral\u0131k tekne hizmetimizle hayallerinizdeki mavi yolculuk i\u00e7in m\u00fckemmel bir se\u00e7enek sunuyoruz. Detaylar i\u00e7in sayfam\u0131z\u0131 inceleyebilirsiniz.","breadcrumb":{"@id":"https:\/\/allinoneturkey.com\/urun\/gocek-kiralik-tekne\/#breadcrumb"},"inLanguage":"en-GB","potentialAction":[{"@type":"ReadAction","target":["https:\/\/allinoneturkey.com\/urun\/gocek-kiralik-tekne\/"]}]},{"@type":"ImageObject","inLanguage":"en-GB","@id":"https:\/\/allinoneturkey.com\/urun\/gocek-kiralik-tekne\/#primaryimage","url":"https:\/\/allinoneturkey.com\/wp-content\/uploads\/2025\/03\/1.jpg","contentUrl":"https:\/\/allinoneturkey.com\/wp-content\/uploads\/2025\/03\/1.jpg","width":1920,"height":1400,"caption":"tekne yat g\u00f6cek kiral\u0131k kaptanl\u0131 boat yacht tour sale captain gocek"},{"@type":"BreadcrumbList","@id":"https:\/\/allinoneturkey.com\/urun\/gocek-kiralik-tekne\/#breadcrumb","itemListElement":[{"@type":"ListItem","position":1,"name":"Anasayfa","item":"https:\/\/allinoneturkey.com\/"},{"@type":"ListItem","position":2,"name":"Ma\u011faza","item":"https:\/\/allinoneturkey.com\/magaza\/"},{"@type":"ListItem","position":3,"name":"G\u00f6cek Kiral\u0131k Tekne MS2024 (G\u00fcnl\u00fck ve Haftal\u0131k)"}]},{"@type":"WebSite","@id":"https:\/\/allinoneturkey.com\/#website","url":"https:\/\/allinoneturkey.com\/","name":"All In One Turkey","description":"Everything For Travel","publisher":{"@id":"https:\/\/allinoneturkey.com\/#organization"},"potentialAction":[{"@type":"SearchAction","target":{"@type":"EntryPoint","urlTemplate":"https:\/\/allinoneturkey.com\/?s={search_term_string}"},"query-input":{"@type":"PropertyValueSpecification","valueRequired":true,"valueName":"search_term_string"}}],"inLanguage":"en-GB"},{"@type":"Organization","@id":"https:\/\/allinoneturkey.com\/#organization","name":"All In One Turkey","url":"https:\/\/allinoneturkey.com\/","logo":{"@type":"ImageObject","inLanguage":"en-GB","@id":"https:\/\/allinoneturkey.com\/#\/schema\/logo\/image\/","url":"https:\/\/allinoneturkey.com\/wp-content\/uploads\/2023\/11\/cropped-buyuklogo.png","contentUrl":"https:\/\/allinoneturkey.com\/wp-content\/uploads\/2023\/11\/cropped-buyuklogo.png","width":630,"height":165,"caption":"All In One Turkey"},"image":{"@id":"https:\/\/allinoneturkey.com\/#\/schema\/logo\/image\/"}}]}},"_links":{"self":[{"href":"http:\/\/allinoneturkey.com\/en\/wp-json\/wp\/v2\/product\/2605","targetHints":{"allow":["GET"]}}],"collection":[{"href":"http:\/\/allinoneturkey.com\/en\/wp-json\/wp\/v2\/product"}],"about":[{"href":"http:\/\/allinoneturkey.com\/en\/wp-json\/wp\/v2\/types\/product"}],"replies":[{"embeddable":true,"href":"http:\/\/allinoneturkey.com\/en\/wp-json\/wp\/v2\/comments?post=2605"}],"version-history":[{"count":15,"href":"http:\/\/allinoneturkey.com\/en\/wp-json\/wp\/v2\/product\/2605\/revisions"}],"predecessor-version":[{"id":2651,"href":"http:\/\/allinoneturkey.com\/en\/wp-json\/wp\/v2\/product\/2605\/revisions\/2651"}],"wp:featuredmedia":[{"embeddable":true,"href":"http:\/\/allinoneturkey.com\/en\/wp-json\/wp\/v2\/media\/2641"}],"wp:attachment":[{"href":"http:\/\/allinoneturkey.com\/en\/wp-json\/wp\/v2\/media?parent=2605"}],"wp:term":[{"taxonomy":"product_brand","embeddable":true,"href":"http:\/\/allinoneturkey.com\/en\/wp-json\/wp\/v2\/product_brand?post=2605"},{"taxonomy":"product_cat","embeddable":true,"href":"http:\/\/allinoneturkey.com\/en\/wp-json\/wp\/v2\/product_cat?post=2605"},{"taxonomy":"product_tag","embeddable":true,"href":"http:\/\/allinoneturkey.com\/en\/wp-json\/wp\/v2\/product_tag?post=2605"},{"taxonomy":"mwb_booking_cost","embeddable":true,"href":"http:\/\/allinoneturkey.com\/en\/wp-json\/wp\/v2\/mwb_booking_cost?post=2605"},{"taxonomy":"mwb_booking_service","embeddable":true,"href":"http:\/\/allinoneturkey.com\/en\/wp-json\/wp\/v2\/mwb_booking_service?post=2605"}],"curies":[{"name":"wp","href":"https:\/\/api.w.org\/{rel}","templated":true}]}}