{"id":798,"date":"2024-12-16T15:47:53","date_gmt":"2024-12-16T15:47:53","guid":{"rendered":"https:\/\/allinoneturkey.com\/?post_type=product&#038;p=798"},"modified":"2024-12-20T00:25:22","modified_gmt":"2024-12-19T22:25:22","slug":"paragliding-oludeniz","status":"publish","type":"product","link":"http:\/\/allinoneturkey.com\/en\/product\/paragliding-oludeniz\/","title":{"rendered":"Paragliding (Oludeniz)"},"content":{"rendered":"<p>Oludeniz paragliding flights are made from Fethiye - Babada\u011f 1969 metres.<\/p>\n<div class=\"t396__elem tn-elem tn-elem__7492631131708075967579 t-animate t-animate_started\" data-elem-id=\"1708075967579\" data-elem-type=\"text\" data-field-top-value=\"72\" data-field-left-value=\"673\" data-field-width-value=\"305\" data-field-axisy-value=\"top\" data-field-axisx-value=\"left\" data-field-container-value=\"grid\" data-field-topunits-value=\"px\" data-field-leftunits-value=\"px\" data-field-heightunits-value=\"\" data-field-widthunits-value=\"px\" data-animate-style=\"fadeinright\" data-animate-duration=\"0.8\" data-animate-distance=\"100\" data-animate-trigger-offset=\"200\" data-animate-mobile=\"y\" data-field-top-res-320-value=\"110\" data-field-left-res-320-value=\"70\" data-field-width-res-320-value=\"230\" data-animate-distance-res-320=\"70\" data-animate-trigger-offset-res-320=\"20\" data-field-top-res-480-value=\"126\" data-field-left-res-480-value=\"90\" data-field-width-res-480-value=\"341\" data-field-top-res-640-value=\"39\" data-field-left-res-640-value=\"352\" data-field-width-res-640-value=\"248\" data-field-top-res-960-value=\"40\" data-field-left-res-960-value=\"554\" data-field-width-res-960-value=\"334\" data-fields=\"top,left,width,container,axisx,axisy,widthunits,leftunits,topunits\" data-observer-ready=\"true\">\n<div>We will pick you up from your hotel or you can come to our office yourself. We climb to the top of Babada\u011f and start to enjoy the view. Flying is of course the main part! The flight itself usually takes 25-30 minutes. Landing on the beautiful Oludeniz beach. Downloading the new great photos and videos you have;)<\/div>\n<div><\/div>\n<div><\/div>\n<div class=\"tn-atom\"><em>-We have flights every day all year round according to seasonal conditions<\/em><\/div>\n<\/div>\n<div class=\"t396__elem tn-elem tn-elem__7492631131708076043309 t-animate t-animate_started\" data-elem-id=\"1708076043309\" data-elem-type=\"text\" data-field-top-value=\"155\" data-field-left-value=\"673\" data-field-width-value=\"368\" data-field-axisy-value=\"top\" data-field-axisx-value=\"left\" data-field-container-value=\"grid\" data-field-topunits-value=\"px\" data-field-leftunits-value=\"px\" data-field-heightunits-value=\"\" data-field-widthunits-value=\"px\" data-animate-style=\"fadeinright\" data-animate-duration=\"0.8\" data-animate-distance=\"100\" data-animate-trigger-offset=\"50\" data-animate-mobile=\"y\" data-field-top-res-320-value=\"176\" data-field-left-res-320-value=\"70\" data-field-width-res-320-value=\"212\" data-animate-distance-res-320=\"70\" data-animate-trigger-offset-res-320=\"20\" data-field-top-res-480-value=\"200\" data-field-left-res-480-value=\"90\" data-field-width-res-480-value=\"346\" data-field-top-res-640-value=\"105\" data-field-left-res-640-value=\"353\" data-field-width-res-640-value=\"220\" data-field-top-res-960-value=\"115\" data-field-left-res-960-value=\"554\" data-fields=\"top,left,width,container,axisx,axisy,widthunits,leftunits,topunits\" data-observer-ready=\"true\">\n<div class=\"tn-atom\"><em>-Flight times 08:00 10:00, 12:30, 14:30, 16:30<\/em><\/div>\n<\/div>\n<div class=\"t396__elem tn-elem tn-elem__7492631131708076169227 t-animate t-animate_started\" data-elem-id=\"1708076169227\" data-elem-type=\"text\" data-field-top-value=\"216\" data-field-left-value=\"673\" data-field-width-value=\"350\" data-field-axisy-value=\"top\" data-field-axisx-value=\"left\" data-field-container-value=\"grid\" data-field-topunits-value=\"px\" data-field-leftunits-value=\"px\" data-field-heightunits-value=\"\" data-field-widthunits-value=\"px\" data-animate-style=\"fadeinright\" data-animate-duration=\"0.8\" data-animate-distance=\"100\" data-animate-trigger-offset=\"50\" data-animate-mobile=\"y\" data-field-top-res-320-value=\"242\" data-field-left-res-320-value=\"70\" data-field-width-res-320-value=\"240\" data-animate-distance-res-320=\"70\" data-animate-trigger-offset-res-320=\"20\" data-field-top-res-480-value=\"254\" data-field-left-res-480-value=\"90\" data-field-width-res-480-value=\"319\" data-field-top-res-640-value=\"171\" data-field-left-res-640-value=\"353\" data-field-width-res-640-value=\"256\" data-field-top-res-960-value=\"176\" data-field-left-res-960-value=\"554\" data-fields=\"top,left,width,container,axisx,axisy,widthunits,leftunits,topunits\" data-observer-ready=\"true\">\n<div class=\"tn-atom\"><em>-There is a free transfer from hotels in Fethiye region for the time you want<\/em><\/div>\n<\/div>\n<div class=\"t396__elem tn-elem tn-elem__7492631131708076181427 t-animate t-animate_started\" data-elem-id=\"1708076181427\" data-elem-type=\"text\" data-field-top-value=\"299\" data-field-left-value=\"673\" data-field-width-value=\"323\" data-field-axisy-value=\"top\" data-field-axisx-value=\"left\" data-field-container-value=\"grid\" data-field-topunits-value=\"px\" data-field-leftunits-value=\"px\" data-field-heightunits-value=\"\" data-field-widthunits-value=\"px\" data-animate-style=\"fadeinright\" data-animate-duration=\"0.8\" data-animate-distance=\"100\" data-animate-trigger-offset=\"50\" data-animate-mobile=\"y\" data-field-top-res-320-value=\"308\" data-field-left-res-320-value=\"70\" data-field-width-res-320-value=\"231\" data-animate-distance-res-320=\"70\" data-animate-trigger-offset-res-320=\"20\" data-field-top-res-480-value=\"328\" data-field-left-res-480-value=\"90\" data-field-width-res-480-value=\"301\" data-field-top-res-640-value=\"237\" data-field-left-res-640-value=\"352\" data-field-width-res-640-value=\"266\" data-field-top-res-960-value=\"259\" data-field-left-res-960-value=\"554\" data-fields=\"top,left,width,container,axisx,axisy,widthunits,leftunits,topunits\" data-observer-ready=\"true\">\n<div class=\"tn-atom\"><em>-Just leave a message to make a reservation, we make reservations without prepayment<a href=\"https:\/\/wa.me\/905317785878\">z<\/a><\/em><\/div>\n<\/div>\n<div class=\"t668__col t-col t-col_9 t-prefix_3\">\n<div class=\"t668__accordion t-animate t-animate__chain_first-in-row t-animate_started t-animate__chain_showed\" data-animate-style=\"fadeindown\" data-animate-chain=\"yes\" data-accordion=\"false\" data-scroll-to-expanded=\"false\" data-animate-start-time=\"1734365204674\">\n<div class=\"t668__wrapper\">\n<div class=\"t396__elem tn-elem tn-elem__7492631231708075967579 t-animate t-animate_started\" data-elem-id=\"1708075967579\" data-elem-type=\"text\" data-field-top-value=\"55\" data-field-left-value=\"673\" data-field-width-value=\"392\" data-field-axisy-value=\"top\" data-field-axisx-value=\"left\" data-field-container-value=\"grid\" data-field-topunits-value=\"px\" data-field-leftunits-value=\"px\" data-field-heightunits-value=\"\" data-field-widthunits-value=\"px\" data-animate-style=\"fadeinright\" data-animate-duration=\"0.8\" data-animate-distance=\"100\" data-animate-trigger-offset=\"100\" data-animate-mobile=\"y\" data-field-top-res-320-value=\"117\" data-field-left-res-320-value=\"70\" data-field-width-res-320-value=\"230\" data-animate-distance-res-320=\"70\" data-animate-trigger-offset-res-320=\"20\" data-field-top-res-480-value=\"133\" data-field-left-res-480-value=\"90\" data-field-width-res-480-value=\"378\" data-field-top-res-640-value=\"49\" data-field-left-res-640-value=\"359\" data-field-width-res-640-value=\"259\" data-field-top-res-960-value=\"50\" data-field-left-res-960-value=\"554\" data-field-width-res-960-value=\"378\" data-fields=\"top,left,width,container,axisx,axisy,widthunits,leftunits,topunits\" data-observer-ready=\"true\">\n<div><\/div>\n<div class=\"tn-atom\"><em>-Internationally certified pilots with more than 10 years of experience<\/em><\/div>\n<\/div>\n<div class=\"t396__elem tn-elem tn-elem__7492631231708076043309 t-animate t-animate_started\" data-elem-id=\"1708076043309\" data-elem-type=\"text\" data-field-top-value=\"118\" data-field-left-value=\"673\" data-field-width-value=\"368\" data-field-axisy-value=\"top\" data-field-axisx-value=\"left\" data-field-container-value=\"grid\" data-field-topunits-value=\"px\" data-field-leftunits-value=\"px\" data-field-heightunits-value=\"\" data-field-widthunits-value=\"px\" data-animate-style=\"fadeinright\" data-animate-duration=\"0.8\" data-animate-distance=\"100\" data-animate-trigger-offset=\"100\" data-animate-mobile=\"y\" data-field-top-res-320-value=\"178\" data-field-left-res-320-value=\"70\" data-field-width-res-320-value=\"212\" data-animate-distance-res-320=\"70\" data-animate-trigger-offset-res-320=\"20\" data-field-top-res-480-value=\"186\" data-field-left-res-480-value=\"90\" data-field-top-res-640-value=\"126\" data-field-left-res-640-value=\"360\" data-field-width-res-640-value=\"265\" data-field-left-res-960-value=\"554\" data-fields=\"top,left,width,container,axisx,axisy,widthunits,leftunits,topunits\" data-observer-ready=\"true\">\n<div class=\"tn-atom\"><em>-Quality paragliding equipment<\/em><br \/>\n<em>-All equipment is EN &amp; LTF certified<\/em><\/div>\n<\/div>\n<div class=\"t396__elem tn-elem tn-elem__7492631231708076169227 t-animate t-animate_started\" data-elem-id=\"1708076169227\" data-elem-type=\"text\" data-field-top-value=\"196\" data-field-left-value=\"674\" data-field-width-value=\"234\" data-field-axisy-value=\"top\" data-field-axisx-value=\"left\" data-field-container-value=\"grid\" data-field-topunits-value=\"px\" data-field-leftunits-value=\"px\" data-field-heightunits-value=\"\" data-field-widthunits-value=\"px\" data-animate-style=\"fadeinright\" data-animate-duration=\"0.8\" data-animate-distance=\"100\" data-animate-trigger-offset=\"100\" data-animate-mobile=\"y\" data-field-top-res-320-value=\"245\" data-field-left-res-320-value=\"70\" data-field-width-res-320-value=\"200\" data-animate-distance-res-320=\"70\" data-animate-trigger-offset-res-320=\"20\" data-field-top-res-480-value=\"257\" data-field-left-res-480-value=\"90\" data-field-width-res-480-value=\"319\" data-field-top-res-640-value=\"200\" data-field-left-res-640-value=\"360\" data-field-width-res-640-value=\"265\" data-field-left-res-960-value=\"554\" data-fields=\"top,left,width,container,axisx,axisy,widthunits,leftunits,topunits\" data-observer-ready=\"true\">\n<div class=\"tn-atom\"><em>-Your flights and transfers are insured (included in the flight fare)<\/em><\/div>\n<\/div>\n<div class=\"t396__elem tn-elem tn-elem__7492631231708076181427 t-animate t-animate_started\" data-elem-id=\"1708076181427\" data-elem-type=\"text\" data-field-top-value=\"274\" data-field-left-value=\"673\" data-field-width-value=\"368\" data-field-axisy-value=\"top\" data-field-axisx-value=\"left\" data-field-container-value=\"grid\" data-field-topunits-value=\"px\" data-field-leftunits-value=\"px\" data-field-heightunits-value=\"\" data-field-widthunits-value=\"px\" data-animate-style=\"fadeinright\" data-animate-duration=\"0.8\" data-animate-distance=\"100\" data-animate-trigger-offset=\"100\" data-animate-mobile=\"y\" data-field-top-res-320-value=\"307\" data-field-left-res-320-value=\"70\" data-field-width-res-320-value=\"213\" data-animate-distance-res-320=\"70\" data-animate-trigger-offset-res-320=\"20\" data-field-top-res-480-value=\"328\" data-field-left-res-480-value=\"90\" data-field-width-res-480-value=\"301\" data-field-top-res-640-value=\"270\" data-field-left-res-640-value=\"359\" data-field-width-res-640-value=\"258\" data-field-left-res-960-value=\"554\" data-fields=\"top,left,width,container,axisx,axisy,widthunits,leftunits,topunits\" data-observer-ready=\"true\">\n<div class=\"tn-atom\"><em>-We take off in absolutely favourable weather conditions<\/em><\/div>\n<\/div>\n<h3><\/h3>\n<h3 class=\"t668__header\">Do you have a woman pilot?<\/h3>\n<\/div>\n<\/div>\n<\/div>\n<div class=\"t668__col t-col t-col_9 t-prefix_3\">\n<div class=\"t668__accordion t-animate t-animate__chain_first-in-row t-animate_started t-animate__chain_showed\" data-animate-style=\"fadeindown\" data-animate-chain=\"yes\" data-accordion=\"false\" data-scroll-to-expanded=\"false\" data-animate-start-time=\"1734365204834\">\n<div class=\"t668__wrapper\">\n<div>Yes, you can fly with G\u00fcl\u015fah. Those who want to fly with a female pilot can fly with G\u00fcl\u015fah. G\u00fcl\u015fah, a distinguished member of our team, will give you this unique experience and take your wonderful photos.<\/div>\n<h3><\/h3>\n<h3>Is there an age limit for Tandem Paragliding?<\/h3>\n<div id=\"accordion2_749263120\" class=\"t668__content\">\n<div class=\"t668__textwrapper\">\n<div class=\"t668__text t-descr t-descr_xs\">Age limit is 6 years old. Anyone aged 6 and over can fly. It is sufficient for the children to have the approval of their families and their own request. There is no upper limit for age.<\/div>\n<\/div>\n<\/div>\n<\/div>\n<\/div>\n<\/div>\n<h3><\/h3>\n<h3>Is there a height and weight limit for paragliding?<\/h3>\n<div id=\"accordion3_749263120\" class=\"t668__content\">\n<div class=\"t668__textwrapper\">\n<div class=\"t668__text t-descr t-descr_xs\">The weight limit for paragliding is 100kg. Our fit guests in the range of 100-120kg are accepted for flight by pilot decision. There is no height limit.<\/div>\n<h3><\/h3>\n<h3>When to fly, what is the best time?<\/h3>\n<p>Flying is possible all year round and all day. Early morning is ideal for a steady glide and photo shoot. Midday is better for long flights. Afternoon is preferable for sunset<\/p>\n<h3><\/h3>\n<h3>Are you pick-up from Fethiye Region hotels?<\/h3>\n<p>Yes; We have free shuttle service for Fethiye, Calis, Fethiye Centre, Kayakoy and Ovacik. If you are coming from further away (Kas, Kalkan, Sarigerme, Gocek and Marmaris) we can arrange an extra shuttle service<\/p>\n<\/div>\n<\/div>","protected":false},"excerpt":{"rendered":"<p>1 Person price | Flight duration:  25 - 30 min.<\/p>","protected":false},"featured_media":809,"comment_status":"open","ping_status":"closed","template":"","meta":{"_joinchat":[]},"product_brand":[],"product_cat":[20],"product_tag":[],"mwb_booking_cost":[],"mwb_booking_service":[],"class_list":{"0":"post-798","1":"product","2":"type-product","3":"status-publish","4":"has-post-thumbnail","6":"product_cat-tours","7":"one-fourth","9":"first","10":"instock","11":"sale","12":"featured","13":"purchasable","14":"product-type-simple"},"yoast_head":"<!-- This site is optimized with the Yoast SEO plugin v26.6 - https:\/\/yoast.com\/wordpress\/plugins\/seo\/ -->\n<title>Paragliding (\u00d6l\u00fcdeniz) - All In One Turkey<\/title>\n<meta name=\"robots\" content=\"index, follow, max-snippet:-1, max-image-preview:large, max-video-preview:-1\" \/>\n<link rel=\"canonical\" href=\"https:\/\/allinoneturkey.com\/en\/product\/paragliding-oludeniz\/\" \/>\n<meta property=\"og:locale\" content=\"en_GB\" \/>\n<meta property=\"og:type\" content=\"article\" \/>\n<meta property=\"og:title\" content=\"Paragliding (\u00d6l\u00fcdeniz) - All In One Turkey\" \/>\n<meta property=\"og:description\" content=\"1 Ki\u015fi fiyat\u0131\u00a0 \u00a0|\u00a0 \u00a0U\u00e7u\u015f s\u00fcresi:\u00a0 25 - 30 min.\" \/>\n<meta property=\"og:url\" content=\"https:\/\/allinoneturkey.com\/en\/product\/paragliding-oludeniz\/\" \/>\n<meta property=\"og:site_name\" content=\"All In One Turkey\" \/>\n<meta property=\"article:modified_time\" content=\"2024-12-19T22:25:22+00:00\" \/>\n<meta property=\"og:image\" content=\"https:\/\/allinoneturkey.com\/wp-content\/uploads\/2024\/12\/paraglide3.jpg\" \/>\n\t<meta property=\"og:image:width\" content=\"1500\" \/>\n\t<meta property=\"og:image:height\" content=\"1300\" \/>\n\t<meta property=\"og:image:type\" content=\"image\/jpeg\" \/>\n<meta name=\"twitter:card\" content=\"summary_large_image\" \/>\n<meta name=\"twitter:label1\" content=\"Estimated reading time\" \/>\n\t<meta name=\"twitter:data1\" content=\"2 minutes\" \/>\n<script type=\"application\/ld+json\" class=\"yoast-schema-graph\">{\"@context\":\"https:\/\/schema.org\",\"@graph\":[{\"@type\":\"WebPage\",\"@id\":\"https:\/\/allinoneturkey.com\/urun\/paragliding-oludeniz\/\",\"url\":\"https:\/\/allinoneturkey.com\/urun\/paragliding-oludeniz\/\",\"name\":\"Paragliding (\u00d6l\u00fcdeniz) - All In One Turkey\",\"isPartOf\":{\"@id\":\"https:\/\/allinoneturkey.com\/#website\"},\"primaryImageOfPage\":{\"@id\":\"https:\/\/allinoneturkey.com\/urun\/paragliding-oludeniz\/#primaryimage\"},\"image\":{\"@id\":\"https:\/\/allinoneturkey.com\/urun\/paragliding-oludeniz\/#primaryimage\"},\"thumbnailUrl\":\"https:\/\/allinoneturkey.com\/wp-content\/uploads\/2024\/12\/paraglide3.jpg\",\"datePublished\":\"2024-12-16T15:47:53+00:00\",\"dateModified\":\"2024-12-19T22:25:22+00:00\",\"breadcrumb\":{\"@id\":\"https:\/\/allinoneturkey.com\/urun\/paragliding-oludeniz\/#breadcrumb\"},\"inLanguage\":\"en-GB\",\"potentialAction\":[{\"@type\":\"ReadAction\",\"target\":[\"https:\/\/allinoneturkey.com\/urun\/paragliding-oludeniz\/\"]}]},{\"@type\":\"ImageObject\",\"inLanguage\":\"en-GB\",\"@id\":\"https:\/\/allinoneturkey.com\/urun\/paragliding-oludeniz\/#primaryimage\",\"url\":\"https:\/\/allinoneturkey.com\/wp-content\/uploads\/2024\/12\/paraglide3.jpg\",\"contentUrl\":\"https:\/\/allinoneturkey.com\/wp-content\/uploads\/2024\/12\/paraglide3.jpg\",\"width\":1500,\"height\":1300},{\"@type\":\"BreadcrumbList\",\"@id\":\"https:\/\/allinoneturkey.com\/urun\/paragliding-oludeniz\/#breadcrumb\",\"itemListElement\":[{\"@type\":\"ListItem\",\"position\":1,\"name\":\"Anasayfa\",\"item\":\"https:\/\/allinoneturkey.com\/\"},{\"@type\":\"ListItem\",\"position\":2,\"name\":\"Ma\u011faza\",\"item\":\"https:\/\/allinoneturkey.com\/magaza\/\"},{\"@type\":\"ListItem\",\"position\":3,\"name\":\"Paragliding (\u00d6l\u00fcdeniz)\"}]},{\"@type\":\"WebSite\",\"@id\":\"https:\/\/allinoneturkey.com\/#website\",\"url\":\"https:\/\/allinoneturkey.com\/\",\"name\":\"All In One Turkey\",\"description\":\"Everything For Travel\",\"publisher\":{\"@id\":\"https:\/\/allinoneturkey.com\/#organization\"},\"potentialAction\":[{\"@type\":\"SearchAction\",\"target\":{\"@type\":\"EntryPoint\",\"urlTemplate\":\"https:\/\/allinoneturkey.com\/?s={search_term_string}\"},\"query-input\":{\"@type\":\"PropertyValueSpecification\",\"valueRequired\":true,\"valueName\":\"search_term_string\"}}],\"inLanguage\":\"en-GB\"},{\"@type\":\"Organization\",\"@id\":\"https:\/\/allinoneturkey.com\/#organization\",\"name\":\"All In One Turkey\",\"url\":\"https:\/\/allinoneturkey.com\/\",\"logo\":{\"@type\":\"ImageObject\",\"inLanguage\":\"en-GB\",\"@id\":\"https:\/\/allinoneturkey.com\/#\/schema\/logo\/image\/\",\"url\":\"https:\/\/allinoneturkey.com\/wp-content\/uploads\/2023\/11\/cropped-buyuklogo.png\",\"contentUrl\":\"https:\/\/allinoneturkey.com\/wp-content\/uploads\/2023\/11\/cropped-buyuklogo.png\",\"width\":630,\"height\":165,\"caption\":\"All In One Turkey\"},\"image\":{\"@id\":\"https:\/\/allinoneturkey.com\/#\/schema\/logo\/image\/\"}}]}<\/script>\n<!-- \/ Yoast SEO plugin. -->","yoast_head_json":{"title":"Paragliding (\u00d6l\u00fcdeniz) - All In One Turkey","robots":{"index":"index","follow":"follow","max-snippet":"max-snippet:-1","max-image-preview":"max-image-preview:large","max-video-preview":"max-video-preview:-1"},"canonical":"https:\/\/allinoneturkey.com\/en\/product\/paragliding-oludeniz\/","og_locale":"en_GB","og_type":"article","og_title":"Paragliding (\u00d6l\u00fcdeniz) - All In One Turkey","og_description":"1 Ki\u015fi fiyat\u0131\u00a0 \u00a0|\u00a0 \u00a0U\u00e7u\u015f s\u00fcresi:\u00a0 25 - 30 min.","og_url":"https:\/\/allinoneturkey.com\/en\/product\/paragliding-oludeniz\/","og_site_name":"All In One Turkey","article_modified_time":"2024-12-19T22:25:22+00:00","og_image":[{"width":1500,"height":1300,"url":"https:\/\/allinoneturkey.com\/wp-content\/uploads\/2024\/12\/paraglide3.jpg","type":"image\/jpeg"}],"twitter_card":"summary_large_image","twitter_misc":{"Estimated reading time":"2 minutes"},"schema":{"@context":"https:\/\/schema.org","@graph":[{"@type":"WebPage","@id":"https:\/\/allinoneturkey.com\/urun\/paragliding-oludeniz\/","url":"https:\/\/allinoneturkey.com\/urun\/paragliding-oludeniz\/","name":"Paragliding (\u00d6l\u00fcdeniz) - All In One Turkey","isPartOf":{"@id":"https:\/\/allinoneturkey.com\/#website"},"primaryImageOfPage":{"@id":"https:\/\/allinoneturkey.com\/urun\/paragliding-oludeniz\/#primaryimage"},"image":{"@id":"https:\/\/allinoneturkey.com\/urun\/paragliding-oludeniz\/#primaryimage"},"thumbnailUrl":"https:\/\/allinoneturkey.com\/wp-content\/uploads\/2024\/12\/paraglide3.jpg","datePublished":"2024-12-16T15:47:53+00:00","dateModified":"2024-12-19T22:25:22+00:00","breadcrumb":{"@id":"https:\/\/allinoneturkey.com\/urun\/paragliding-oludeniz\/#breadcrumb"},"inLanguage":"en-GB","potentialAction":[{"@type":"ReadAction","target":["https:\/\/allinoneturkey.com\/urun\/paragliding-oludeniz\/"]}]},{"@type":"ImageObject","inLanguage":"en-GB","@id":"https:\/\/allinoneturkey.com\/urun\/paragliding-oludeniz\/#primaryimage","url":"https:\/\/allinoneturkey.com\/wp-content\/uploads\/2024\/12\/paraglide3.jpg","contentUrl":"https:\/\/allinoneturkey.com\/wp-content\/uploads\/2024\/12\/paraglide3.jpg","width":1500,"height":1300},{"@type":"BreadcrumbList","@id":"https:\/\/allinoneturkey.com\/urun\/paragliding-oludeniz\/#breadcrumb","itemListElement":[{"@type":"ListItem","position":1,"name":"Anasayfa","item":"https:\/\/allinoneturkey.com\/"},{"@type":"ListItem","position":2,"name":"Ma\u011faza","item":"https:\/\/allinoneturkey.com\/magaza\/"},{"@type":"ListItem","position":3,"name":"Paragliding (\u00d6l\u00fcdeniz)"}]},{"@type":"WebSite","@id":"https:\/\/allinoneturkey.com\/#website","url":"https:\/\/allinoneturkey.com\/","name":"All In One Turkey","description":"Everything For Travel","publisher":{"@id":"https:\/\/allinoneturkey.com\/#organization"},"potentialAction":[{"@type":"SearchAction","target":{"@type":"EntryPoint","urlTemplate":"https:\/\/allinoneturkey.com\/?s={search_term_string}"},"query-input":{"@type":"PropertyValueSpecification","valueRequired":true,"valueName":"search_term_string"}}],"inLanguage":"en-GB"},{"@type":"Organization","@id":"https:\/\/allinoneturkey.com\/#organization","name":"All In One Turkey","url":"https:\/\/allinoneturkey.com\/","logo":{"@type":"ImageObject","inLanguage":"en-GB","@id":"https:\/\/allinoneturkey.com\/#\/schema\/logo\/image\/","url":"https:\/\/allinoneturkey.com\/wp-content\/uploads\/2023\/11\/cropped-buyuklogo.png","contentUrl":"https:\/\/allinoneturkey.com\/wp-content\/uploads\/2023\/11\/cropped-buyuklogo.png","width":630,"height":165,"caption":"All In One Turkey"},"image":{"@id":"https:\/\/allinoneturkey.com\/#\/schema\/logo\/image\/"}}]}},"_links":{"self":[{"href":"http:\/\/allinoneturkey.com\/en\/wp-json\/wp\/v2\/product\/798","targetHints":{"allow":["GET"]}}],"collection":[{"href":"http:\/\/allinoneturkey.com\/en\/wp-json\/wp\/v2\/product"}],"about":[{"href":"http:\/\/allinoneturkey.com\/en\/wp-json\/wp\/v2\/types\/product"}],"replies":[{"embeddable":true,"href":"http:\/\/allinoneturkey.com\/en\/wp-json\/wp\/v2\/comments?post=798"}],"version-history":[{"count":1,"href":"http:\/\/allinoneturkey.com\/en\/wp-json\/wp\/v2\/product\/798\/revisions"}],"predecessor-version":[{"id":808,"href":"http:\/\/allinoneturkey.com\/en\/wp-json\/wp\/v2\/product\/798\/revisions\/808"}],"wp:featuredmedia":[{"embeddable":true,"href":"http:\/\/allinoneturkey.com\/en\/wp-json\/wp\/v2\/media\/809"}],"wp:attachment":[{"href":"http:\/\/allinoneturkey.com\/en\/wp-json\/wp\/v2\/media?parent=798"}],"wp:term":[{"taxonomy":"product_brand","embeddable":true,"href":"http:\/\/allinoneturkey.com\/en\/wp-json\/wp\/v2\/product_brand?post=798"},{"taxonomy":"product_cat","embeddable":true,"href":"http:\/\/allinoneturkey.com\/en\/wp-json\/wp\/v2\/product_cat?post=798"},{"taxonomy":"product_tag","embeddable":true,"href":"http:\/\/allinoneturkey.com\/en\/wp-json\/wp\/v2\/product_tag?post=798"},{"taxonomy":"mwb_booking_cost","embeddable":true,"href":"http:\/\/allinoneturkey.com\/en\/wp-json\/wp\/v2\/mwb_booking_cost?post=798"},{"taxonomy":"mwb_booking_service","embeddable":true,"href":"http:\/\/allinoneturkey.com\/en\/wp-json\/wp\/v2\/mwb_booking_service?post=798"}],"curies":[{"name":"wp","href":"https:\/\/api.w.org\/{rel}","templated":true}]}}